{"id":165147,"date":"2025-11-12T04:11:22","date_gmt":"2025-11-12T04:11:22","guid":{"rendered":"https:\/\/promis.ro\/product\/urban-vitamin-stockton-65w-rcs-rtpe-rpet-magnetic-cable\/"},"modified":"2025-11-12T05:25:40","modified_gmt":"2025-11-12T05:25:40","slug":"urban-vitamin-stockton-65w-rcs-rtpe-rpet-magnetic-cable","status":"publish","type":"product","link":"https:\/\/promis.ro\/ro\/produs\/urban-vitamin-stockton-65w-rcs-rtpe-rpet-magnetic-cable\/","title":{"rendered":"Urban Vitamin Stockton 65W RCS RTPE\/RPET magnetic cable"},"content":{"rendered":"<p>Cablul de \u00eenc\u0103rcare magnetic de 120 cm este solu\u021bia suprem\u0103 pentru conectivitate f\u0103r\u0103 cusur \u0219i confort de neegalat! Spune adio cablurilor \u00eencurcate cu Stockton, conceput pentru a revolu\u021biona experien\u021ba ta de \u00eenc\u0103rcare. Designul s\u0103u magnetic simplific\u0103 gestionarea cablurilor, evit\u0103 cablurile \u00eencurcate \u0219i este portabil pentru a-l aduce oriunde. Stockton se potrive\u0219te stilului t\u0103u de via\u021b\u0103 activ, oferind at\u00e2t intr\u0103ri USB Type-C, c\u00e2t \u0219i USB-A, asigur\u00e2nd compatibilitatea cu diverse dispozitive. Cu ie\u0219iri iOS \u0219i Type-C, este suficient de versatil pentru a-\u021bi \u00eenc\u0103rca iPhone-ul, dispozitivul Android sau laptopul! Stockton nu este doar un cablu de \u00eenc\u0103rcare; este solu\u021bia ta pentru transferuri de date f\u0103r\u0103 \u00eentreruperi, sincroniz\u00e2nd fi\u0219iere, fotografii \u0219i muzic\u0103 \u00eentre dispozitive cu vitez\u0103 fulger. Cu o capacitate robust\u0103 de \u00eenc\u0103rcare de 65W, este un schimb\u0103tor de joc pentru dispozitive mobile \u0219i laptopuri deopotriv\u0103. Stockton este fabricat din ABS reciclat certificat RCS (Recycled Claim Standard). Con\u021binut total reciclat: 30% din greutatea total\u0103 a articolului. Produsele Urban Vitamin sunt fabricate f\u0103r\u0103 PVC \u0219i ambalate \u00een ambalaje cu plastic redus.<\/p>","protected":false},"excerpt":{"rendered":"<p>Cablul de \u00eenc\u0103rcare magnetic de 120 cm este solu\u021bia suprem\u0103 pentru conectivitate f\u0103r\u0103 cusur \u0219i confort de neegalat! Spune adio<\/p>","protected":false},"featured_media":165144,"comment_status":"open","ping_status":"closed","template":"","meta":[],"product_brand":[],"product_cat":[170],"product_tag":[],"class_list":{"0":"post-165147","1":"product","2":"type-product","3":"status-publish","4":"has-post-thumbnail","6":"product_cat-tehnologie-si-accesorii","8":"first","9":"instock","10":"shipping-taxable","11":"purchasable","12":"product-type-variable"},"_links":{"self":[{"href":"https:\/\/promis.ro\/ro\/wp-json\/wp\/v2\/product\/165147","targetHints":{"allow":["GET"]}}],"collection":[{"href":"https:\/\/promis.ro\/ro\/wp-json\/wp\/v2\/product"}],"about":[{"href":"https:\/\/promis.ro\/ro\/wp-json\/wp\/v2\/types\/product"}],"replies":[{"embeddable":true,"href":"https:\/\/promis.ro\/ro\/wp-json\/wp\/v2\/comments?post=165147"}],"version-history":[{"count":1,"href":"https:\/\/promis.ro\/ro\/wp-json\/wp\/v2\/product\/165147\/revisions"}],"predecessor-version":[{"id":173309,"href":"https:\/\/promis.ro\/ro\/wp-json\/wp\/v2\/product\/165147\/revisions\/173309"}],"wp:featuredmedia":[{"embeddable":true,"href":"https:\/\/promis.ro\/ro\/wp-json\/wp\/v2\/media\/165144"}],"wp:attachment":[{"href":"https:\/\/promis.ro\/ro\/wp-json\/wp\/v2\/media?parent=165147"}],"wp:term":[{"taxonomy":"product_brand","embeddable":true,"href":"https:\/\/promis.ro\/ro\/wp-json\/wp\/v2\/product_brand?post=165147"},{"taxonomy":"product_cat","embeddable":true,"href":"https:\/\/promis.ro\/ro\/wp-json\/wp\/v2\/product_cat?post=165147"},{"taxonomy":"product_tag","embeddable":true,"href":"https:\/\/promis.ro\/ro\/wp-json\/wp\/v2\/product_tag?post=165147"}],"curies":[{"name":"wp","href":"https:\/\/api.w.org\/{rel}","templated":true}]}}