{"id":165151,"date":"2025-11-12T04:11:26","date_gmt":"2025-11-12T04:11:26","guid":{"rendered":"https:\/\/promis.ro\/product\/urban-vitamin-san-jose-100w-stand-with-retractable-cable\/"},"modified":"2025-11-12T05:25:38","modified_gmt":"2025-11-12T05:25:38","slug":"urban-vitamin-san-jose-100w-stand-with-retractable-cable","status":"publish","type":"product","link":"https:\/\/promis.ro\/ro\/produs\/urban-vitamin-san-jose-100w-stand-with-retractable-cable\/","title":{"rendered":"Urban Vitamin San Jose 100W stand with retractable cable"},"content":{"rendered":"<p>Solutia de \u00eenc\u0103rcare all-in-one suprem\u0103. San Jose este un suport pentru telefon de 100W cu un cablu de \u00eenc\u0103rcare retractabil integrat care ofer\u0103 putere super-rapid\u0103 \u0219i confort. Cu suportul s\u0103u magnetic pentru telefon \u0219i piciorul de sprijin, San Jose \u00ee\u021bi men\u021bine telefonul \u00een siguran\u021b\u0103 \u0219i \u00eenclinat la un unghi perfect pentru utilizare hands-free \u2014 fie c\u0103 vizionezi videoclipuri, efectuezi apeluri video sau folose\u0219ti CarPlay. Cablu retractabil RTPE se extinde p\u00e2n\u0103 la 100cm \u0219i ofer\u0103 \u00eenc\u0103rcare super-rapid\u0103, sus\u021bin\u00e2nd livrarea de putere de p\u00e2n\u0103 la 100W cu cablul USB-C la USB-C. De asemenea, vine cu conectori USB-A la USB-C \u0219i USB-A la iOS, f\u0103c\u00e2ndu-l suficient de versatil pentru a \u00eenc\u0103rca o gam\u0103 larg\u0103 de dispozitive. \u00cen plus, suport\u0103 transferul de date pentru sincronizarea f\u0103r\u0103 probleme a fi\u0219ierelor \u00een timp ce te \u00eencarci. San Jose este fabricat din materiale RABS \u0219i RTPE certificate RCS (Recycled Claim Standard). Con\u021binut total reciclat 59% pe baza greut\u0103\u021bii articolului. Produsele Urban Vitamin sunt fabricate f\u0103r\u0103 PVC \u0219i ambalate \u00een ambalaje cu plastic redus.<\/p>","protected":false},"excerpt":{"rendered":"<p>Solutia de \u00eenc\u0103rcare all-in-one suprem\u0103. San Jose este un suport pentru telefon de 100W cu un cablu de \u00eenc\u0103rcare retractabil<\/p>","protected":false},"featured_media":165148,"comment_status":"open","ping_status":"closed","template":"","meta":[],"product_brand":[],"product_cat":[170],"product_tag":[],"class_list":{"0":"post-165151","1":"product","2":"type-product","3":"status-publish","4":"has-post-thumbnail","6":"product_cat-tehnologie-si-accesorii","8":"first","9":"instock","10":"shipping-taxable","11":"purchasable","12":"product-type-simple"},"_links":{"self":[{"href":"https:\/\/promis.ro\/ro\/wp-json\/wp\/v2\/product\/165151","targetHints":{"allow":["GET"]}}],"collection":[{"href":"https:\/\/promis.ro\/ro\/wp-json\/wp\/v2\/product"}],"about":[{"href":"https:\/\/promis.ro\/ro\/wp-json\/wp\/v2\/types\/product"}],"replies":[{"embeddable":true,"href":"https:\/\/promis.ro\/ro\/wp-json\/wp\/v2\/comments?post=165151"}],"version-history":[{"count":1,"href":"https:\/\/promis.ro\/ro\/wp-json\/wp\/v2\/product\/165151\/revisions"}],"predecessor-version":[{"id":173307,"href":"https:\/\/promis.ro\/ro\/wp-json\/wp\/v2\/product\/165151\/revisions\/173307"}],"wp:featuredmedia":[{"embeddable":true,"href":"https:\/\/promis.ro\/ro\/wp-json\/wp\/v2\/media\/165148"}],"wp:attachment":[{"href":"https:\/\/promis.ro\/ro\/wp-json\/wp\/v2\/media?parent=165151"}],"wp:term":[{"taxonomy":"product_brand","embeddable":true,"href":"https:\/\/promis.ro\/ro\/wp-json\/wp\/v2\/product_brand?post=165151"},{"taxonomy":"product_cat","embeddable":true,"href":"https:\/\/promis.ro\/ro\/wp-json\/wp\/v2\/product_cat?post=165151"},{"taxonomy":"product_tag","embeddable":true,"href":"https:\/\/promis.ro\/ro\/wp-json\/wp\/v2\/product_tag?post=165151"}],"curies":[{"name":"wp","href":"https:\/\/api.w.org\/{rel}","templated":true}]}}