{"id":165155,"date":"2025-11-12T04:11:29","date_gmt":"2025-11-12T04:11:29","guid":{"rendered":"https:\/\/promis.ro\/product\/terra-rcs-recycled-aluminium-retractable-6-in-1-45w-cable\/"},"modified":"2025-11-12T05:25:35","modified_gmt":"2025-11-12T05:25:35","slug":"terra-rcs-recycled-aluminium-retractable-6-in-1-45w-cable","status":"publish","type":"product","link":"https:\/\/promis.ro\/ro\/produs\/terra-rcs-recycled-aluminium-retractable-6-in-1-45w-cable\/","title":{"rendered":"Terra RCS recycled aluminium retractable 6 in 1 45W cable"},"content":{"rendered":"<p>Cablu de \u00eenc\u0103rcare \u0219i date retractabil realizat din aluminiu reciclat certificat RCS (Recycled Claim Standard), TPE reciclat \u0219i PET reciclat. Con\u021binut total reciclat: 68% pe baza greut\u0103\u021bii totale a articolului. Certificarea RCS asigur\u0103 o lan\u021b de aprovizionare complet certificat al materialelor reciclate. Aluminiul nu \u00ee\u0219i pierde caracteristicile \u00een procesul de reciclare \u0219i poate fi reciclat la nesf\u00e2r\u0219it. Cu conector de intrare dual: USB A \u0219i tip C. Ie\u0219ire tripla: Apple Lightning\/Micro \u0219i Tip C, oferind \u00een total 6 op\u021biuni de \u00eenc\u0103rcare. Cu cabluri din PET reciclat \u00eempletite, certificate RCS, cu o lungime de 100 cm c\u00e2nd sunt complet extinse. Ambalat \u00een ambalaje FSC\u00ae mix. Potrivit pentru \u00eenc\u0103rcare, sincronizare \u0219i compatibil cu car play (tip C la tip C doar). Suport\u0103 \u00eenc\u0103rcare rapid\u0103 de p\u00e2n\u0103 la 45W.<\/p>","protected":false},"excerpt":{"rendered":"<p>Cablu de \u00eenc\u0103rcare \u0219i date retractabil realizat din aluminiu reciclat certificat RCS (Recycled Claim Standard), TPE reciclat \u0219i PET reciclat.<\/p>","protected":false},"featured_media":165152,"comment_status":"open","ping_status":"closed","template":"","meta":[],"product_brand":[],"product_cat":[170],"product_tag":[],"class_list":{"0":"post-165155","1":"product","2":"type-product","3":"status-publish","4":"has-post-thumbnail","6":"product_cat-tehnologie-si-accesorii","8":"first","9":"outofstock","10":"shipping-taxable","11":"purchasable","12":"product-type-simple"},"_links":{"self":[{"href":"https:\/\/promis.ro\/ro\/wp-json\/wp\/v2\/product\/165155","targetHints":{"allow":["GET"]}}],"collection":[{"href":"https:\/\/promis.ro\/ro\/wp-json\/wp\/v2\/product"}],"about":[{"href":"https:\/\/promis.ro\/ro\/wp-json\/wp\/v2\/types\/product"}],"replies":[{"embeddable":true,"href":"https:\/\/promis.ro\/ro\/wp-json\/wp\/v2\/comments?post=165155"}],"version-history":[{"count":1,"href":"https:\/\/promis.ro\/ro\/wp-json\/wp\/v2\/product\/165155\/revisions"}],"predecessor-version":[{"id":173301,"href":"https:\/\/promis.ro\/ro\/wp-json\/wp\/v2\/product\/165155\/revisions\/173301"}],"wp:featuredmedia":[{"embeddable":true,"href":"https:\/\/promis.ro\/ro\/wp-json\/wp\/v2\/media\/165152"}],"wp:attachment":[{"href":"https:\/\/promis.ro\/ro\/wp-json\/wp\/v2\/media?parent=165155"}],"wp:term":[{"taxonomy":"product_brand","embeddable":true,"href":"https:\/\/promis.ro\/ro\/wp-json\/wp\/v2\/product_brand?post=165155"},{"taxonomy":"product_cat","embeddable":true,"href":"https:\/\/promis.ro\/ro\/wp-json\/wp\/v2\/product_cat?post=165155"},{"taxonomy":"product_tag","embeddable":true,"href":"https:\/\/promis.ro\/ro\/wp-json\/wp\/v2\/product_tag?post=165155"}],"curies":[{"name":"wp","href":"https:\/\/api.w.org\/{rel}","templated":true}]}}