{"id":165159,"date":"2025-11-12T04:11:32","date_gmt":"2025-11-12T04:11:32","guid":{"rendered":"https:\/\/promis.ro\/product\/terra-recycled-aluminium-4-in-1-60w-fast-charging-cable\/"},"modified":"2025-11-12T05:25:31","modified_gmt":"2025-11-12T05:25:31","slug":"terra-recycled-aluminium-4-in-1-60w-fast-charging-cable","status":"publish","type":"product","link":"https:\/\/promis.ro\/ro\/produs\/terra-recycled-aluminium-4-in-1-60w-fast-charging-cable\/","title":{"rendered":"Terra recycled aluminium 4 in 1 60W fast charging cable"},"content":{"rendered":"<p>Cablu de \u00eenc\u0103rcare rapid\u0103 4 \u00een 1 pentru breloc, fabricat din TPE reciclat RCS, aliaj de aluminiu reciclat \u0219i PET reciclat. Cu intrare USB A \u0219i tip C \u0219i ie\u0219ire IOS \u0219i tip C, este potrivit pentru a \u00eenc\u0103rca multe tipuri de articole. Acest cablu de dimensiuni mici suport\u0103 o \u00eenc\u0103rcare rapid\u0103 de 60W. U\u0219or de ata\u0219at la brelocul t\u0103u cu inelul de breloc inclus. Conectorii au magne\u021bi \u00een interior pentru a-i men\u021bine \u00eempreun\u0103 \u00een timpul transportului. Con\u021binut total reciclat: 60% din greutatea total\u0103 a articolului. Certificarea RCS asigur\u0103 o lan\u021b de aprovizionare complet certificat al materialelor reciclate. Curent maxim suportat 20V\/3A; Ambalat \u00een plic f\u0103r\u0103 plastic. F\u0103r\u0103 PVC.<\/p>","protected":false},"excerpt":{"rendered":"<p>Cablu de \u00eenc\u0103rcare rapid\u0103 4 \u00een 1 pentru breloc, fabricat din TPE reciclat RCS, aliaj de aluminiu reciclat \u0219i PET<\/p>","protected":false},"featured_media":165156,"comment_status":"open","ping_status":"closed","template":"","meta":[],"product_brand":[],"product_cat":[170],"product_tag":[],"class_list":{"0":"post-165159","1":"product","2":"type-product","3":"status-publish","4":"has-post-thumbnail","6":"product_cat-tehnologie-si-accesorii","8":"first","9":"instock","10":"shipping-taxable","11":"purchasable","12":"product-type-simple"},"_links":{"self":[{"href":"https:\/\/promis.ro\/ro\/wp-json\/wp\/v2\/product\/165159","targetHints":{"allow":["GET"]}}],"collection":[{"href":"https:\/\/promis.ro\/ro\/wp-json\/wp\/v2\/product"}],"about":[{"href":"https:\/\/promis.ro\/ro\/wp-json\/wp\/v2\/types\/product"}],"replies":[{"embeddable":true,"href":"https:\/\/promis.ro\/ro\/wp-json\/wp\/v2\/comments?post=165159"}],"version-history":[{"count":1,"href":"https:\/\/promis.ro\/ro\/wp-json\/wp\/v2\/product\/165159\/revisions"}],"predecessor-version":[{"id":173294,"href":"https:\/\/promis.ro\/ro\/wp-json\/wp\/v2\/product\/165159\/revisions\/173294"}],"wp:featuredmedia":[{"embeddable":true,"href":"https:\/\/promis.ro\/ro\/wp-json\/wp\/v2\/media\/165156"}],"wp:attachment":[{"href":"https:\/\/promis.ro\/ro\/wp-json\/wp\/v2\/media?parent=165159"}],"wp:term":[{"taxonomy":"product_brand","embeddable":true,"href":"https:\/\/promis.ro\/ro\/wp-json\/wp\/v2\/product_brand?post=165159"},{"taxonomy":"product_cat","embeddable":true,"href":"https:\/\/promis.ro\/ro\/wp-json\/wp\/v2\/product_cat?post=165159"},{"taxonomy":"product_tag","embeddable":true,"href":"https:\/\/promis.ro\/ro\/wp-json\/wp\/v2\/product_tag?post=165159"}],"curies":[{"name":"wp","href":"https:\/\/api.w.org\/{rel}","templated":true}]}}