{"id":165167,"date":"2025-11-12T04:11:38","date_gmt":"2025-11-12T04:11:38","guid":{"rendered":"https:\/\/promis.ro\/product\/acar-rcs-recycled-plastic-360-degree-car-phone-holder\/"},"modified":"2025-11-12T05:25:31","modified_gmt":"2025-11-12T05:25:31","slug":"acar-rcs-recycled-plastic-360-degree-car-phone-holder","status":"publish","type":"product","link":"https:\/\/promis.ro\/ro\/produs\/acar-rcs-recycled-plastic-360-degree-car-phone-holder\/","title":{"rendered":"Acar RCS recycled plastic 360 degree car phone holder"},"content":{"rendered":"<p>Suport auto universal \u0219i rotativ la 360 de grade, fabricat din ABS reciclat certificat RCS (Recycled Claim Standard). Con\u021binut total reciclat: 37% din greutatea total\u0103 a produsului. Certificarea RCS asigur\u0103 o lan\u021b de aprovizionare complet certificat al materialelor reciclate. Pur \u0219i simplu apas\u0103 produsul pe ventilatorul de aer \u0219i plaseaz\u0103-\u021bi telefonul mobil (de p\u00e2n\u0103 la 6.2\u201d) \u00een suport. Fabricat din ABS reciclat rezistent la c\u0103ldur\u0103 \u0219i silicon puternic pentru a face produsul durabil \u0219i a preveni c\u0103derea acestuia de pe ventilatorul de aer \u00een timpul condusului. Cu un mecanism din o\u021bel inoxidabil \u00een interior pentru a asigura c\u0103 telefonul t\u0103u r\u0103m\u00e2ne \u00een pozi\u021bie.<\/p>","protected":false},"excerpt":{"rendered":"<p>Suport auto universal \u0219i rotativ la 360 de grade, fabricat din ABS reciclat certificat RCS (Recycled Claim Standard). Con\u021binut total<\/p>","protected":false},"featured_media":165164,"comment_status":"open","ping_status":"closed","template":"","meta":[],"product_brand":[],"product_cat":[170],"product_tag":[],"class_list":{"0":"post-165167","1":"product","2":"type-product","3":"status-publish","4":"has-post-thumbnail","6":"product_cat-tehnologie-si-accesorii","8":"first","9":"instock","10":"shipping-taxable","11":"purchasable","12":"product-type-variable"},"_links":{"self":[{"href":"https:\/\/promis.ro\/ro\/wp-json\/wp\/v2\/product\/165167","targetHints":{"allow":["GET"]}}],"collection":[{"href":"https:\/\/promis.ro\/ro\/wp-json\/wp\/v2\/product"}],"about":[{"href":"https:\/\/promis.ro\/ro\/wp-json\/wp\/v2\/types\/product"}],"replies":[{"embeddable":true,"href":"https:\/\/promis.ro\/ro\/wp-json\/wp\/v2\/comments?post=165167"}],"version-history":[{"count":1,"href":"https:\/\/promis.ro\/ro\/wp-json\/wp\/v2\/product\/165167\/revisions"}],"predecessor-version":[{"id":173293,"href":"https:\/\/promis.ro\/ro\/wp-json\/wp\/v2\/product\/165167\/revisions\/173293"}],"wp:featuredmedia":[{"embeddable":true,"href":"https:\/\/promis.ro\/ro\/wp-json\/wp\/v2\/media\/165164"}],"wp:attachment":[{"href":"https:\/\/promis.ro\/ro\/wp-json\/wp\/v2\/media?parent=165167"}],"wp:term":[{"taxonomy":"product_brand","embeddable":true,"href":"https:\/\/promis.ro\/ro\/wp-json\/wp\/v2\/product_brand?post=165167"},{"taxonomy":"product_cat","embeddable":true,"href":"https:\/\/promis.ro\/ro\/wp-json\/wp\/v2\/product_cat?post=165167"},{"taxonomy":"product_tag","embeddable":true,"href":"https:\/\/promis.ro\/ro\/wp-json\/wp\/v2\/product_tag?post=165167"}],"curies":[{"name":"wp","href":"https:\/\/api.w.org\/{rel}","templated":true}]}}