{"id":165171,"date":"2025-11-12T04:11:41","date_gmt":"2025-11-12T04:11:41","guid":{"rendered":"https:\/\/promis.ro\/product\/carryloop-rcs-recycled-pet-adjustable-phone-holder-lanyard\/"},"modified":"2025-11-12T05:25:36","modified_gmt":"2025-11-12T05:25:36","slug":"carryloop-rcs-recycled-pet-adjustable-phone-holder-lanyard","status":"publish","type":"product","link":"https:\/\/promis.ro\/ro\/produs\/carryloop-rcs-recycled-pet-adjustable-phone-holder-lanyard\/","title":{"rendered":"CarryLoop RCS recycled PET adjustable phone holder lanyard"},"content":{"rendered":"<p>Carryloop este un cordon de telefon ajustabil, conceput pentru a fi purtat \u00een jurul g\u00e2tului, permi\u021b\u00e2ndu-\u021bi s\u0103 g\u0103se\u0219ti lungimea perfect\u0103 pentru confort \u0219i comoditate maxim\u0103. Cureaua sa de \u00eenalt\u0103 rezisten\u021b\u0103 dispune de un ajustor glisant u\u0219or de utilizat, astfel \u00eenc\u00e2t s\u0103 po\u021bi adapta potrivirea nevoilor tale\u2014fie c\u0103 e\u0219ti \u00een drum spre munc\u0103, explor\u00e2nd sau pur \u0219i simplu \u00een mi\u0219care. Un inel de conectare \u0219i un c\u00e2rlig proiectate cu precizie men\u021bin dispozitivul t\u0103u \u00een siguran\u021b\u0103 \u0219i protejeaz\u0103 \u00eempotriva c\u0103derilor accidentale, \u00een timp ce construc\u021bia elegant\u0103 din RPET ofer\u0103 un aspect modern \u0219i o performan\u021b\u0103 zilnic\u0103 fiabil\u0103. Fabricat din RPET certificat RCS. RCS (Recycled Claim Standard) este un standard pentru a verifica con\u021binutul reciclat al unui produs pe \u00eentreaga lan\u021b de aprovizionare. Con\u021binut total reciclat: 40% din greutatea total\u0103 a articolului. F\u0103r\u0103 PVC.<\/p>","protected":false},"excerpt":{"rendered":"<p>Carryloop este un cordon de telefon ajustabil, conceput pentru a fi purtat \u00een jurul g\u00e2tului, permi\u021b\u00e2ndu-\u021bi s\u0103 g\u0103se\u0219ti lungimea perfect\u0103<\/p>","protected":false},"featured_media":165168,"comment_status":"open","ping_status":"closed","template":"","meta":[],"product_brand":[],"product_cat":[170],"product_tag":[],"class_list":{"0":"post-165171","1":"product","2":"type-product","3":"status-publish","4":"has-post-thumbnail","6":"product_cat-tehnologie-si-accesorii","8":"first","9":"instock","10":"shipping-taxable","11":"purchasable","12":"product-type-simple"},"_links":{"self":[{"href":"https:\/\/promis.ro\/ro\/wp-json\/wp\/v2\/product\/165171","targetHints":{"allow":["GET"]}}],"collection":[{"href":"https:\/\/promis.ro\/ro\/wp-json\/wp\/v2\/product"}],"about":[{"href":"https:\/\/promis.ro\/ro\/wp-json\/wp\/v2\/types\/product"}],"replies":[{"embeddable":true,"href":"https:\/\/promis.ro\/ro\/wp-json\/wp\/v2\/comments?post=165171"}],"version-history":[{"count":1,"href":"https:\/\/promis.ro\/ro\/wp-json\/wp\/v2\/product\/165171\/revisions"}],"predecessor-version":[{"id":173303,"href":"https:\/\/promis.ro\/ro\/wp-json\/wp\/v2\/product\/165171\/revisions\/173303"}],"wp:featuredmedia":[{"embeddable":true,"href":"https:\/\/promis.ro\/ro\/wp-json\/wp\/v2\/media\/165168"}],"wp:attachment":[{"href":"https:\/\/promis.ro\/ro\/wp-json\/wp\/v2\/media?parent=165171"}],"wp:term":[{"taxonomy":"product_brand","embeddable":true,"href":"https:\/\/promis.ro\/ro\/wp-json\/wp\/v2\/product_brand?post=165171"},{"taxonomy":"product_cat","embeddable":true,"href":"https:\/\/promis.ro\/ro\/wp-json\/wp\/v2\/product_cat?post=165171"},{"taxonomy":"product_tag","embeddable":true,"href":"https:\/\/promis.ro\/ro\/wp-json\/wp\/v2\/product_tag?post=165171"}],"curies":[{"name":"wp","href":"https:\/\/api.w.org\/{rel}","templated":true}]}}