{"id":165175,"date":"2025-11-12T04:11:44","date_gmt":"2025-11-12T04:11:44","guid":{"rendered":"https:\/\/promis.ro\/product\/carryloop-rcs-recycled-pet-adjustable-phone-holder-wristlet\/"},"modified":"2025-11-12T05:25:36","modified_gmt":"2025-11-12T05:25:36","slug":"carryloop-rcs-recycled-pet-adjustable-phone-holder-wristlet","status":"publish","type":"product","link":"https:\/\/promis.ro\/ro\/produs\/carryloop-rcs-recycled-pet-adjustable-phone-holder-wristlet\/","title":{"rendered":"CarryLoop RCS recycled PET adjustable phone holder wristlet"},"content":{"rendered":"<p>Carryloop aduce aceea\u0219i convenien\u021b\u0103 ajustabil\u0103 la \u00eencheietura m\u00e2inii tale. Reglajul s\u0103u glisant \u00ee\u021bi permite s\u0103 setezi dimensiunea perfect\u0103 a buclei, asigur\u00e2nd o potrivire str\u00e2ns\u0103 \u0219i confortabil\u0103 care \u00ee\u021bi men\u021bine telefonul \u00een siguran\u021b\u0103 \u00een timpul antrenamentelor, treburilor sau c\u0103l\u0103toriilor rapide. Lanyardul robust din RPET, \u00eempreun\u0103 cu un inel de conectare \u0219i un c\u00e2rlig de precizie, previne c\u0103derile f\u0103r\u0103 a sacrifica stilul sau durabilitatea\u2014\u0219i \u00ee\u021bi elibereaz\u0103 m\u00e2inile oriunde ai merge. Fabricat din RPET certificat RCS. RCS (Recycled Claim Standard) este un standard pentru a verifica con\u021binutul reciclat al unui produs pe \u00eentreaga lan\u021b de aprovizionare. Con\u021binut total reciclat: 19% pe baza greut\u0103\u021bii totale a articolului. F\u0103r\u0103 PVC.<\/p>","protected":false},"excerpt":{"rendered":"<p>Carryloop aduce aceea\u0219i convenien\u021b\u0103 ajustabil\u0103 la \u00eencheietura m\u00e2inii tale. Reglajul s\u0103u glisant \u00ee\u021bi permite s\u0103 setezi dimensiunea perfect\u0103 a buclei,<\/p>","protected":false},"featured_media":165172,"comment_status":"open","ping_status":"closed","template":"","meta":[],"product_brand":[],"product_cat":[170],"product_tag":[],"class_list":{"0":"post-165175","1":"product","2":"type-product","3":"status-publish","4":"has-post-thumbnail","6":"product_cat-tehnologie-si-accesorii","8":"first","9":"instock","10":"shipping-taxable","11":"purchasable","12":"product-type-simple"},"_links":{"self":[{"href":"https:\/\/promis.ro\/ro\/wp-json\/wp\/v2\/product\/165175","targetHints":{"allow":["GET"]}}],"collection":[{"href":"https:\/\/promis.ro\/ro\/wp-json\/wp\/v2\/product"}],"about":[{"href":"https:\/\/promis.ro\/ro\/wp-json\/wp\/v2\/types\/product"}],"replies":[{"embeddable":true,"href":"https:\/\/promis.ro\/ro\/wp-json\/wp\/v2\/comments?post=165175"}],"version-history":[{"count":1,"href":"https:\/\/promis.ro\/ro\/wp-json\/wp\/v2\/product\/165175\/revisions"}],"predecessor-version":[{"id":173302,"href":"https:\/\/promis.ro\/ro\/wp-json\/wp\/v2\/product\/165175\/revisions\/173302"}],"wp:featuredmedia":[{"embeddable":true,"href":"https:\/\/promis.ro\/ro\/wp-json\/wp\/v2\/media\/165172"}],"wp:attachment":[{"href":"https:\/\/promis.ro\/ro\/wp-json\/wp\/v2\/media?parent=165175"}],"wp:term":[{"taxonomy":"product_brand","embeddable":true,"href":"https:\/\/promis.ro\/ro\/wp-json\/wp\/v2\/product_brand?post=165175"},{"taxonomy":"product_cat","embeddable":true,"href":"https:\/\/promis.ro\/ro\/wp-json\/wp\/v2\/product_cat?post=165175"},{"taxonomy":"product_tag","embeddable":true,"href":"https:\/\/promis.ro\/ro\/wp-json\/wp\/v2\/product_tag?post=165175"}],"curies":[{"name":"wp","href":"https:\/\/api.w.org\/{rel}","templated":true}]}}