{"id":165179,"date":"2025-11-12T04:11:47","date_gmt":"2025-11-12T04:11:47","guid":{"rendered":"https:\/\/promis.ro\/product\/ohio-rcs-certified-recycled-plastic-6-in-1-cable\/"},"modified":"2025-11-12T05:25:37","modified_gmt":"2025-11-12T05:25:37","slug":"ohio-rcs-certified-recycled-plastic-6-in-1-cable","status":"publish","type":"product","link":"https:\/\/promis.ro\/ro\/produs\/ohio-rcs-certified-recycled-plastic-6-in-1-cable\/","title":{"rendered":"Ohio RCS certified recycled plastic 6-in-1 cable"},"content":{"rendered":"<p>Cablu de lux de 120 cm lungime, fabricat din materiale reciclate certificate. Vine cu 4 conectori diferi\u021bi: USB C \u00een, USB A \u00een, tip C ie\u0219ire, IOS ie\u0219ire \u0219i micro USB ie\u0219ire. Acest lucru v\u0103 permite, de asemenea, s\u0103 utiliza\u021bi cablul cu dispozitive cu ie\u0219ire tip C, care sunt incluse \u00een noua genera\u021bie de telefoane \u0219i computere MacBook. Cablu are, de asemenea, o op\u021biune de intrare ie\u0219ire USB A, astfel \u00eenc\u00e2t s\u0103 poat\u0103 \u00eenc\u0103rca orice dispozitiv din orice surs\u0103 de ie\u0219ire. Carcasa \u0219i conectorii sunt fabricate din lemn de cire\u0219 FSC\u00ae \u0219i cabluri din poliester reciclat certificat RCS (material exterior) \u0219i TPE reciclat certificat RCS (material interior). Con\u021binut total reciclat: 46% pe baza greut\u0103\u021bii totale a articolului. Lungime maxim\u0103 cablu: 120 cm. Ambalat \u00een ambalaj din h\u00e2rtie kraft FSC\u00ae mixt. F\u0103r\u0103 PVC. Potrivit pentru \u00eenc\u0103rcare \u0219i sincronizare (C la C doar). Curent maxim suportat 5V\/2A.<\/p>","protected":false},"excerpt":{"rendered":"<p>Cablu de lux de 120 cm lungime, fabricat din materiale reciclate certificate. Vine cu 4 conectori diferi\u021bi: USB C \u00een,<\/p>","protected":false},"featured_media":165176,"comment_status":"open","ping_status":"closed","template":"","meta":[],"product_brand":[],"product_cat":[170],"product_tag":[],"class_list":{"0":"post-165179","1":"product","2":"type-product","3":"status-publish","4":"has-post-thumbnail","6":"product_cat-tehnologie-si-accesorii","8":"first","9":"instock","10":"shipping-taxable","11":"purchasable","12":"product-type-simple"},"_links":{"self":[{"href":"https:\/\/promis.ro\/ro\/wp-json\/wp\/v2\/product\/165179","targetHints":{"allow":["GET"]}}],"collection":[{"href":"https:\/\/promis.ro\/ro\/wp-json\/wp\/v2\/product"}],"about":[{"href":"https:\/\/promis.ro\/ro\/wp-json\/wp\/v2\/types\/product"}],"replies":[{"embeddable":true,"href":"https:\/\/promis.ro\/ro\/wp-json\/wp\/v2\/comments?post=165179"}],"version-history":[{"count":1,"href":"https:\/\/promis.ro\/ro\/wp-json\/wp\/v2\/product\/165179\/revisions"}],"predecessor-version":[{"id":173305,"href":"https:\/\/promis.ro\/ro\/wp-json\/wp\/v2\/product\/165179\/revisions\/173305"}],"wp:featuredmedia":[{"embeddable":true,"href":"https:\/\/promis.ro\/ro\/wp-json\/wp\/v2\/media\/165176"}],"wp:attachment":[{"href":"https:\/\/promis.ro\/ro\/wp-json\/wp\/v2\/media?parent=165179"}],"wp:term":[{"taxonomy":"product_brand","embeddable":true,"href":"https:\/\/promis.ro\/ro\/wp-json\/wp\/v2\/product_brand?post=165179"},{"taxonomy":"product_cat","embeddable":true,"href":"https:\/\/promis.ro\/ro\/wp-json\/wp\/v2\/product_cat?post=165179"},{"taxonomy":"product_tag","embeddable":true,"href":"https:\/\/promis.ro\/ro\/wp-json\/wp\/v2\/product_tag?post=165179"}],"curies":[{"name":"wp","href":"https:\/\/api.w.org\/{rel}","templated":true}]}}