{"id":165415,"date":"2025-11-12T04:15:03","date_gmt":"2025-11-12T04:15:03","guid":{"rendered":"https:\/\/promis.ro\/product\/5-000-mah-pocket-powerbank-with-integrated-cables\/"},"modified":"2025-11-12T05:26:05","modified_gmt":"2025-11-12T05:26:05","slug":"5-000-mah-pocket-powerbank-with-integrated-cables","status":"publish","type":"product","link":"https:\/\/promis.ro\/ro\/produs\/5-000-mah-pocket-powerbank-with-integrated-cables\/","title":{"rendered":"5.000 mAh Pocket Powerbank with integrated cables"},"content":{"rendered":"<p>Powerbank compact \u0219i plat de 5.000 mAh, fabricat din ABS, care este u\u0219or de luat cu tine oriunde mergi. Cu cele 3 \u00een 1 cabluri integrate TPE, powerbank-ul este compatibil cu toate dispozitivele mobile de pe pia\u021b\u0103 \u0219i este gata de utilizare. C\u00e2nd este complet \u00eenc\u0103rcat, \u00ee\u021bi va oferi suficient\u0103 energie pentru a-\u021bi re\u00eenc\u0103rca telefonul mobil de p\u00e2n\u0103 la dou\u0103 ori. Powerbank-ul con\u021bine o baterie de litiu polimer de \u00eenalt\u0103 densitate, de grad A, de 5000 mAh. Indicatorii de putere vor indica nivelul de energie r\u0103mas, astfel \u00eenc\u00e2t s\u0103 \u0219tii \u00eentotdeauna c\u00e2nd s\u0103 re\u00eencarci. Intrare: 5V\/2A Ie\u0219ire: 5V\/2A.<\/p>","protected":false},"excerpt":{"rendered":"<p>Powerbank compact \u0219i plat de 5.000 mAh, fabricat din ABS, care este u\u0219or de luat cu tine oriunde mergi. Cu<\/p>","protected":false},"featured_media":165412,"comment_status":"open","ping_status":"closed","template":"","meta":[],"product_brand":[],"product_cat":[170],"product_tag":[],"class_list":{"0":"post-165415","1":"product","2":"type-product","3":"status-publish","4":"has-post-thumbnail","6":"product_cat-tehnologie-si-accesorii","8":"first","9":"instock","10":"shipping-taxable","11":"purchasable","12":"product-type-variable"},"_links":{"self":[{"href":"https:\/\/promis.ro\/ro\/wp-json\/wp\/v2\/product\/165415","targetHints":{"allow":["GET"]}}],"collection":[{"href":"https:\/\/promis.ro\/ro\/wp-json\/wp\/v2\/product"}],"about":[{"href":"https:\/\/promis.ro\/ro\/wp-json\/wp\/v2\/types\/product"}],"replies":[{"embeddable":true,"href":"https:\/\/promis.ro\/ro\/wp-json\/wp\/v2\/comments?post=165415"}],"version-history":[{"count":1,"href":"https:\/\/promis.ro\/ro\/wp-json\/wp\/v2\/product\/165415\/revisions"}],"predecessor-version":[{"id":173358,"href":"https:\/\/promis.ro\/ro\/wp-json\/wp\/v2\/product\/165415\/revisions\/173358"}],"wp:featuredmedia":[{"embeddable":true,"href":"https:\/\/promis.ro\/ro\/wp-json\/wp\/v2\/media\/165412"}],"wp:attachment":[{"href":"https:\/\/promis.ro\/ro\/wp-json\/wp\/v2\/media?parent=165415"}],"wp:term":[{"taxonomy":"product_brand","embeddable":true,"href":"https:\/\/promis.ro\/ro\/wp-json\/wp\/v2\/product_brand?post=165415"},{"taxonomy":"product_cat","embeddable":true,"href":"https:\/\/promis.ro\/ro\/wp-json\/wp\/v2\/product_cat?post=165415"},{"taxonomy":"product_tag","embeddable":true,"href":"https:\/\/promis.ro\/ro\/wp-json\/wp\/v2\/product_tag?post=165415"}],"curies":[{"name":"wp","href":"https:\/\/api.w.org\/{rel}","templated":true}]}}