{"id":165419,"date":"2025-11-12T04:15:06","date_gmt":"2025-11-12T04:15:06","guid":{"rendered":"https:\/\/promis.ro\/product\/10-000-mah-fast-charging-10w-wireless-powerbank-with-pd\/"},"modified":"2025-11-12T05:26:17","modified_gmt":"2025-11-12T05:26:17","slug":"10-000-mah-fast-charging-10w-wireless-powerbank-with-pd","status":"publish","type":"product","link":"https:\/\/promis.ro\/ro\/produs\/10-000-mah-fast-charging-10w-wireless-powerbank-with-pd\/","title":{"rendered":"10.000 mAh Fast Charging 10W Wireless Powerbank with PD"},"content":{"rendered":"<p>Powerbank durabil de 10.000 mAh fabricat din ABS. Suport\u0103 \u00eenc\u0103rcare rapid\u0103 wireless de 10W \u0219i vine cu un port USB pentru a permite de asemenea \u00eenc\u0103rcarea prin cablu \u0219i o ie\u0219ire ultra-rapid\u0103 PD tip C pentru a \u00eenc\u0103rca chiar \u0219i dispozitive mai mari (p\u00e2n\u0103 la 18W). C\u00e2nd este complet \u00eenc\u0103rcat, v\u0103 va oferi suficient\u0103 energie pentru a re\u00eenc\u0103rca telefonul mobil de p\u00e2n\u0103 la cinci ori. Caracteristica unic\u0103 a acestui powerbank este c\u0103 suport\u0103 \u00eenc\u0103rcarea rapid\u0103 a intr\u0103rii pentru a re\u00eenc\u0103rca powerbank-ul de dou\u0103 ori mai repede dec\u00e2t majoritatea powerbank-urilor de pe pia\u021b\u0103. Powerbank-ul con\u021bine o baterie de litiu polimer de \u00eenalt\u0103 densitate de grad A de 10.000 mAh, de lung\u0103 durat\u0103. Indicatorii de putere vor indica nivelul de energie r\u0103mas, astfel \u00eenc\u00e2t s\u0103 \u0219ti\u021bi \u00eentotdeauna c\u00e2nd s\u0103 re\u00eenc\u0103rca\u021bi. Intrare Micro USB 5V\/2A; Intrare rapid\u0103 Micro USB 9V\/2A; Intrare Tip-C 5V\/2A; Intrare rapid\u0103 Tip-C 9V\/2A; Ie\u0219ire Tip-C 5V\/3A, 9V\/2A, 12V\/1.5A 18W max (PD 3.0); Ie\u0219ire USB-A: 5V\/3A, 9V\/2A, 12V\/1.5A 18W max (PD 3.0) Inclusiv cablu tip C f\u0103r\u0103 PVC.<\/p>","protected":false},"excerpt":{"rendered":"<p>Powerbank durabil de 10.000 mAh fabricat din ABS. Suport\u0103 \u00eenc\u0103rcare rapid\u0103 wireless de 10W \u0219i vine cu un port USB<\/p>","protected":false},"featured_media":165416,"comment_status":"open","ping_status":"closed","template":"","meta":[],"product_brand":[],"product_cat":[170],"product_tag":[],"class_list":{"0":"post-165419","1":"product","2":"type-product","3":"status-publish","4":"has-post-thumbnail","6":"product_cat-tehnologie-si-accesorii","8":"first","9":"outofstock","10":"shipping-taxable","11":"purchasable","12":"product-type-simple"},"_links":{"self":[{"href":"https:\/\/promis.ro\/ro\/wp-json\/wp\/v2\/product\/165419","targetHints":{"allow":["GET"]}}],"collection":[{"href":"https:\/\/promis.ro\/ro\/wp-json\/wp\/v2\/product"}],"about":[{"href":"https:\/\/promis.ro\/ro\/wp-json\/wp\/v2\/types\/product"}],"replies":[{"embeddable":true,"href":"https:\/\/promis.ro\/ro\/wp-json\/wp\/v2\/comments?post=165419"}],"version-history":[{"count":1,"href":"https:\/\/promis.ro\/ro\/wp-json\/wp\/v2\/product\/165419\/revisions"}],"predecessor-version":[{"id":173381,"href":"https:\/\/promis.ro\/ro\/wp-json\/wp\/v2\/product\/165419\/revisions\/173381"}],"wp:featuredmedia":[{"embeddable":true,"href":"https:\/\/promis.ro\/ro\/wp-json\/wp\/v2\/media\/165416"}],"wp:attachment":[{"href":"https:\/\/promis.ro\/ro\/wp-json\/wp\/v2\/media?parent=165419"}],"wp:term":[{"taxonomy":"product_brand","embeddable":true,"href":"https:\/\/promis.ro\/ro\/wp-json\/wp\/v2\/product_brand?post=165419"},{"taxonomy":"product_cat","embeddable":true,"href":"https:\/\/promis.ro\/ro\/wp-json\/wp\/v2\/product_cat?post=165419"},{"taxonomy":"product_tag","embeddable":true,"href":"https:\/\/promis.ro\/ro\/wp-json\/wp\/v2\/product_tag?post=165419"}],"curies":[{"name":"wp","href":"https:\/\/api.w.org\/{rel}","templated":true}]}}