{"id":165427,"date":"2025-11-12T04:15:13","date_gmt":"2025-11-12T04:15:13","guid":{"rendered":"https:\/\/promis.ro\/product\/bamboo-5-000-mah-powerbank\/"},"modified":"2025-11-12T05:26:07","modified_gmt":"2025-11-12T05:26:07","slug":"bamboo-5-000-mah-powerbank","status":"publish","type":"product","link":"https:\/\/promis.ro\/ro\/produs\/bamboo-5-000-mah-powerbank\/","title":{"rendered":"Bamboo 5.000 mAh powerbank"},"content":{"rendered":"<p>5000 mah powerbank cu carcas\u0103 fabricat\u0103 din bambus 100% certificat FSC\u00ae; Articolul \u0219i accesoriile sunt 100% f\u0103r\u0103 PVC. Ambalat \u00een ambalaj FSC mix. Powerbank-ul con\u021bine o baterie litiu-polimer de grad A de 5000 mAh, de lung\u0103 durat\u0103. Indicatorii de putere vor indica nivelul de energie r\u0103mas, astfel \u00eenc\u00e2t s\u0103 \u0219tii \u00eentotdeauna c\u00e2nd s\u0103 re\u00eencarci. Intrare micro \u0219i Type-C, DC5V\/2A; Ie\u0219ire USB-A DC5V\/2A; Inclus cablu de \u00eenc\u0103rcare din material TPE reciclat, f\u0103r\u0103 PVC. Ambalat \u00een ambalaj FSC\u00ae mix.<\/p>","protected":false},"excerpt":{"rendered":"<p>5000 mah powerbank cu carcas\u0103 fabricat\u0103 din bambus 100% certificat FSC\u00ae; Articolul \u0219i accesoriile sunt 100% f\u0103r\u0103 PVC. Ambalat \u00een<\/p>","protected":false},"featured_media":165424,"comment_status":"open","ping_status":"closed","template":"","meta":[],"product_brand":[],"product_cat":[170],"product_tag":[],"class_list":{"0":"post-165427","1":"product","2":"type-product","3":"status-publish","4":"has-post-thumbnail","6":"product_cat-tehnologie-si-accesorii","8":"first","9":"instock","10":"shipping-taxable","11":"purchasable","12":"product-type-simple"},"_links":{"self":[{"href":"https:\/\/promis.ro\/ro\/wp-json\/wp\/v2\/product\/165427","targetHints":{"allow":["GET"]}}],"collection":[{"href":"https:\/\/promis.ro\/ro\/wp-json\/wp\/v2\/product"}],"about":[{"href":"https:\/\/promis.ro\/ro\/wp-json\/wp\/v2\/types\/product"}],"replies":[{"embeddable":true,"href":"https:\/\/promis.ro\/ro\/wp-json\/wp\/v2\/comments?post=165427"}],"version-history":[{"count":1,"href":"https:\/\/promis.ro\/ro\/wp-json\/wp\/v2\/product\/165427\/revisions"}],"predecessor-version":[{"id":173362,"href":"https:\/\/promis.ro\/ro\/wp-json\/wp\/v2\/product\/165427\/revisions\/173362"}],"wp:featuredmedia":[{"embeddable":true,"href":"https:\/\/promis.ro\/ro\/wp-json\/wp\/v2\/media\/165424"}],"wp:attachment":[{"href":"https:\/\/promis.ro\/ro\/wp-json\/wp\/v2\/media?parent=165427"}],"wp:term":[{"taxonomy":"product_brand","embeddable":true,"href":"https:\/\/promis.ro\/ro\/wp-json\/wp\/v2\/product_brand?post=165427"},{"taxonomy":"product_cat","embeddable":true,"href":"https:\/\/promis.ro\/ro\/wp-json\/wp\/v2\/product_cat?post=165427"},{"taxonomy":"product_tag","embeddable":true,"href":"https:\/\/promis.ro\/ro\/wp-json\/wp\/v2\/product_tag?post=165427"}],"curies":[{"name":"wp","href":"https:\/\/api.w.org\/{rel}","templated":true}]}}