{"id":165431,"date":"2025-11-12T04:15:16","date_gmt":"2025-11-12T04:15:16","guid":{"rendered":"https:\/\/promis.ro\/product\/magnetic-5-000-mah-5w-wireless-powerbank\/"},"modified":"2025-11-12T05:26:11","modified_gmt":"2025-11-12T05:26:11","slug":"magnetic-5-000-mah-5w-wireless-powerbank","status":"publish","type":"product","link":"https:\/\/promis.ro\/ro\/produs\/magnetic-5-000-mah-5w-wireless-powerbank\/","title":{"rendered":"Magnetic 5.000 mAh 5W wireless powerbank"},"content":{"rendered":"<p>Snap pe acest powerbank magnetic de \u00eenc\u0103rcare wireless pe spatele iPhone-ului t\u0103u 12 pentru a-\u021bi \u00eenc\u0103rca dispozitivul. Magne\u021bii sunt perfect alinia\u021bi pentru a asigura \u00eentotdeauna pozi\u021bia corect\u0103 de \u00eenc\u0103rcare pe telefonul t\u0103u. \u00cenc\u0103rc\u0103torul wireless de 5W este compatibil cu toate dispozitivele QI (iPhone 8 \u0219i mai recent \u0219i dispozitive Android), a\u0219a c\u0103 pe alte telefoane poate fi folosit ca un powerbank wireless obi\u0219nuit. Pentru \u00eenc\u0103rcarea prin cablu, powerbank-ul ofer\u0103 o ie\u0219ire USB (2A) inclusiv un cablu TPE tip C de 35 cm. Articolul \u0219i accesoriile sunt f\u0103r\u0103 PVC. Intrare Type-C 5V\/2A; Ie\u0219ire USB: 5V\/2A; Ie\u0219ire wireless 5V\/1A 5W; 17 magne\u021bi de \u00eenalt\u0103 calitate N52H rezisten\u021bi la c\u0103ldur\u0103 integra\u021bi.<\/p>","protected":false},"excerpt":{"rendered":"<p>Snap pe acest powerbank magnetic de \u00eenc\u0103rcare wireless pe spatele iPhone-ului t\u0103u 12 pentru a-\u021bi \u00eenc\u0103rca dispozitivul. Magne\u021bii sunt perfect<\/p>","protected":false},"featured_media":165428,"comment_status":"open","ping_status":"closed","template":"","meta":[],"product_brand":[],"product_cat":[170],"product_tag":[],"class_list":{"0":"post-165431","1":"product","2":"type-product","3":"status-publish","4":"has-post-thumbnail","6":"product_cat-tehnologie-si-accesorii","8":"first","9":"instock","10":"shipping-taxable","11":"purchasable","12":"product-type-simple"},"_links":{"self":[{"href":"https:\/\/promis.ro\/ro\/wp-json\/wp\/v2\/product\/165431","targetHints":{"allow":["GET"]}}],"collection":[{"href":"https:\/\/promis.ro\/ro\/wp-json\/wp\/v2\/product"}],"about":[{"href":"https:\/\/promis.ro\/ro\/wp-json\/wp\/v2\/types\/product"}],"replies":[{"embeddable":true,"href":"https:\/\/promis.ro\/ro\/wp-json\/wp\/v2\/comments?post=165431"}],"version-history":[{"count":1,"href":"https:\/\/promis.ro\/ro\/wp-json\/wp\/v2\/product\/165431\/revisions"}],"predecessor-version":[{"id":173369,"href":"https:\/\/promis.ro\/ro\/wp-json\/wp\/v2\/product\/165431\/revisions\/173369"}],"wp:featuredmedia":[{"embeddable":true,"href":"https:\/\/promis.ro\/ro\/wp-json\/wp\/v2\/media\/165428"}],"wp:attachment":[{"href":"https:\/\/promis.ro\/ro\/wp-json\/wp\/v2\/media?parent=165431"}],"wp:term":[{"taxonomy":"product_brand","embeddable":true,"href":"https:\/\/promis.ro\/ro\/wp-json\/wp\/v2\/product_brand?post=165431"},{"taxonomy":"product_cat","embeddable":true,"href":"https:\/\/promis.ro\/ro\/wp-json\/wp\/v2\/product_cat?post=165431"},{"taxonomy":"product_tag","embeddable":true,"href":"https:\/\/promis.ro\/ro\/wp-json\/wp\/v2\/product_tag?post=165431"}],"curies":[{"name":"wp","href":"https:\/\/api.w.org\/{rel}","templated":true}]}}