{"id":165435,"date":"2025-11-12T04:15:19","date_gmt":"2025-11-12T04:15:19","guid":{"rendered":"https:\/\/promis.ro\/product\/10-000-mah-wheat-straw-powerbank\/"},"modified":"2025-11-12T05:26:15","modified_gmt":"2025-11-12T05:26:15","slug":"10-000-mah-wheat-straw-powerbank","status":"publish","type":"product","link":"https:\/\/promis.ro\/ro\/produs\/10-000-mah-wheat-straw-powerbank\/","title":{"rendered":"10.000 mah wheat straw powerbank"},"content":{"rendered":"<p>Baterie extern\u0103 ultra sub\u021bire de 10.000 mAh, fabricat\u0103 din fibr\u0103 de gr\u00e2u natural\u0103 (35%) amestecat\u0103 cu ABS. C\u00e2nd este complet \u00eenc\u0103rcat\u0103, v\u0103 va oferi suficient\u0103 energie pentru a re\u00eenc\u0103rca telefonul mobil de p\u00e2n\u0103 la patru ori. Baterie extern\u0103 con\u021bine o baterie litiu-polimer de \u00eenalt\u0103 densitate, de grad A, de 10.000 mAh, cu durat\u0103 lung\u0103 de via\u021b\u0103. Cu port USB dual care include o ie\u0219ire de tip C pentru toate telefoanele mobile noi. Indicatorii de putere vor indica nivelul de energie r\u0103mas, astfel \u00eenc\u00e2t s\u0103 \u0219ti\u021bi \u00eentotdeauna c\u00e2nd s\u0103 re\u00eenc\u0103rca\u021bi. Include cablu din material TPE micro USB pentru \u00eenc\u0103rcare. Intrare Micro USB 5V\/2A; Intrare Type-C 5V\/2A; Ie\u0219ire USB 5V\/3A; Ie\u0219ire Type-C 5V\/2A; Articolul \u0219i accesoriile sunt f\u0103r\u0103 PVC.<\/p>","protected":false},"excerpt":{"rendered":"<p>Baterie extern\u0103 ultra sub\u021bire de 10.000 mAh, fabricat\u0103 din fibr\u0103 de gr\u00e2u natural\u0103 (35%) amestecat\u0103 cu ABS. C\u00e2nd este complet<\/p>","protected":false},"featured_media":165432,"comment_status":"open","ping_status":"closed","template":"","meta":[],"product_brand":[],"product_cat":[170],"product_tag":[],"class_list":{"0":"post-165435","1":"product","2":"type-product","3":"status-publish","4":"has-post-thumbnail","6":"product_cat-tehnologie-si-accesorii","8":"first","9":"instock","10":"shipping-taxable","11":"purchasable","12":"product-type-simple"},"_links":{"self":[{"href":"https:\/\/promis.ro\/ro\/wp-json\/wp\/v2\/product\/165435","targetHints":{"allow":["GET"]}}],"collection":[{"href":"https:\/\/promis.ro\/ro\/wp-json\/wp\/v2\/product"}],"about":[{"href":"https:\/\/promis.ro\/ro\/wp-json\/wp\/v2\/types\/product"}],"replies":[{"embeddable":true,"href":"https:\/\/promis.ro\/ro\/wp-json\/wp\/v2\/comments?post=165435"}],"version-history":[{"count":1,"href":"https:\/\/promis.ro\/ro\/wp-json\/wp\/v2\/product\/165435\/revisions"}],"predecessor-version":[{"id":173377,"href":"https:\/\/promis.ro\/ro\/wp-json\/wp\/v2\/product\/165435\/revisions\/173377"}],"wp:featuredmedia":[{"embeddable":true,"href":"https:\/\/promis.ro\/ro\/wp-json\/wp\/v2\/media\/165432"}],"wp:attachment":[{"href":"https:\/\/promis.ro\/ro\/wp-json\/wp\/v2\/media?parent=165435"}],"wp:term":[{"taxonomy":"product_brand","embeddable":true,"href":"https:\/\/promis.ro\/ro\/wp-json\/wp\/v2\/product_brand?post=165435"},{"taxonomy":"product_cat","embeddable":true,"href":"https:\/\/promis.ro\/ro\/wp-json\/wp\/v2\/product_cat?post=165435"},{"taxonomy":"product_tag","embeddable":true,"href":"https:\/\/promis.ro\/ro\/wp-json\/wp\/v2\/product_tag?post=165435"}],"curies":[{"name":"wp","href":"https:\/\/api.w.org\/{rel}","templated":true}]}}