{"id":165439,"date":"2025-11-12T04:15:22","date_gmt":"2025-11-12T04:15:22","guid":{"rendered":"https:\/\/promis.ro\/product\/power-vault-rcs-rplastic-21000-mah-portable-power-station\/"},"modified":"2025-11-12T05:26:12","modified_gmt":"2025-11-12T05:26:12","slug":"power-vault-rcs-rplastic-21000-mah-portable-power-station","status":"publish","type":"product","link":"https:\/\/promis.ro\/ro\/produs\/power-vault-rcs-rplastic-21000-mah-portable-power-station\/","title":{"rendered":"Power Vault RCS rplastic 21000 mAh portable power station"},"content":{"rendered":"<p>21.000 mAh sta\u021bie de alimentare fabricat\u0103 din ABS reciclat certificat RCS. Con\u021binut total reciclat: 25% din greutatea total\u0103 a produsului. Certificarea RCS asigur\u0103 o lan\u021b de aprovizionare complet certificat al materialelor reciclate. Power vault este perfect pentru activit\u0103\u021bi \u00een aer liber, c\u0103l\u0103torii sau pentru a avea acas\u0103 \u00een caz de urgen\u021b\u0103. Bateria de 21000 mAh poate \u00eenc\u0103rca mai multe dispozitive simultan prin cele 3 porturi de ie\u0219ire (2x USB A, 1X tip C). Cu un LED integrat de 120 de lumeni care poate func\u021biona timp de p\u00e2n\u0103 la 40 de ore \u00een caz de urgen\u021b\u0103 \u0219i are, de asemenea, un mod SOS. Cu manivel\u0103 de urgen\u021b\u0103 \u00een cazul \u00een care bateria se epuizeaz\u0103 complet \u0219i este necesar\u0103 mai mult\u0103 putere. Intrare tip C: 5V\/2.4A; 9V\/2A; 12V\/1.5A. Ie\u0219ire tip C: 5V\/2.4A; 9V\/2A; 12V\/1.5A. Ie\u0219iri USB-A: 5V\/2.4A; 9V\/2A; 12V\/1.5A. Rezistent la ap\u0103 IPX 5. Perfect pentru a fi \u00eenc\u0103rcat de panouri solare mobile (nu sunt incluse).<\/p>","protected":false},"excerpt":{"rendered":"<p>21.000 mAh sta\u021bie de alimentare fabricat\u0103 din ABS reciclat certificat RCS. Con\u021binut total reciclat: 25% din greutatea total\u0103 a produsului.<\/p>","protected":false},"featured_media":165436,"comment_status":"open","ping_status":"closed","template":"","meta":[],"product_brand":[],"product_cat":[170],"product_tag":[],"class_list":{"0":"post-165439","1":"product","2":"type-product","3":"status-publish","4":"has-post-thumbnail","6":"product_cat-tehnologie-si-accesorii","8":"first","9":"outofstock","10":"shipping-taxable","11":"purchasable","12":"product-type-simple"},"_links":{"self":[{"href":"https:\/\/promis.ro\/ro\/wp-json\/wp\/v2\/product\/165439","targetHints":{"allow":["GET"]}}],"collection":[{"href":"https:\/\/promis.ro\/ro\/wp-json\/wp\/v2\/product"}],"about":[{"href":"https:\/\/promis.ro\/ro\/wp-json\/wp\/v2\/types\/product"}],"replies":[{"embeddable":true,"href":"https:\/\/promis.ro\/ro\/wp-json\/wp\/v2\/comments?post=165439"}],"version-history":[{"count":1,"href":"https:\/\/promis.ro\/ro\/wp-json\/wp\/v2\/product\/165439\/revisions"}],"predecessor-version":[{"id":173372,"href":"https:\/\/promis.ro\/ro\/wp-json\/wp\/v2\/product\/165439\/revisions\/173372"}],"wp:featuredmedia":[{"embeddable":true,"href":"https:\/\/promis.ro\/ro\/wp-json\/wp\/v2\/media\/165436"}],"wp:attachment":[{"href":"https:\/\/promis.ro\/ro\/wp-json\/wp\/v2\/media?parent=165439"}],"wp:term":[{"taxonomy":"product_brand","embeddable":true,"href":"https:\/\/promis.ro\/ro\/wp-json\/wp\/v2\/product_brand?post=165439"},{"taxonomy":"product_cat","embeddable":true,"href":"https:\/\/promis.ro\/ro\/wp-json\/wp\/v2\/product_cat?post=165439"},{"taxonomy":"product_tag","embeddable":true,"href":"https:\/\/promis.ro\/ro\/wp-json\/wp\/v2\/product_tag?post=165439"}],"curies":[{"name":"wp","href":"https:\/\/api.w.org\/{rel}","templated":true}]}}