{"id":165443,"date":"2025-11-12T04:15:25","date_gmt":"2025-11-12T04:15:25","guid":{"rendered":"https:\/\/promis.ro\/product\/skywave-rcs-recycled-plastic-solar-powerbank-10000-mah\/"},"modified":"2025-11-12T05:26:10","modified_gmt":"2025-11-12T05:26:10","slug":"skywave-rcs-recycled-plastic-solar-powerbank-10000-mah","status":"publish","type":"product","link":"https:\/\/promis.ro\/ro\/produs\/skywave-rcs-recycled-plastic-solar-powerbank-10000-mah\/","title":{"rendered":"Skywave RCS recycled plastic solar powerbank 10000 mAh"},"content":{"rendered":"<p>10.000 mAh powerbank solar fabricat din ABS reciclat certificat RCS. Con\u021binut total reciclat: 18% bazat pe greutatea total\u0103 a articolului. Certificarea RCS asigur\u0103 o lan\u021b de aprovizionare complet certificat al materialelor reciclate. Powerbank-ul utilizeaz\u0103 panouri solare monocrystalline de \u00eenalt\u0103 calitate cu o rat\u0103 de conversie de 19%. Rata de \u00eenc\u0103rcare depinde de condi\u021bii. Cu func\u021bie integrat\u0103 de suport pentru a folosi panourile solare la un unghi optim. Powerbank-ul con\u021bine o baterie litiu de grad A 10.000 mAh de lung\u0103 durat\u0103. Viteza de \u00eenc\u0103rcare solar\u0103: 5V\/200mA. Tip de intrare C: 5V\/2A. Ie\u0219ire: USB A: 5V\/2A Tip C: 5V\/2A. Articolul \u0219i accesoriile sunt f\u0103r\u0103 PVC. Inclusiv cablu de \u00eenc\u0103rcare TPE reciclat certificat RCS. Ambalat \u00een ambalaj FSC\u00ae mix. Design \u00eenregistrat\u00ae<\/p>","protected":false},"excerpt":{"rendered":"<p>10.000 mAh powerbank solar fabricat din ABS reciclat certificat RCS. Con\u021binut total reciclat: 18% bazat pe greutatea total\u0103 a articolului.<\/p>","protected":false},"featured_media":165440,"comment_status":"open","ping_status":"closed","template":"","meta":[],"product_brand":[],"product_cat":[170],"product_tag":[],"class_list":{"0":"post-165443","1":"product","2":"type-product","3":"status-publish","4":"has-post-thumbnail","6":"product_cat-tehnologie-si-accesorii","8":"first","9":"outofstock","10":"shipping-taxable","11":"purchasable","12":"product-type-simple"},"_links":{"self":[{"href":"https:\/\/promis.ro\/ro\/wp-json\/wp\/v2\/product\/165443","targetHints":{"allow":["GET"]}}],"collection":[{"href":"https:\/\/promis.ro\/ro\/wp-json\/wp\/v2\/product"}],"about":[{"href":"https:\/\/promis.ro\/ro\/wp-json\/wp\/v2\/types\/product"}],"replies":[{"embeddable":true,"href":"https:\/\/promis.ro\/ro\/wp-json\/wp\/v2\/comments?post=165443"}],"version-history":[{"count":1,"href":"https:\/\/promis.ro\/ro\/wp-json\/wp\/v2\/product\/165443\/revisions"}],"predecessor-version":[{"id":173368,"href":"https:\/\/promis.ro\/ro\/wp-json\/wp\/v2\/product\/165443\/revisions\/173368"}],"wp:featuredmedia":[{"embeddable":true,"href":"https:\/\/promis.ro\/ro\/wp-json\/wp\/v2\/media\/165440"}],"wp:attachment":[{"href":"https:\/\/promis.ro\/ro\/wp-json\/wp\/v2\/media?parent=165443"}],"wp:term":[{"taxonomy":"product_brand","embeddable":true,"href":"https:\/\/promis.ro\/ro\/wp-json\/wp\/v2\/product_brand?post=165443"},{"taxonomy":"product_cat","embeddable":true,"href":"https:\/\/promis.ro\/ro\/wp-json\/wp\/v2\/product_cat?post=165443"},{"taxonomy":"product_tag","embeddable":true,"href":"https:\/\/promis.ro\/ro\/wp-json\/wp\/v2\/product_tag?post=165443"}],"curies":[{"name":"wp","href":"https:\/\/api.w.org\/{rel}","templated":true}]}}