{"id":165447,"date":"2025-11-12T04:15:29","date_gmt":"2025-11-12T04:15:29","guid":{"rendered":"https:\/\/promis.ro\/product\/bamboo-8-000-mah-5w-wireless-powerbank\/"},"modified":"2025-11-12T05:26:13","modified_gmt":"2025-11-12T05:26:13","slug":"bamboo-8-000-mah-5w-wireless-powerbank","status":"publish","type":"product","link":"https:\/\/promis.ro\/ro\/produs\/bamboo-8-000-mah-5w-wireless-powerbank\/","title":{"rendered":"Bamboo 8.000 mAh 5W wireless powerbank"},"content":{"rendered":"<p>8000 mah powerbank cu carcas\u0103 fabricat\u0103 din bambus 100% certificat FSC\u00ae. Powerbank-ul con\u021bine o baterie litiu-polimer de grad A de 8.000 mAh, de lung\u0103 durat\u0103. Powerbank-ul ofer\u0103 \u00eenc\u0103rcare prin cablu, precum \u0219i \u00eenc\u0103rcare wireless de 5W. Indicatorii de putere vor ar\u0103ta nivelul de energie r\u0103mas, astfel \u00eenc\u00e2t s\u0103 \u0219tii \u00eentotdeauna c\u00e2nd s\u0103 re\u00eencarci. \u00cenc\u0103rcarea wireless este compatibil\u0103 cu cele mai recente genera\u021bii Android, iPhone 8 \u0219i versiuni ulterioare. Intrare micro \u0219i Type-C 5V\/2A; Ie\u015fire USB-A, micro USB \u0219i Type-C DC5V\/2A; Ie\u015fire \u00eenc\u0103rcare wireless: 5V\/1A. Inclusiv cablu de \u00eenc\u0103rcare din material TPE reciclat, f\u0103r\u0103 PVC. ; Articolul \u0219i accesoriile sunt 100% f\u0103r\u0103 PVC. Ambalat \u00een ambalaj FSC\u00aemix.<\/p>","protected":false},"excerpt":{"rendered":"<p>8000 mah powerbank cu carcas\u0103 fabricat\u0103 din bambus 100% certificat FSC\u00ae. Powerbank-ul con\u021bine o baterie litiu-polimer de grad A de<\/p>","protected":false},"featured_media":165444,"comment_status":"open","ping_status":"closed","template":"","meta":[],"product_brand":[],"product_cat":[170],"product_tag":[],"class_list":{"0":"post-165447","1":"product","2":"type-product","3":"status-publish","4":"has-post-thumbnail","6":"product_cat-tehnologie-si-accesorii","8":"first","9":"instock","10":"shipping-taxable","11":"purchasable","12":"product-type-simple"},"_links":{"self":[{"href":"https:\/\/promis.ro\/ro\/wp-json\/wp\/v2\/product\/165447","targetHints":{"allow":["GET"]}}],"collection":[{"href":"https:\/\/promis.ro\/ro\/wp-json\/wp\/v2\/product"}],"about":[{"href":"https:\/\/promis.ro\/ro\/wp-json\/wp\/v2\/types\/product"}],"replies":[{"embeddable":true,"href":"https:\/\/promis.ro\/ro\/wp-json\/wp\/v2\/comments?post=165447"}],"version-history":[{"count":1,"href":"https:\/\/promis.ro\/ro\/wp-json\/wp\/v2\/product\/165447\/revisions"}],"predecessor-version":[{"id":173373,"href":"https:\/\/promis.ro\/ro\/wp-json\/wp\/v2\/product\/165447\/revisions\/173373"}],"wp:featuredmedia":[{"embeddable":true,"href":"https:\/\/promis.ro\/ro\/wp-json\/wp\/v2\/media\/165444"}],"wp:attachment":[{"href":"https:\/\/promis.ro\/ro\/wp-json\/wp\/v2\/media?parent=165447"}],"wp:term":[{"taxonomy":"product_brand","embeddable":true,"href":"https:\/\/promis.ro\/ro\/wp-json\/wp\/v2\/product_brand?post=165447"},{"taxonomy":"product_cat","embeddable":true,"href":"https:\/\/promis.ro\/ro\/wp-json\/wp\/v2\/product_cat?post=165447"},{"taxonomy":"product_tag","embeddable":true,"href":"https:\/\/promis.ro\/ro\/wp-json\/wp\/v2\/product_tag?post=165447"}],"curies":[{"name":"wp","href":"https:\/\/api.w.org\/{rel}","templated":true}]}}