{"id":165455,"date":"2025-11-12T04:15:36","date_gmt":"2025-11-12T04:15:36","guid":{"rendered":"https:\/\/promis.ro\/product\/rcs-recycled-plastic-5-000-mah-powerbank\/"},"modified":"2025-11-12T05:26:13","modified_gmt":"2025-11-12T05:26:13","slug":"rcs-recycled-plastic-5-000-mah-powerbank","status":"publish","type":"product","link":"https:\/\/promis.ro\/ro\/produs\/rcs-recycled-plastic-5-000-mah-powerbank\/","title":{"rendered":"RCS recycled plastic 5.000 mAh Powerbank"},"content":{"rendered":"<p>Powerbank de buzunar de 5.000 mAh fabricat din material ABS reciclat certificat RCS (Recycled Claim Standard) cu finisaj pl\u0103cut la atingere \u0219i bambus certificat FSC\u00ae. Con\u021binut total reciclat: 23 % bazat pe greutatea total\u0103 a articolului. Certificarea RCS asigur\u0103 o lan\u021b de aprovizionare complet certificat al materialelor reciclate. C\u00e2nd este complet \u00eenc\u0103rcat, acesta \u00ee\u021bi va oferi suficient\u0103 energie pentru a-\u021bi re\u00eenc\u0103rca telefonul mobil de p\u00e2n\u0103 la trei ori. Powerbank-ul con\u021bine o baterie litiu-polimer de \u00eenalt\u0103 densitate de grad A de 5.000 mAh, de lung\u0103 durat\u0103. Indicatorii de putere vor indica nivelul de energie r\u0103mas, astfel \u00eenc\u00e2t s\u0103 \u0219tii \u00eentotdeauna c\u00e2nd s\u0103 re\u00eencarci. Intrare Type-C 5V\/2A, Intrare Micro USB 5V\/2A. Ie\u0219ire 5V\/2A. Ambalat \u00een ambalaj FSC\u00ae mix. Inclus cablu de \u00eenc\u0103rcare din TPE reciclat certificat RCS.<\/p>","protected":false},"excerpt":{"rendered":"<p>Powerbank de buzunar de 5.000 mAh fabricat din material ABS reciclat certificat RCS (Recycled Claim Standard) cu finisaj pl\u0103cut la<\/p>","protected":false},"featured_media":165452,"comment_status":"open","ping_status":"closed","template":"","meta":[],"product_brand":[],"product_cat":[170],"product_tag":[],"class_list":{"0":"post-165455","1":"product","2":"type-product","3":"status-publish","4":"has-post-thumbnail","6":"product_cat-tehnologie-si-accesorii","8":"first","9":"instock","10":"shipping-taxable","11":"purchasable","12":"product-type-simple"},"_links":{"self":[{"href":"https:\/\/promis.ro\/ro\/wp-json\/wp\/v2\/product\/165455","targetHints":{"allow":["GET"]}}],"collection":[{"href":"https:\/\/promis.ro\/ro\/wp-json\/wp\/v2\/product"}],"about":[{"href":"https:\/\/promis.ro\/ro\/wp-json\/wp\/v2\/types\/product"}],"replies":[{"embeddable":true,"href":"https:\/\/promis.ro\/ro\/wp-json\/wp\/v2\/comments?post=165455"}],"version-history":[{"count":1,"href":"https:\/\/promis.ro\/ro\/wp-json\/wp\/v2\/product\/165455\/revisions"}],"predecessor-version":[{"id":173374,"href":"https:\/\/promis.ro\/ro\/wp-json\/wp\/v2\/product\/165455\/revisions\/173374"}],"wp:featuredmedia":[{"embeddable":true,"href":"https:\/\/promis.ro\/ro\/wp-json\/wp\/v2\/media\/165452"}],"wp:attachment":[{"href":"https:\/\/promis.ro\/ro\/wp-json\/wp\/v2\/media?parent=165455"}],"wp:term":[{"taxonomy":"product_brand","embeddable":true,"href":"https:\/\/promis.ro\/ro\/wp-json\/wp\/v2\/product_brand?post=165455"},{"taxonomy":"product_cat","embeddable":true,"href":"https:\/\/promis.ro\/ro\/wp-json\/wp\/v2\/product_cat?post=165455"},{"taxonomy":"product_tag","embeddable":true,"href":"https:\/\/promis.ro\/ro\/wp-json\/wp\/v2\/product_tag?post=165455"}],"curies":[{"name":"wp","href":"https:\/\/api.w.org\/{rel}","templated":true}]}}