{"id":165463,"date":"2025-11-12T04:15:42","date_gmt":"2025-11-12T04:15:42","guid":{"rendered":"https:\/\/promis.ro\/product\/sunwick-10-000-mah-bamboo-solar-powerbank\/"},"modified":"2025-11-12T05:26:10","modified_gmt":"2025-11-12T05:26:10","slug":"sunwick-10-000-mah-bamboo-solar-powerbank","status":"publish","type":"product","link":"https:\/\/promis.ro\/ro\/produs\/sunwick-10-000-mah-bamboo-solar-powerbank\/","title":{"rendered":"Sunwick 10.000 mAh Bamboo solar powerbank"},"content":{"rendered":"<p>10.000 mAh powerbank solar fabricat din bambus FSC 100%. Powerbank-ul utilizeaz\u0103 panouri solare monocrystalline de \u00eenalt\u0103 calitate cu un coeficient de conversie de 19%. Rata de \u00eenc\u0103rcare depinde de condi\u021bii. Powerbank-ul con\u021bine o baterie litiu de grad A de 10.000 mAh, de lung\u0103 durat\u0103. Viteza de \u00eenc\u0103rcare solar\u0103: 5V\/180mA. Tip de intrare C: 5V\/2A. Ie\u0219ire: USB A: 5V\/2A Tip C: 5V\/2A. Articolul \u0219i accesoriile sunt f\u0103r\u0103 PVC. Inclusiv cablu de \u00eenc\u0103rcare TPE reciclat certificat RCS. Ambalat \u00een ambalaj FSC\u00ae mix.<\/p>","protected":false},"excerpt":{"rendered":"<p>10.000 mAh powerbank solar fabricat din bambus FSC 100%. Powerbank-ul utilizeaz\u0103 panouri solare monocrystalline de \u00eenalt\u0103 calitate cu un coeficient<\/p>","protected":false},"featured_media":165460,"comment_status":"open","ping_status":"closed","template":"","meta":[],"product_brand":[],"product_cat":[170],"product_tag":[],"class_list":{"0":"post-165463","1":"product","2":"type-product","3":"status-publish","4":"has-post-thumbnail","6":"product_cat-tehnologie-si-accesorii","8":"first","9":"instock","10":"shipping-taxable","11":"purchasable","12":"product-type-simple"},"_links":{"self":[{"href":"https:\/\/promis.ro\/ro\/wp-json\/wp\/v2\/product\/165463","targetHints":{"allow":["GET"]}}],"collection":[{"href":"https:\/\/promis.ro\/ro\/wp-json\/wp\/v2\/product"}],"about":[{"href":"https:\/\/promis.ro\/ro\/wp-json\/wp\/v2\/types\/product"}],"replies":[{"embeddable":true,"href":"https:\/\/promis.ro\/ro\/wp-json\/wp\/v2\/comments?post=165463"}],"version-history":[{"count":1,"href":"https:\/\/promis.ro\/ro\/wp-json\/wp\/v2\/product\/165463\/revisions"}],"predecessor-version":[{"id":173367,"href":"https:\/\/promis.ro\/ro\/wp-json\/wp\/v2\/product\/165463\/revisions\/173367"}],"wp:featuredmedia":[{"embeddable":true,"href":"https:\/\/promis.ro\/ro\/wp-json\/wp\/v2\/media\/165460"}],"wp:attachment":[{"href":"https:\/\/promis.ro\/ro\/wp-json\/wp\/v2\/media?parent=165463"}],"wp:term":[{"taxonomy":"product_brand","embeddable":true,"href":"https:\/\/promis.ro\/ro\/wp-json\/wp\/v2\/product_brand?post=165463"},{"taxonomy":"product_cat","embeddable":true,"href":"https:\/\/promis.ro\/ro\/wp-json\/wp\/v2\/product_cat?post=165463"},{"taxonomy":"product_tag","embeddable":true,"href":"https:\/\/promis.ro\/ro\/wp-json\/wp\/v2\/product_tag?post=165463"}],"curies":[{"name":"wp","href":"https:\/\/api.w.org\/{rel}","templated":true}]}}