{"id":165467,"date":"2025-11-12T04:15:45","date_gmt":"2025-11-12T04:15:45","guid":{"rendered":"https:\/\/promis.ro\/product\/magnetix-rcs-recycled-plastic-5000-mah-magnetic-powerbank\/"},"modified":"2025-11-12T05:26:12","modified_gmt":"2025-11-12T05:26:12","slug":"magnetix-rcs-recycled-plastic-5000-mah-magnetic-powerbank","status":"publish","type":"product","link":"https:\/\/promis.ro\/ro\/produs\/magnetix-rcs-recycled-plastic-5000-mah-magnetic-powerbank\/","title":{"rendered":"Magnetix RCS recycled plastic 5000 mah magnetic powerbank"},"content":{"rendered":"<p>5.000 mAh powerbank de dimensiuni pocket cu \u00eenc\u0103rc\u0103tor wireless magnetic de 5W, cu un carcas\u0103 realizat\u0103 din plastic ABS reciclat certificat RCS. RCS (Recycled Claim Standard) este un standard pentru a verifica con\u021binutul reciclat al unui produs pe \u00eentreaga lan\u021b de aprovizionare. Con\u021binut total reciclat: 20 % bazat pe greutatea total\u0103 a articolului. Powerbank-ul con\u021bine o baterie litiu-polimer de grad A de 5.000 mAh, de lung\u0103 durat\u0103. Indicatorii de putere vor indica nivelul de energie r\u0103mas, astfel \u00eenc\u00e2t s\u0103 \u0219tii \u00eentotdeauna c\u00e2nd s\u0103 re\u00eencarci.; Intrare Type-C 5V\/2.4A; Ie\u0219ire Type C: 5V\/2A. Articolul \u0219i accesoriile sunt f\u0103r\u0103 PVC. Inclusiv cablu de \u00eenc\u0103rcare TPE reciclat certificat RCS. Ambalat \u00een ambalaj FSC\u00ae mix.<\/p>","protected":false},"excerpt":{"rendered":"<p>5.000 mAh powerbank de dimensiuni pocket cu \u00eenc\u0103rc\u0103tor wireless magnetic de 5W, cu un carcas\u0103 realizat\u0103 din plastic ABS reciclat<\/p>","protected":false},"featured_media":165464,"comment_status":"open","ping_status":"closed","template":"","meta":[],"product_brand":[],"product_cat":[170],"product_tag":[],"class_list":{"0":"post-165467","1":"product","2":"type-product","3":"status-publish","4":"has-post-thumbnail","6":"product_cat-tehnologie-si-accesorii","8":"first","9":"instock","10":"shipping-taxable","11":"purchasable","12":"product-type-variable"},"_links":{"self":[{"href":"https:\/\/promis.ro\/ro\/wp-json\/wp\/v2\/product\/165467","targetHints":{"allow":["GET"]}}],"collection":[{"href":"https:\/\/promis.ro\/ro\/wp-json\/wp\/v2\/product"}],"about":[{"href":"https:\/\/promis.ro\/ro\/wp-json\/wp\/v2\/types\/product"}],"replies":[{"embeddable":true,"href":"https:\/\/promis.ro\/ro\/wp-json\/wp\/v2\/comments?post=165467"}],"version-history":[{"count":1,"href":"https:\/\/promis.ro\/ro\/wp-json\/wp\/v2\/product\/165467\/revisions"}],"predecessor-version":[{"id":173371,"href":"https:\/\/promis.ro\/ro\/wp-json\/wp\/v2\/product\/165467\/revisions\/173371"}],"wp:featuredmedia":[{"embeddable":true,"href":"https:\/\/promis.ro\/ro\/wp-json\/wp\/v2\/media\/165464"}],"wp:attachment":[{"href":"https:\/\/promis.ro\/ro\/wp-json\/wp\/v2\/media?parent=165467"}],"wp:term":[{"taxonomy":"product_brand","embeddable":true,"href":"https:\/\/promis.ro\/ro\/wp-json\/wp\/v2\/product_brand?post=165467"},{"taxonomy":"product_cat","embeddable":true,"href":"https:\/\/promis.ro\/ro\/wp-json\/wp\/v2\/product_cat?post=165467"},{"taxonomy":"product_tag","embeddable":true,"href":"https:\/\/promis.ro\/ro\/wp-json\/wp\/v2\/product_tag?post=165467"}],"curies":[{"name":"wp","href":"https:\/\/api.w.org\/{rel}","templated":true}]}}