{"id":165471,"date":"2025-11-12T04:15:49","date_gmt":"2025-11-12T04:15:49","guid":{"rendered":"https:\/\/promis.ro\/product\/magboost-rcs-recycled-plastic-5000-mah-magnetic-powerbank\/"},"modified":"2025-11-12T05:26:18","modified_gmt":"2025-11-12T05:26:18","slug":"magboost-rcs-recycled-plastic-5000-mah-magnetic-powerbank","status":"publish","type":"product","link":"https:\/\/promis.ro\/ro\/produs\/magboost-rcs-recycled-plastic-5000-mah-magnetic-powerbank\/","title":{"rendered":"MagBoost RCS recycled plastic 5000 mah magnetic powerbank"},"content":{"rendered":"<p>5000 mAh powerbank de dimensiuni pocket cu \u00eenc\u0103rc\u0103tor wireless magnetic de 15W, cu un carcas\u0103 realizat\u0103 din plastic ABS reciclat certificat RCS. RCS (Recycled Claim Standard) este un standard pentru a verifica con\u021binutul reciclat al unui produs pe \u00eentreaga lan\u021b de aprovizionare. Con\u021binut total reciclat: 21 % bazat pe greutatea total\u0103 a articolului. Powerbank-ul con\u021bine o baterie litiu-polimer de grad A de 5.000 mAh, de lung\u0103 durat\u0103. Ecranul digital LED integrat va indica nivelul de energie r\u0103mas, astfel \u00eenc\u00e2t s\u0103 \u0219tii \u00eentotdeauna c\u00e2nd s\u0103-l re\u00eencarci.; Intrare Type-C 5V\/2.4A; Ie\u0219ire Type C: 5V\/2A.4A Articolul \u0219i accesoriile sunt f\u0103r\u0103 PVC. Inclusiv cablu de \u00eenc\u0103rcare TPE reciclat certificat RCS. Ambalat \u00een ambalaj FSC\u00ae mix. Intrare Type-C: 5V\/3A 9V\/2A 12V\/1.5A; Ie\u0219ire: ie\u0219ire USB-C: 5V\/2.4A, 9V\/2.22A, 12V\/1.67A; Ie\u0219ire wireless: 15W<\/p>","protected":false},"excerpt":{"rendered":"<p>5000 mAh powerbank de dimensiuni pocket cu \u00eenc\u0103rc\u0103tor wireless magnetic de 15W, cu un carcas\u0103 realizat\u0103 din plastic ABS reciclat<\/p>","protected":false},"featured_media":165468,"comment_status":"open","ping_status":"closed","template":"","meta":[],"product_brand":[],"product_cat":[170],"product_tag":[],"class_list":{"0":"post-165471","1":"product","2":"type-product","3":"status-publish","4":"has-post-thumbnail","6":"product_cat-tehnologie-si-accesorii","8":"first","9":"instock","10":"shipping-taxable","11":"purchasable","12":"product-type-variable"},"_links":{"self":[{"href":"https:\/\/promis.ro\/ro\/wp-json\/wp\/v2\/product\/165471","targetHints":{"allow":["GET"]}}],"collection":[{"href":"https:\/\/promis.ro\/ro\/wp-json\/wp\/v2\/product"}],"about":[{"href":"https:\/\/promis.ro\/ro\/wp-json\/wp\/v2\/types\/product"}],"replies":[{"embeddable":true,"href":"https:\/\/promis.ro\/ro\/wp-json\/wp\/v2\/comments?post=165471"}],"version-history":[{"count":1,"href":"https:\/\/promis.ro\/ro\/wp-json\/wp\/v2\/product\/165471\/revisions"}],"predecessor-version":[{"id":173383,"href":"https:\/\/promis.ro\/ro\/wp-json\/wp\/v2\/product\/165471\/revisions\/173383"}],"wp:featuredmedia":[{"embeddable":true,"href":"https:\/\/promis.ro\/ro\/wp-json\/wp\/v2\/media\/165468"}],"wp:attachment":[{"href":"https:\/\/promis.ro\/ro\/wp-json\/wp\/v2\/media?parent=165471"}],"wp:term":[{"taxonomy":"product_brand","embeddable":true,"href":"https:\/\/promis.ro\/ro\/wp-json\/wp\/v2\/product_brand?post=165471"},{"taxonomy":"product_cat","embeddable":true,"href":"https:\/\/promis.ro\/ro\/wp-json\/wp\/v2\/product_cat?post=165471"},{"taxonomy":"product_tag","embeddable":true,"href":"https:\/\/promis.ro\/ro\/wp-json\/wp\/v2\/product_tag?post=165471"}],"curies":[{"name":"wp","href":"https:\/\/api.w.org\/{rel}","templated":true}]}}