{"id":165479,"date":"2025-11-12T04:15:55","date_gmt":"2025-11-12T04:15:55","guid":{"rendered":"https:\/\/promis.ro\/product\/lockhart-rcs-recycled-plastic-10-000-with-integrated-cables\/"},"modified":"2025-11-12T05:26:16","modified_gmt":"2025-11-12T05:26:16","slug":"lockhart-rcs-recycled-plastic-10-000-with-integrated-cables","status":"publish","type":"product","link":"https:\/\/promis.ro\/ro\/produs\/lockhart-rcs-recycled-plastic-10-000-with-integrated-cables\/","title":{"rendered":"Lockhart RCS recycled plastic 10.000 with integrated cables"},"content":{"rendered":"<p>10.000 mAh powerbank plat cu cabluri de \u00eenc\u0103rcare integrate, cu un carcas\u0103 fabricat\u0103 din plastic ABS reciclat certificat RCS, cabluri fabricate din TPE reciclat certificat RCS. RCS (Recycled Claim Standard) este un standard pentru verificarea con\u021binutului reciclat al unui produs pe \u00eentreaga lan\u021b de aprovizionare. Con\u021binut total reciclat: 20% din greutatea total\u0103 a articolului. Powerbank-ul con\u021bine o baterie litiu-polimer de grad A de 10.000 mAh, de lung\u0103 durat\u0103. Indicatorii de putere vor indica nivelul de energie r\u0103mas, astfel \u00eenc\u00e2t s\u0103 \u0219tii \u00eentotdeauna c\u00e2nd s\u0103 re\u00eencarci. Intrare Micro USB 5V\/2A; Intrare Type-C 5V\/2.4A; Ie\u0219ire USB 5V\/2A; Ie\u0219ire cablu Type C: 5V2.4A, ie\u0219ire cablu IOS: 5V\/1A. Articolul \u0219i accesoriile sunt f\u0103r\u0103 PVC. Inclusiv cablu de \u00eenc\u0103rcare de tip C din material TPE reciclat, f\u0103r\u0103 PVC.<\/p>","protected":false},"excerpt":{"rendered":"<p>10.000 mAh powerbank plat cu cabluri de \u00eenc\u0103rcare integrate, cu un carcas\u0103 fabricat\u0103 din plastic ABS reciclat certificat RCS, cabluri<\/p>","protected":false},"featured_media":165476,"comment_status":"open","ping_status":"closed","template":"","meta":[],"product_brand":[],"product_cat":[170],"product_tag":[],"class_list":{"0":"post-165479","1":"product","2":"type-product","3":"status-publish","4":"has-post-thumbnail","6":"product_cat-tehnologie-si-accesorii","8":"first","9":"instock","10":"shipping-taxable","11":"purchasable","12":"product-type-simple"},"_links":{"self":[{"href":"https:\/\/promis.ro\/ro\/wp-json\/wp\/v2\/product\/165479","targetHints":{"allow":["GET"]}}],"collection":[{"href":"https:\/\/promis.ro\/ro\/wp-json\/wp\/v2\/product"}],"about":[{"href":"https:\/\/promis.ro\/ro\/wp-json\/wp\/v2\/types\/product"}],"replies":[{"embeddable":true,"href":"https:\/\/promis.ro\/ro\/wp-json\/wp\/v2\/comments?post=165479"}],"version-history":[{"count":1,"href":"https:\/\/promis.ro\/ro\/wp-json\/wp\/v2\/product\/165479\/revisions"}],"predecessor-version":[{"id":173379,"href":"https:\/\/promis.ro\/ro\/wp-json\/wp\/v2\/product\/165479\/revisions\/173379"}],"wp:featuredmedia":[{"embeddable":true,"href":"https:\/\/promis.ro\/ro\/wp-json\/wp\/v2\/media\/165476"}],"wp:attachment":[{"href":"https:\/\/promis.ro\/ro\/wp-json\/wp\/v2\/media?parent=165479"}],"wp:term":[{"taxonomy":"product_brand","embeddable":true,"href":"https:\/\/promis.ro\/ro\/wp-json\/wp\/v2\/product_brand?post=165479"},{"taxonomy":"product_cat","embeddable":true,"href":"https:\/\/promis.ro\/ro\/wp-json\/wp\/v2\/product_cat?post=165479"},{"taxonomy":"product_tag","embeddable":true,"href":"https:\/\/promis.ro\/ro\/wp-json\/wp\/v2\/product_tag?post=165479"}],"curies":[{"name":"wp","href":"https:\/\/api.w.org\/{rel}","templated":true}]}}