{"id":165483,"date":"2025-11-12T04:15:58","date_gmt":"2025-11-12T04:15:58","guid":{"rendered":"https:\/\/promis.ro\/product\/rcs-recycled-plastic-solar-powerbank-with-10w-wireless\/"},"modified":"2025-11-12T05:26:15","modified_gmt":"2025-11-12T05:26:15","slug":"rcs-recycled-plastic-solar-powerbank-with-10w-wireless","status":"publish","type":"product","link":"https:\/\/promis.ro\/ro\/produs\/rcs-recycled-plastic-solar-powerbank-with-10w-wireless\/","title":{"rendered":"RCS recycled plastic Solar powerbank with 10W Wireless"},"content":{"rendered":"<p>Fast 10.000 mah 10W \u00eenc\u0103rc\u0103tor wireless solar powerbank fabricat din ABS \u0219i TPE reciclat, certificate RCS (Recycled Claim Standard). Con\u021binut total reciclat: 30% din greutatea total\u0103 a produsului. Certificarea RCS asigur\u0103 o lan\u021b de aprovizionare complet certificat al materialelor reciclate. Powerbank-ul suport\u0103 at\u00e2t \u00eenc\u0103rcarea prin cablu (tip C \u0219i USB), c\u00e2t \u0219i prin \u00eenc\u0103rc\u0103tor wireless rapid de 10W. \u00cenc\u0103rcarea wireless este compatibil\u0103 cu toate dispozitivele activate QI, cum ar fi cele din ultima genera\u021bie Android, iPhone 8 \u0219i mai recent. Are un panou solar \u00eempreun\u0103 cu o lantern\u0103 \u0219i un clips carabin\u0103 pentru a fi ata\u0219at la orice geant\u0103. IPX5 rezistent la ap\u0103. Cu indicator de baterie r\u0103mas\u0103. Inclus cablu de \u00eenc\u0103rcare tip C fabricat din TPE reciclat certificat GRS. Ambalat \u00een cutie din kraft FSC\u00ae mix. Iesire USB: 5V\/2.4A; Iesire tip C: 5V\/2.4A. Produsul \u0219i accesoriile sunt 100% f\u0103r\u0103 PVC.<\/p>","protected":false},"excerpt":{"rendered":"<p>Fast 10.000 mah 10W \u00eenc\u0103rc\u0103tor wireless solar powerbank fabricat din ABS \u0219i TPE reciclat, certificate RCS (Recycled Claim Standard). Con\u021binut<\/p>","protected":false},"featured_media":165480,"comment_status":"open","ping_status":"closed","template":"","meta":[],"product_brand":[],"product_cat":[170],"product_tag":[],"class_list":{"0":"post-165483","1":"product","2":"type-product","3":"status-publish","4":"has-post-thumbnail","6":"product_cat-tehnologie-si-accesorii","8":"first","9":"instock","10":"shipping-taxable","11":"purchasable","12":"product-type-simple"},"_links":{"self":[{"href":"https:\/\/promis.ro\/ro\/wp-json\/wp\/v2\/product\/165483","targetHints":{"allow":["GET"]}}],"collection":[{"href":"https:\/\/promis.ro\/ro\/wp-json\/wp\/v2\/product"}],"about":[{"href":"https:\/\/promis.ro\/ro\/wp-json\/wp\/v2\/types\/product"}],"replies":[{"embeddable":true,"href":"https:\/\/promis.ro\/ro\/wp-json\/wp\/v2\/comments?post=165483"}],"version-history":[{"count":1,"href":"https:\/\/promis.ro\/ro\/wp-json\/wp\/v2\/product\/165483\/revisions"}],"predecessor-version":[{"id":173378,"href":"https:\/\/promis.ro\/ro\/wp-json\/wp\/v2\/product\/165483\/revisions\/173378"}],"wp:featuredmedia":[{"embeddable":true,"href":"https:\/\/promis.ro\/ro\/wp-json\/wp\/v2\/media\/165480"}],"wp:attachment":[{"href":"https:\/\/promis.ro\/ro\/wp-json\/wp\/v2\/media?parent=165483"}],"wp:term":[{"taxonomy":"product_brand","embeddable":true,"href":"https:\/\/promis.ro\/ro\/wp-json\/wp\/v2\/product_brand?post=165483"},{"taxonomy":"product_cat","embeddable":true,"href":"https:\/\/promis.ro\/ro\/wp-json\/wp\/v2\/product_cat?post=165483"},{"taxonomy":"product_tag","embeddable":true,"href":"https:\/\/promis.ro\/ro\/wp-json\/wp\/v2\/product_tag?post=165483"}],"curies":[{"name":"wp","href":"https:\/\/api.w.org\/{rel}","templated":true}]}}