{"id":165491,"date":"2025-11-12T04:16:05","date_gmt":"2025-11-12T04:16:05","guid":{"rendered":"https:\/\/promis.ro\/product\/powerlink-rcs-rplastic-3000-mah-powerbank-usb-c-connector\/"},"modified":"2025-11-12T05:26:19","modified_gmt":"2025-11-12T05:26:19","slug":"powerlink-rcs-rplastic-3000-mah-powerbank-usb-c-connector","status":"publish","type":"product","link":"https:\/\/promis.ro\/ro\/produs\/powerlink-rcs-rplastic-3000-mah-powerbank-usb-c-connector\/","title":{"rendered":"Powerlink RCS rplastic 3000 mah powerbank USB C connector"},"content":{"rendered":"<p>Powerbank portabil \u0219i de dimensiuni mici, u\u0219or de transportat. Powerbank-ul vine cu un conector tip C pe care \u00eel po\u021bi conecta cu u\u0219urin\u021b\u0103 la cel mai nou iPhone (15 \u0219i mai sus) sau la telefonul t\u0103u Android pentru a \u00eencepe \u00eenc\u0103rcarea direct. Powerbank-ul de 3000 mAh are un cablu integrat de intrare \u0219i ie\u0219ire USB C care poate fi folosit pentru a \u00eenc\u0103rca alte dispozitive USB C \u0219i pentru a re\u00eenc\u0103rca powerbank-ul. Nu este nevoie s\u0103 cari cabluri pentru a folosi sau re\u00eenc\u0103rca acest powerbank. Fabricat din ABS reciclat \u0219i TPE reciclat. Con\u021binut total reciclat: 19% din greutatea total\u0103 a produsului. Certificarea RCS asigur\u0103 o lan\u021b de aprovizionare complet certificat pentru materialele reciclate. Ambalat \u00een ambalaje FSC\u00ae. F\u0103r\u0103 PVC. Intrare: 5V\/2.1A Ie\u015fire: 5V\/2.4A.<\/p>","protected":false},"excerpt":{"rendered":"<p>Powerbank portabil \u0219i de dimensiuni mici, u\u0219or de transportat. Powerbank-ul vine cu un conector tip C pe care \u00eel po\u021bi<\/p>","protected":false},"featured_media":165488,"comment_status":"open","ping_status":"closed","template":"","meta":[],"product_brand":[],"product_cat":[170],"product_tag":[],"class_list":{"0":"post-165491","1":"product","2":"type-product","3":"status-publish","4":"has-post-thumbnail","6":"product_cat-tehnologie-si-accesorii","8":"first","9":"instock","10":"shipping-taxable","11":"purchasable","12":"product-type-simple"},"_links":{"self":[{"href":"https:\/\/promis.ro\/ro\/wp-json\/wp\/v2\/product\/165491","targetHints":{"allow":["GET"]}}],"collection":[{"href":"https:\/\/promis.ro\/ro\/wp-json\/wp\/v2\/product"}],"about":[{"href":"https:\/\/promis.ro\/ro\/wp-json\/wp\/v2\/types\/product"}],"replies":[{"embeddable":true,"href":"https:\/\/promis.ro\/ro\/wp-json\/wp\/v2\/comments?post=165491"}],"version-history":[{"count":1,"href":"https:\/\/promis.ro\/ro\/wp-json\/wp\/v2\/product\/165491\/revisions"}],"predecessor-version":[{"id":173385,"href":"https:\/\/promis.ro\/ro\/wp-json\/wp\/v2\/product\/165491\/revisions\/173385"}],"wp:featuredmedia":[{"embeddable":true,"href":"https:\/\/promis.ro\/ro\/wp-json\/wp\/v2\/media\/165488"}],"wp:attachment":[{"href":"https:\/\/promis.ro\/ro\/wp-json\/wp\/v2\/media?parent=165491"}],"wp:term":[{"taxonomy":"product_brand","embeddable":true,"href":"https:\/\/promis.ro\/ro\/wp-json\/wp\/v2\/product_brand?post=165491"},{"taxonomy":"product_cat","embeddable":true,"href":"https:\/\/promis.ro\/ro\/wp-json\/wp\/v2\/product_cat?post=165491"},{"taxonomy":"product_tag","embeddable":true,"href":"https:\/\/promis.ro\/ro\/wp-json\/wp\/v2\/product_tag?post=165491"}],"curies":[{"name":"wp","href":"https:\/\/api.w.org\/{rel}","templated":true}]}}