{"id":165593,"date":"2025-11-12T04:16:53","date_gmt":"2025-11-12T04:16:53","guid":{"rendered":"https:\/\/promis.ro\/product\/terra-rcs-recycled-20w-aluminium-powerbank-20-000-mah\/"},"modified":"2025-11-12T05:26:30","modified_gmt":"2025-11-12T05:26:30","slug":"terra-rcs-recycled-20w-aluminium-powerbank-20-000-mah","status":"publish","type":"product","link":"https:\/\/promis.ro\/ro\/produs\/terra-rcs-recycled-20w-aluminium-powerbank-20-000-mah\/","title":{"rendered":"Terra RCS recycled 20W aluminium powerbank 20.000 mAh"},"content":{"rendered":"<pre>Powerbank cu \u00eenc\u0103rcare ultra-rapid\u0103, fabricat din aluminiu reciclat certificat RCS (Recycled Claim Standard) \u0219i ABS. Con\u021binut total reciclat: 21% din greutatea total\u0103 a produsului. Certificarea RCS asigur\u0103 o lan\u021b de aprovizionare complet certificat pentru materialele reciclate. Aluminiul nu \u00ee\u0219i pierde caracteristicile \u00een procesul de reciclare \u0219i poate fi reciclat la nesf\u00e2r\u0219it. Powerbank-ul con\u021bine o baterie litiu-polimer de grad A de 20.000 mAh, de lung\u0103 durat\u0103. Portul de ie\u0219ire C suport\u0103 \u00eenc\u0103rcare rapid\u0103 de p\u00e2n\u0103 la 18W \u0219i, de asemenea, re\u00eenc\u0103rcare rapid\u0103 \u00een termen de 5 ore. Cu dou\u0103 porturi de ie\u0219ire USB A. Indicatorii de putere vor indica nivelul de energie r\u0103mas, astfel \u00eenc\u00e2t s\u0103 \u0219tii \u00eentotdeauna c\u00e2nd s\u0103 re\u00eencarci. Produsul \u0219i accesoriile sunt 100% f\u0103r\u0103 PVC. Inclus un cablu de \u00eenc\u0103rcare de tip C fabricat din aluminiu reciclat certificat RCS, TPE \u0219i PET. Ambalat \u00een ambalaj FSC\u00ae mix. Aprobat pentru transportul \u00een avion (74 Wh). Ie\u0219ire USB 5\/3A, 9V\/2A. 12V\/1.5A. Ie\u0219ire de tip C: 5V\/3A, 9V\/2A, 12V\/1.5A. Intrare de tip C: 5V\/3A, 9V\/2A, 12V\/1.5A. Intrare Micro USB: 5V\/2A, 9V\/2A, 12V\/1.5A.<\/pre>","protected":false},"excerpt":{"rendered":"<p>Powerbank cu \u00eenc\u0103rcare ultra-rapid\u0103, fabricat din aluminiu reciclat certificat RCS (Recycled Claim Standard) \u0219i ABS. Con\u021binut total reciclat: 21% din<\/p>","protected":false},"featured_media":165590,"comment_status":"open","ping_status":"closed","template":"","meta":[],"product_brand":[],"product_cat":[170],"product_tag":[],"class_list":{"0":"post-165593","1":"product","2":"type-product","3":"status-publish","4":"has-post-thumbnail","6":"product_cat-tehnologie-si-accesorii","8":"first","9":"instock","10":"shipping-taxable","11":"purchasable","12":"product-type-simple"},"_links":{"self":[{"href":"https:\/\/promis.ro\/ro\/wp-json\/wp\/v2\/product\/165593","targetHints":{"allow":["GET"]}}],"collection":[{"href":"https:\/\/promis.ro\/ro\/wp-json\/wp\/v2\/product"}],"about":[{"href":"https:\/\/promis.ro\/ro\/wp-json\/wp\/v2\/types\/product"}],"replies":[{"embeddable":true,"href":"https:\/\/promis.ro\/ro\/wp-json\/wp\/v2\/comments?post=165593"}],"version-history":[{"count":1,"href":"https:\/\/promis.ro\/ro\/wp-json\/wp\/v2\/product\/165593\/revisions"}],"predecessor-version":[{"id":173405,"href":"https:\/\/promis.ro\/ro\/wp-json\/wp\/v2\/product\/165593\/revisions\/173405"}],"wp:featuredmedia":[{"embeddable":true,"href":"https:\/\/promis.ro\/ro\/wp-json\/wp\/v2\/media\/165590"}],"wp:attachment":[{"href":"https:\/\/promis.ro\/ro\/wp-json\/wp\/v2\/media?parent=165593"}],"wp:term":[{"taxonomy":"product_brand","embeddable":true,"href":"https:\/\/promis.ro\/ro\/wp-json\/wp\/v2\/product_brand?post=165593"},{"taxonomy":"product_cat","embeddable":true,"href":"https:\/\/promis.ro\/ro\/wp-json\/wp\/v2\/product_cat?post=165593"},{"taxonomy":"product_tag","embeddable":true,"href":"https:\/\/promis.ro\/ro\/wp-json\/wp\/v2\/product_tag?post=165593"}],"curies":[{"name":"wp","href":"https:\/\/api.w.org\/{rel}","templated":true}]}}