{"id":165597,"date":"2025-11-12T04:16:56","date_gmt":"2025-11-12T04:16:56","guid":{"rendered":"https:\/\/promis.ro\/product\/rcs-standard-recycled-plastic-10-000-mah-powerbank\/"},"modified":"2025-11-12T05:26:25","modified_gmt":"2025-11-12T05:26:25","slug":"rcs-standard-recycled-plastic-10-000-mah-powerbank","status":"publish","type":"product","link":"https:\/\/promis.ro\/ro\/produs\/rcs-standard-recycled-plastic-10-000-mah-powerbank\/","title":{"rendered":"RCS standard recycled plastic 10.000 mAh powerbank"},"content":{"rendered":"<p>10.000 mAh powerbank de dimensiuni pocket, unde carcasa este fabricat\u0103 din plastic ABS reciclat certificat RCS. RCS (Recycled Claim Standard) este un standard pentru a verifica con\u021binutul reciclat al unui produs pe \u00eentreaga lan\u021b de aprovizionare. Con\u021binut total reciclat: 20% din greutatea total\u0103 a articolului. C\u00e2nd este complet \u00eenc\u0103rcat, powerbank-ul \u00ee\u021bi ofer\u0103 suficient\u0103 energie pentru a-\u021bi re\u00eenc\u0103rca telefonul mobil de p\u00e2n\u0103 la cinci ori. Powerbank-ul con\u021bine o baterie de litiu polimer de \u00eenalt\u0103 densitate de grad A de 10.000 mAh, care dureaz\u0103 mult. Indicatorii de energie vor indica nivelul de energie r\u0103mas, astfel \u00eenc\u00e2t s\u0103 \u0219tii \u00eentotdeauna c\u00e2nd s\u0103 re\u00eencarci. Intrare Micro USB 5V\/2A; Intrare Type-C 5V\/2A; Ie\u0219ire USB 5V\/2A; Articolul \u0219i accesoriile sunt f\u0103r\u0103 PVC. Inclusiv cablu de \u00eenc\u0103rcare din material TPE reciclat f\u0103r\u0103 PVC.<\/p>","protected":false},"excerpt":{"rendered":"<p>10.000 mAh powerbank de dimensiuni pocket, unde carcasa este fabricat\u0103 din plastic ABS reciclat certificat RCS. RCS (Recycled Claim Standard)<\/p>","protected":false},"featured_media":165594,"comment_status":"open","ping_status":"closed","template":"","meta":[],"product_brand":[],"product_cat":[170],"product_tag":[],"class_list":{"0":"post-165597","1":"product","2":"type-product","3":"status-publish","4":"has-post-thumbnail","6":"product_cat-tehnologie-si-accesorii","8":"first","9":"instock","10":"shipping-taxable","11":"purchasable","12":"product-type-variable"},"_links":{"self":[{"href":"https:\/\/promis.ro\/ro\/wp-json\/wp\/v2\/product\/165597","targetHints":{"allow":["GET"]}}],"collection":[{"href":"https:\/\/promis.ro\/ro\/wp-json\/wp\/v2\/product"}],"about":[{"href":"https:\/\/promis.ro\/ro\/wp-json\/wp\/v2\/types\/product"}],"replies":[{"embeddable":true,"href":"https:\/\/promis.ro\/ro\/wp-json\/wp\/v2\/comments?post=165597"}],"version-history":[{"count":1,"href":"https:\/\/promis.ro\/ro\/wp-json\/wp\/v2\/product\/165597\/revisions"}],"predecessor-version":[{"id":173396,"href":"https:\/\/promis.ro\/ro\/wp-json\/wp\/v2\/product\/165597\/revisions\/173396"}],"wp:featuredmedia":[{"embeddable":true,"href":"https:\/\/promis.ro\/ro\/wp-json\/wp\/v2\/media\/165594"}],"wp:attachment":[{"href":"https:\/\/promis.ro\/ro\/wp-json\/wp\/v2\/media?parent=165597"}],"wp:term":[{"taxonomy":"product_brand","embeddable":true,"href":"https:\/\/promis.ro\/ro\/wp-json\/wp\/v2\/product_brand?post=165597"},{"taxonomy":"product_cat","embeddable":true,"href":"https:\/\/promis.ro\/ro\/wp-json\/wp\/v2\/product_cat?post=165597"},{"taxonomy":"product_tag","embeddable":true,"href":"https:\/\/promis.ro\/ro\/wp-json\/wp\/v2\/product_tag?post=165597"}],"curies":[{"name":"wp","href":"https:\/\/api.w.org\/{rel}","templated":true}]}}