{"id":165601,"date":"2025-11-12T04:16:59","date_gmt":"2025-11-12T04:16:59","guid":{"rendered":"https:\/\/promis.ro\/product\/rcs-standard-recycled-plastic-wireless-powerbank\/"},"modified":"2025-11-12T05:26:28","modified_gmt":"2025-11-12T05:26:28","slug":"rcs-standard-recycled-plastic-wireless-powerbank","status":"publish","type":"product","link":"https:\/\/promis.ro\/ro\/produs\/rcs-standard-recycled-plastic-wireless-powerbank\/","title":{"rendered":"RCS standard recycled plastic wireless powerbank"},"content":{"rendered":"<p>Powerbank de 8.000 mAh cu \u00eenc\u0103rc\u0103tor wireless de 5W, unde carcasa este fabricat\u0103 din plastic ABS reciclat certificat RCS. RCS (Recycled Claim Standard) este un standard pentru a verifica con\u021binutul reciclat al unui produs pe \u00eentreaga lan\u021b de aprovizionare. Con\u021binut total reciclat: 22% bazat pe greutatea total\u0103 a articolului. C\u00e2nd este complet \u00eenc\u0103rcat, powerbank-ul \u00ee\u021bi ofer\u0103 suficient\u0103 energie pentru a-\u021bi re\u00eenc\u0103rca telefonul mobil de p\u00e2n\u0103 la patru ori. Powerbank-ul con\u021bine o baterie litiu-polimer de grad A de 8.000 mAh, de lung\u0103 durat\u0103. Indicatorii de putere vor indica nivelul de energie r\u0103mas, astfel \u00eenc\u00e2t s\u0103 \u0219tii \u00eentotdeauna c\u00e2nd s\u0103 re\u00eencarci. Intrare Type-C 5V\/2A; Intrare Micro USB 5V\/2A; Ie\u0219ire wireless 5W; 2x ie\u0219ire USB 5V\/2A; Articolul \u0219i accesoriile sunt f\u0103r\u0103 PVC. Inclusiv cablu de \u00eenc\u0103rcare din material TPE reciclat f\u0103r\u0103 PVC.<\/p>","protected":false},"excerpt":{"rendered":"<p>Powerbank de 8.000 mAh cu \u00eenc\u0103rc\u0103tor wireless de 5W, unde carcasa este fabricat\u0103 din plastic ABS reciclat certificat RCS. RCS<\/p>","protected":false},"featured_media":165598,"comment_status":"open","ping_status":"closed","template":"","meta":[],"product_brand":[],"product_cat":[170],"product_tag":[],"class_list":{"0":"post-165601","1":"product","2":"type-product","3":"status-publish","4":"has-post-thumbnail","6":"product_cat-tehnologie-si-accesorii","8":"first","9":"instock","10":"shipping-taxable","11":"purchasable","12":"product-type-variable"},"_links":{"self":[{"href":"https:\/\/promis.ro\/ro\/wp-json\/wp\/v2\/product\/165601","targetHints":{"allow":["GET"]}}],"collection":[{"href":"https:\/\/promis.ro\/ro\/wp-json\/wp\/v2\/product"}],"about":[{"href":"https:\/\/promis.ro\/ro\/wp-json\/wp\/v2\/types\/product"}],"replies":[{"embeddable":true,"href":"https:\/\/promis.ro\/ro\/wp-json\/wp\/v2\/comments?post=165601"}],"version-history":[{"count":1,"href":"https:\/\/promis.ro\/ro\/wp-json\/wp\/v2\/product\/165601\/revisions"}],"predecessor-version":[{"id":173401,"href":"https:\/\/promis.ro\/ro\/wp-json\/wp\/v2\/product\/165601\/revisions\/173401"}],"wp:featuredmedia":[{"embeddable":true,"href":"https:\/\/promis.ro\/ro\/wp-json\/wp\/v2\/media\/165598"}],"wp:attachment":[{"href":"https:\/\/promis.ro\/ro\/wp-json\/wp\/v2\/media?parent=165601"}],"wp:term":[{"taxonomy":"product_brand","embeddable":true,"href":"https:\/\/promis.ro\/ro\/wp-json\/wp\/v2\/product_brand?post=165601"},{"taxonomy":"product_cat","embeddable":true,"href":"https:\/\/promis.ro\/ro\/wp-json\/wp\/v2\/product_cat?post=165601"},{"taxonomy":"product_tag","embeddable":true,"href":"https:\/\/promis.ro\/ro\/wp-json\/wp\/v2\/product_tag?post=165601"}],"curies":[{"name":"wp","href":"https:\/\/api.w.org\/{rel}","templated":true}]}}