{"id":165605,"date":"2025-11-12T04:17:02","date_gmt":"2025-11-12T04:17:02","guid":{"rendered":"https:\/\/promis.ro\/product\/terra-rcs-recycled-aluminium-powerbank-5-000-mah\/"},"modified":"2025-11-12T05:26:22","modified_gmt":"2025-11-12T05:26:22","slug":"terra-rcs-recycled-aluminium-powerbank-5-000-mah","status":"publish","type":"product","link":"https:\/\/promis.ro\/ro\/produs\/terra-rcs-recycled-aluminium-powerbank-5-000-mah\/","title":{"rendered":"Terra RCS recycled aluminium powerbank 5.000 mAh"},"content":{"rendered":"<p>Powerbank realizat din aluminiu reciclat certificat RCS (Recycled Claim Standard) \u0219i ABS. Con\u021binut total reciclat: 36% din greutatea total\u0103 a produsului. Certificarea RCS asigur\u0103 o lan\u021b de aprovizionare complet certificat al materialelor reciclate. Aluminiul nu \u00ee\u0219i pierde caracteristicile \u00een procesul de reciclare \u0219i poate fi reciclat la nesf\u00e2r\u0219it. Powerbank-ul con\u021bine o baterie litiu-polimer de grad A de 5.000 mAh, de lung\u0103 durat\u0103. Indicatorii de putere vor indica nivelul de energie r\u0103mas, astfel \u00eenc\u00e2t s\u0103 \u0219tii \u00eentotdeauna c\u00e2nd s\u0103 re\u00eencarci. Produsul \u0219i accesoriile sunt 100% f\u0103r\u0103 PVC. Include cablu de \u00eenc\u0103rcare tip C realizat din aluminiu reciclat certificat RCS, TPE \u0219i PET. Ambalat \u00een ambalaj FSC\u00ae mix. Ie\u0219ire USB 5\/2.4A, ie\u0219ire tip C: 5V\/2.4A. Intrare tip C: 2.4A. Intrare Micro USB: 5V\/2A.<\/p>","protected":false},"excerpt":{"rendered":"<p>Powerbank realizat din aluminiu reciclat certificat RCS (Recycled Claim Standard) \u0219i ABS. Con\u021binut total reciclat: 36% din greutatea total\u0103 a<\/p>","protected":false},"featured_media":165602,"comment_status":"open","ping_status":"closed","template":"","meta":[],"product_brand":[],"product_cat":[170],"product_tag":[],"class_list":{"0":"post-165605","1":"product","2":"type-product","3":"status-publish","4":"has-post-thumbnail","6":"product_cat-tehnologie-si-accesorii","8":"first","9":"instock","10":"shipping-taxable","11":"purchasable","12":"product-type-simple"},"_links":{"self":[{"href":"https:\/\/promis.ro\/ro\/wp-json\/wp\/v2\/product\/165605","targetHints":{"allow":["GET"]}}],"collection":[{"href":"https:\/\/promis.ro\/ro\/wp-json\/wp\/v2\/product"}],"about":[{"href":"https:\/\/promis.ro\/ro\/wp-json\/wp\/v2\/types\/product"}],"replies":[{"embeddable":true,"href":"https:\/\/promis.ro\/ro\/wp-json\/wp\/v2\/comments?post=165605"}],"version-history":[{"count":1,"href":"https:\/\/promis.ro\/ro\/wp-json\/wp\/v2\/product\/165605\/revisions"}],"predecessor-version":[{"id":173390,"href":"https:\/\/promis.ro\/ro\/wp-json\/wp\/v2\/product\/165605\/revisions\/173390"}],"wp:featuredmedia":[{"embeddable":true,"href":"https:\/\/promis.ro\/ro\/wp-json\/wp\/v2\/media\/165602"}],"wp:attachment":[{"href":"https:\/\/promis.ro\/ro\/wp-json\/wp\/v2\/media?parent=165605"}],"wp:term":[{"taxonomy":"product_brand","embeddable":true,"href":"https:\/\/promis.ro\/ro\/wp-json\/wp\/v2\/product_brand?post=165605"},{"taxonomy":"product_cat","embeddable":true,"href":"https:\/\/promis.ro\/ro\/wp-json\/wp\/v2\/product_cat?post=165605"},{"taxonomy":"product_tag","embeddable":true,"href":"https:\/\/promis.ro\/ro\/wp-json\/wp\/v2\/product_tag?post=165605"}],"curies":[{"name":"wp","href":"https:\/\/api.w.org\/{rel}","templated":true}]}}