{"id":165617,"date":"2025-11-12T04:17:12","date_gmt":"2025-11-12T04:17:12","guid":{"rendered":"https:\/\/promis.ro\/product\/urban-vitamin-delano-5in1-10000mah-20wpd-magnetic-powerbank\/"},"modified":"2025-11-12T05:26:28","modified_gmt":"2025-11-12T05:26:28","slug":"urban-vitamin-delano-5in1-10000mah-20wpd-magnetic-powerbank","status":"publish","type":"product","link":"https:\/\/promis.ro\/ro\/produs\/urban-vitamin-delano-5in1-10000mah-20wpd-magnetic-powerbank\/","title":{"rendered":"Urban Vitamin Delano 5in1 10,000mah 20WPD magnetic powerbank"},"content":{"rendered":"<p>Toate op\u021biunile de \u00eenc\u0103rcare de care ai nevoie \u00eentr-un design sub\u021bire de powerbank. \u00cent\u00e2lne\u0219te Delano, powerbank-ul de 10.000mAh 5-in-1 cu \u00eenc\u0103rcare rapid\u0103 de 20W PD. Este echipat cu un \u00eenc\u0103rc\u0103tor wireless magnetic super puternic de 15W, care poate \u00eenc\u0103rca telefonul t\u0103u f\u0103r\u0103 fir la viteza maxim\u0103. Acela\u0219i \u00eenc\u0103rc\u0103tor poate \u00eenc\u0103rca \u0219i AirPods-urile sau Apple Watch-ul t\u0103u. Ai nevoie de un impuls \u0219i mai rapid pentru a te ajuta s\u0103 treci prin zi? Delano suport\u0103 \u00eenc\u0103rcarea rapid\u0103 de 20W prin portul s\u0103u USB-C, at\u00e2t pentru re\u00eenc\u0103rcarea powerbank-ului \u00een sine, c\u00e2t \u0219i pentru super\u00eenc\u0103rcarea dispozitivului t\u0103u. Are chiar un cablu USB-C de \u00eenc\u0103rcare rapid\u0103 integrat \u0219i un cablu lightning \u00eencorporat pentru a \u00eenc\u0103rca modelele mai pu\u021bin recente de iPhone. Cu un suport integrat, po\u021bi monta telefonul t\u0103u \u00een timpul \u00eenc\u0103rc\u0103rii pentru a viziona filme sau alte con\u021binuturi. Fabricat din ABS reciclat certificat RCS (Recycled Claim Standard) \u0219i plastic PC reciclat, con\u021binutul total reciclat este de 24% din greutatea total\u0103 a produsului. Produsele Urban Vitamin sunt fabricate f\u0103r\u0103 PVC \u0219i sunt ambalate \u00een ambalaje cu plastic redus.<\/p>","protected":false},"excerpt":{"rendered":"<p>Toate op\u021biunile de \u00eenc\u0103rcare de care ai nevoie \u00eentr-un design sub\u021bire de powerbank. \u00cent\u00e2lne\u0219te Delano, powerbank-ul de 10.000mAh 5-in-1 cu<\/p>","protected":false},"featured_media":165614,"comment_status":"open","ping_status":"closed","template":"","meta":[],"product_brand":[],"product_cat":[170],"product_tag":[],"class_list":{"0":"post-165617","1":"product","2":"type-product","3":"status-publish","4":"has-post-thumbnail","6":"product_cat-tehnologie-si-accesorii","8":"first","9":"outofstock","10":"shipping-taxable","11":"purchasable","12":"product-type-simple"},"_links":{"self":[{"href":"https:\/\/promis.ro\/ro\/wp-json\/wp\/v2\/product\/165617","targetHints":{"allow":["GET"]}}],"collection":[{"href":"https:\/\/promis.ro\/ro\/wp-json\/wp\/v2\/product"}],"about":[{"href":"https:\/\/promis.ro\/ro\/wp-json\/wp\/v2\/types\/product"}],"replies":[{"embeddable":true,"href":"https:\/\/promis.ro\/ro\/wp-json\/wp\/v2\/comments?post=165617"}],"version-history":[{"count":1,"href":"https:\/\/promis.ro\/ro\/wp-json\/wp\/v2\/product\/165617\/revisions"}],"predecessor-version":[{"id":173402,"href":"https:\/\/promis.ro\/ro\/wp-json\/wp\/v2\/product\/165617\/revisions\/173402"}],"wp:featuredmedia":[{"embeddable":true,"href":"https:\/\/promis.ro\/ro\/wp-json\/wp\/v2\/media\/165614"}],"wp:attachment":[{"href":"https:\/\/promis.ro\/ro\/wp-json\/wp\/v2\/media?parent=165617"}],"wp:term":[{"taxonomy":"product_brand","embeddable":true,"href":"https:\/\/promis.ro\/ro\/wp-json\/wp\/v2\/product_brand?post=165617"},{"taxonomy":"product_cat","embeddable":true,"href":"https:\/\/promis.ro\/ro\/wp-json\/wp\/v2\/product_cat?post=165617"},{"taxonomy":"product_tag","embeddable":true,"href":"https:\/\/promis.ro\/ro\/wp-json\/wp\/v2\/product_tag?post=165617"}],"curies":[{"name":"wp","href":"https:\/\/api.w.org\/{rel}","templated":true}]}}