{"id":165621,"date":"2025-11-12T04:17:14","date_gmt":"2025-11-12T04:17:14","guid":{"rendered":"https:\/\/promis.ro\/product\/urban-vitamin-emeryville-20w-10-000mah-powerbank\/"},"modified":"2025-11-12T05:26:27","modified_gmt":"2025-11-12T05:26:27","slug":"urban-vitamin-emeryville-20w-10-000mah-powerbank","status":"publish","type":"product","link":"https:\/\/promis.ro\/ro\/produs\/urban-vitamin-emeryville-20w-10-000mah-powerbank\/","title":{"rendered":"Urban Vitamin Emeryville 20W 10.000mAh Powerbank"},"content":{"rendered":"<p>Cablu t\u0103u este \u00eentotdeauna cu tine \u2014 \u0219i puterea este de asemenea. Emeryville este un powerbank de 10.000 mAh care \u00ee\u021bi permite s\u0103 \u00eencarci toate dispozitivele mobile la vitez\u0103 maxim\u0103 \u2014 cu o convenien\u021b\u0103 suprem\u0103. Datorit\u0103 cablului USB-C retractabil integrat de 70 cm, nu vei mai fi niciodat\u0103 nevoit s\u0103 cau\u021bi un cablu. Nu doar c\u0103 Emeryville se \u00eencarc\u0103 cu o vitez\u0103 fulger\u0103toare, dar ofer\u0103 \u0219i cea mai rapid\u0103 modalitate de a re\u00eenc\u0103rca powerbank-ul \u00een sine \u2014 complet \u00eenc\u0103rcat \u00een doar 2 ore. Dispune de ie\u0219ire dual\u0103 USB-C, permi\u021b\u00e2ndu-\u021bi s\u0103 \u00eencarci dou\u0103 dispozitive simultan. Unul prin portul USB-C \u0219i unul folosind cablul \u00eencorporat. Ambele suport\u0103 \u00eenc\u0103rcarea super-rapid\u0103 PD de p\u00e2n\u0103 la 20W. Emeryville este fabricat din ABS \u0219i PC reciclat, certificate RCS (Recycled Claim Standard). Con\u021binut total reciclat: 24% din greutatea total\u0103 a articolului. Produsele Urban Vitamin sunt fabricate f\u0103r\u0103 PVC \u0219i ambalate \u00een ambalaje din plastic reduse.<\/p>","protected":false},"excerpt":{"rendered":"<p>Cablu t\u0103u este \u00eentotdeauna cu tine \u2014 \u0219i puterea este de asemenea. Emeryville este un powerbank de 10.000 mAh care<\/p>","protected":false},"featured_media":165618,"comment_status":"open","ping_status":"closed","template":"","meta":[],"product_brand":[],"product_cat":[170],"product_tag":[],"class_list":{"0":"post-165621","1":"product","2":"type-product","3":"status-publish","4":"has-post-thumbnail","6":"product_cat-tehnologie-si-accesorii","8":"first","9":"outofstock","10":"shipping-taxable","11":"purchasable","12":"product-type-simple"},"_links":{"self":[{"href":"https:\/\/promis.ro\/ro\/wp-json\/wp\/v2\/product\/165621","targetHints":{"allow":["GET"]}}],"collection":[{"href":"https:\/\/promis.ro\/ro\/wp-json\/wp\/v2\/product"}],"about":[{"href":"https:\/\/promis.ro\/ro\/wp-json\/wp\/v2\/types\/product"}],"replies":[{"embeddable":true,"href":"https:\/\/promis.ro\/ro\/wp-json\/wp\/v2\/comments?post=165621"}],"version-history":[{"count":1,"href":"https:\/\/promis.ro\/ro\/wp-json\/wp\/v2\/product\/165621\/revisions"}],"predecessor-version":[{"id":173400,"href":"https:\/\/promis.ro\/ro\/wp-json\/wp\/v2\/product\/165621\/revisions\/173400"}],"wp:featuredmedia":[{"embeddable":true,"href":"https:\/\/promis.ro\/ro\/wp-json\/wp\/v2\/media\/165618"}],"wp:attachment":[{"href":"https:\/\/promis.ro\/ro\/wp-json\/wp\/v2\/media?parent=165621"}],"wp:term":[{"taxonomy":"product_brand","embeddable":true,"href":"https:\/\/promis.ro\/ro\/wp-json\/wp\/v2\/product_brand?post=165621"},{"taxonomy":"product_cat","embeddable":true,"href":"https:\/\/promis.ro\/ro\/wp-json\/wp\/v2\/product_cat?post=165621"},{"taxonomy":"product_tag","embeddable":true,"href":"https:\/\/promis.ro\/ro\/wp-json\/wp\/v2\/product_tag?post=165621"}],"curies":[{"name":"wp","href":"https:\/\/api.w.org\/{rel}","templated":true}]}}