{"id":165625,"date":"2025-11-12T04:17:17","date_gmt":"2025-11-12T04:17:17","guid":{"rendered":"https:\/\/promis.ro\/product\/urban-vitamin-san-mateo-45w-20-000-mah-powerbank\/"},"modified":"2025-11-12T05:26:31","modified_gmt":"2025-11-12T05:26:31","slug":"urban-vitamin-san-mateo-45w-20-000-mah-powerbank","status":"publish","type":"product","link":"https:\/\/promis.ro\/ro\/produs\/urban-vitamin-san-mateo-45w-20-000-mah-powerbank\/","title":{"rendered":"Urban Vitamin San Mateo 45W 20.000 mAh Powerbank"},"content":{"rendered":"<p>Cablu t\u0103u este mereu cu tine \u2014 \u0219i puterea este de asemenea. San Mateo este un powerbank de 20.000 mAh care \u00ee\u021bi permite s\u0103 \u00eencarci toate dispozitivele mobile la vitez\u0103 maxim\u0103 \u2014 cu o convenien\u021b\u0103 suprem\u0103. Datorit\u0103 cablului USB-C retractabil integrat de 70 cm, nu vei mai fi niciodat\u0103 nevoit s\u0103 cau\u021bi un cablu. San Mateo nu doar c\u0103 se \u00eencarc\u0103 cu o vitez\u0103 fulger\u0103toare, ci ofer\u0103 \u0219i cea mai rapid\u0103 modalitate de a re\u00eenc\u0103rca powerbank-ul \u00een sine \u2014 complet \u00eenc\u0103rcat \u00een doar c\u00e2teva ore. Dispune de ie\u0219ire dual\u0103 USB-C \u0219i o ie\u0219ire USB A, permi\u021b\u00e2ndu-\u021bi s\u0103 \u00eencarci trei dispozitive simultan. Dou\u0103 prin porturile USB-C\/USB A \u0219i unul folosind cablul \u00eencorporat. Ambele porturi USB C suport\u0103 \u00eenc\u0103rcarea super rapid\u0103 PD de p\u00e2n\u0103 la 45W, f\u0103c\u00e2ndu-l suficient de puternic chiar \u0219i pentru dispozitivele care au nevoie de pu\u021bin mai mult\u0103 putere. San Mateo este fabricat din ABS \u0219i PC reciclat, certificate RCS (Recycled Claim Standard). Con\u021binut total reciclat: 19% din greutatea total\u0103 a articolului. Produsele Urban Vitamin sunt fabricate f\u0103r\u0103 PVC \u0219i ambalate \u00een ambalaje cu plastic redus.<\/p>","protected":false},"excerpt":{"rendered":"<p>Cablu t\u0103u este mereu cu tine \u2014 \u0219i puterea este de asemenea. San Mateo este un powerbank de 20.000 mAh<\/p>","protected":false},"featured_media":165622,"comment_status":"open","ping_status":"closed","template":"","meta":[],"product_brand":[],"product_cat":[170],"product_tag":[],"class_list":{"0":"post-165625","1":"product","2":"type-product","3":"status-publish","4":"has-post-thumbnail","6":"product_cat-tehnologie-si-accesorii","8":"first","9":"outofstock","10":"shipping-taxable","11":"purchasable","12":"product-type-simple"},"_links":{"self":[{"href":"https:\/\/promis.ro\/ro\/wp-json\/wp\/v2\/product\/165625","targetHints":{"allow":["GET"]}}],"collection":[{"href":"https:\/\/promis.ro\/ro\/wp-json\/wp\/v2\/product"}],"about":[{"href":"https:\/\/promis.ro\/ro\/wp-json\/wp\/v2\/types\/product"}],"replies":[{"embeddable":true,"href":"https:\/\/promis.ro\/ro\/wp-json\/wp\/v2\/comments?post=165625"}],"version-history":[{"count":1,"href":"https:\/\/promis.ro\/ro\/wp-json\/wp\/v2\/product\/165625\/revisions"}],"predecessor-version":[{"id":173406,"href":"https:\/\/promis.ro\/ro\/wp-json\/wp\/v2\/product\/165625\/revisions\/173406"}],"wp:featuredmedia":[{"embeddable":true,"href":"https:\/\/promis.ro\/ro\/wp-json\/wp\/v2\/media\/165622"}],"wp:attachment":[{"href":"https:\/\/promis.ro\/ro\/wp-json\/wp\/v2\/media?parent=165625"}],"wp:term":[{"taxonomy":"product_brand","embeddable":true,"href":"https:\/\/promis.ro\/ro\/wp-json\/wp\/v2\/product_brand?post=165625"},{"taxonomy":"product_cat","embeddable":true,"href":"https:\/\/promis.ro\/ro\/wp-json\/wp\/v2\/product_cat?post=165625"},{"taxonomy":"product_tag","embeddable":true,"href":"https:\/\/promis.ro\/ro\/wp-json\/wp\/v2\/product_tag?post=165625"}],"curies":[{"name":"wp","href":"https:\/\/api.w.org\/{rel}","templated":true}]}}