{"id":165629,"date":"2025-11-12T04:17:20","date_gmt":"2025-11-12T04:17:20","guid":{"rendered":"https:\/\/promis.ro\/product\/urban-vitamin-pasadena-20-000-mah-18w-pd-powerbank\/"},"modified":"2025-11-12T05:26:27","modified_gmt":"2025-11-12T05:26:27","slug":"urban-vitamin-pasadena-20-000-mah-18w-pd-powerbank","status":"publish","type":"product","link":"https:\/\/promis.ro\/ro\/produs\/urban-vitamin-pasadena-20-000-mah-18w-pd-powerbank\/","title":{"rendered":"Urban Vitamin Pasadena 20.000 mAh 18W PD powerbank"},"content":{"rendered":"<p>\u00cenc\u0103rca\u021bi-v\u0103 telefonul de p\u00e2n\u0103 la 5 ori cu acest powerbank cu \u00eenc\u0103rcare rapid\u0103. Datorit\u0103 portului ultra rapid de tip C 18W PD, powerbank-ul se re\u00eencarc\u0103 \u00eentr-un timp record. \u00cenc\u0103rcarea telefonului p\u00e2n\u0103 la 50% dureaz\u0103 doar 30 de minute. \u00cenc\u0103rcarea lent\u0103 este ceva din trecut. Powerbank-ul con\u021bine o baterie de lung\u0103 durat\u0103 de clas\u0103 A de 20.000 mah pentru a \u00eenc\u0103rca toate dispozitivele dumneavoastr\u0103 \u00een c\u0103l\u0103torii \u0219i aventuri. Porturile duble USB A \u0219i tip C v\u0103 permit s\u0103 \u00eenc\u0103rca\u021bi p\u00e2n\u0103 la 3 dispozitive simultan. Produsele Urban Vitamin sunt fabricate f\u0103r\u0103 PVC \u0219i ambalate \u00een ambalaje cu plastic redus. Intrare Type-C: 5V\/3A, 9V\/2A; Intrare Micro USB: 5V\/2A, 9V\/2A; Ie\u0219ire Type-C: 5V\/3A, 9V\/2A, 12V\/1.5A; Ie\u0219ire USB: 5V\/2.4A, 9V\/2A, 12V\/1.5A.<\/p>","protected":false},"excerpt":{"rendered":"<p>\u00cenc\u0103rca\u021bi-v\u0103 telefonul de p\u00e2n\u0103 la 5 ori cu acest powerbank cu \u00eenc\u0103rcare rapid\u0103. Datorit\u0103 portului ultra rapid de tip C<\/p>","protected":false},"featured_media":165626,"comment_status":"open","ping_status":"closed","template":"","meta":[],"product_brand":[],"product_cat":[170],"product_tag":[],"class_list":{"0":"post-165629","1":"product","2":"type-product","3":"status-publish","4":"has-post-thumbnail","6":"product_cat-tehnologie-si-accesorii","8":"first","9":"instock","10":"shipping-taxable","11":"purchasable","12":"product-type-variable"},"_links":{"self":[{"href":"https:\/\/promis.ro\/ro\/wp-json\/wp\/v2\/product\/165629","targetHints":{"allow":["GET"]}}],"collection":[{"href":"https:\/\/promis.ro\/ro\/wp-json\/wp\/v2\/product"}],"about":[{"href":"https:\/\/promis.ro\/ro\/wp-json\/wp\/v2\/types\/product"}],"replies":[{"embeddable":true,"href":"https:\/\/promis.ro\/ro\/wp-json\/wp\/v2\/comments?post=165629"}],"version-history":[{"count":1,"href":"https:\/\/promis.ro\/ro\/wp-json\/wp\/v2\/product\/165629\/revisions"}],"predecessor-version":[{"id":173399,"href":"https:\/\/promis.ro\/ro\/wp-json\/wp\/v2\/product\/165629\/revisions\/173399"}],"wp:featuredmedia":[{"embeddable":true,"href":"https:\/\/promis.ro\/ro\/wp-json\/wp\/v2\/media\/165626"}],"wp:attachment":[{"href":"https:\/\/promis.ro\/ro\/wp-json\/wp\/v2\/media?parent=165629"}],"wp:term":[{"taxonomy":"product_brand","embeddable":true,"href":"https:\/\/promis.ro\/ro\/wp-json\/wp\/v2\/product_brand?post=165629"},{"taxonomy":"product_cat","embeddable":true,"href":"https:\/\/promis.ro\/ro\/wp-json\/wp\/v2\/product_cat?post=165629"},{"taxonomy":"product_tag","embeddable":true,"href":"https:\/\/promis.ro\/ro\/wp-json\/wp\/v2\/product_tag?post=165629"}],"curies":[{"name":"wp","href":"https:\/\/api.w.org\/{rel}","templated":true}]}}