{"id":165633,"date":"2025-11-12T04:17:23","date_gmt":"2025-11-12T04:17:23","guid":{"rendered":"https:\/\/promis.ro\/product\/urban-vitamin-campbell-55w-10-000mah-pocket-powerbank\/"},"modified":"2025-11-12T05:26:24","modified_gmt":"2025-11-12T05:26:24","slug":"urban-vitamin-campbell-55w-10-000mah-pocket-powerbank","status":"publish","type":"product","link":"https:\/\/promis.ro\/ro\/produs\/urban-vitamin-campbell-55w-10-000mah-pocket-powerbank\/","title":{"rendered":"Urban Vitamin Campbell 55W 10.000mAh pocket powerbank"},"content":{"rendered":"<p>Powerbank-ul Urban Vitamin Campbell este o solu\u021bie de \u00eenc\u0103rcare de ultim\u0103 genera\u021bie, conceput\u0103 pentru a te men\u021bine alimentat \u00een mi\u0219care. Cu o capacitate puternic\u0103 de 10.000 mAh, compact\u0103 \u0219i u\u0219or de transportat, acest \u00eenc\u0103rc\u0103tor asigur\u0103 c\u0103 dispozitivele tale sunt \u00eentotdeauna preg\u0103tite atunci c\u00e2nd ai nevoie de ele. Dotat cu un ecran color TFT de \u00eenalt\u0103 calitate, Campbell ofer\u0103 informa\u021bii \u00een timp real despre viteza de \u00eenc\u0103rcare \u0219i alte detalii esen\u021biale, oferindu-\u021bi control \u0219i perspective complete. Echipat cu trei porturi de ie\u0219ire, inclusiv dou\u0103 USB-C \u0219i unul USB-A, ofer\u0103 o putere impresionant\u0103 de 55W, capabil s\u0103 \u00eencarce smartphone-uri, tablete \u0219i chiar laptopuri \u0219i MacBook-uri la vitez\u0103 maxim\u0103. Fabricat din aluminiu durabil, combin\u0103 estetica premium cu o construc\u021bie robust\u0103, f\u0103c\u00e2ndu-l un accesoriu elegant \u0219i de \u00eencredere pentru stilurile de via\u021b\u0103 moderne. Produsele Urban Vitamin sunt fabricate f\u0103r\u0103 PVC \u0219i sunt ambalate \u00een ambalaje cu con\u021binut redus de plastic.<\/p>","protected":false},"excerpt":{"rendered":"<p>Powerbank-ul Urban Vitamin Campbell este o solu\u021bie de \u00eenc\u0103rcare de ultim\u0103 genera\u021bie, conceput\u0103 pentru a te men\u021bine alimentat \u00een mi\u0219care.<\/p>","protected":false},"featured_media":165630,"comment_status":"open","ping_status":"closed","template":"","meta":[],"product_brand":[],"product_cat":[170],"product_tag":[],"class_list":{"0":"post-165633","1":"product","2":"type-product","3":"status-publish","4":"has-post-thumbnail","6":"product_cat-tehnologie-si-accesorii","8":"first","9":"outofstock","10":"shipping-taxable","11":"purchasable","12":"product-type-simple"},"_links":{"self":[{"href":"https:\/\/promis.ro\/ro\/wp-json\/wp\/v2\/product\/165633","targetHints":{"allow":["GET"]}}],"collection":[{"href":"https:\/\/promis.ro\/ro\/wp-json\/wp\/v2\/product"}],"about":[{"href":"https:\/\/promis.ro\/ro\/wp-json\/wp\/v2\/types\/product"}],"replies":[{"embeddable":true,"href":"https:\/\/promis.ro\/ro\/wp-json\/wp\/v2\/comments?post=165633"}],"version-history":[{"count":1,"href":"https:\/\/promis.ro\/ro\/wp-json\/wp\/v2\/product\/165633\/revisions"}],"predecessor-version":[{"id":173394,"href":"https:\/\/promis.ro\/ro\/wp-json\/wp\/v2\/product\/165633\/revisions\/173394"}],"wp:featuredmedia":[{"embeddable":true,"href":"https:\/\/promis.ro\/ro\/wp-json\/wp\/v2\/media\/165630"}],"wp:attachment":[{"href":"https:\/\/promis.ro\/ro\/wp-json\/wp\/v2\/media?parent=165633"}],"wp:term":[{"taxonomy":"product_brand","embeddable":true,"href":"https:\/\/promis.ro\/ro\/wp-json\/wp\/v2\/product_brand?post=165633"},{"taxonomy":"product_cat","embeddable":true,"href":"https:\/\/promis.ro\/ro\/wp-json\/wp\/v2\/product_cat?post=165633"},{"taxonomy":"product_tag","embeddable":true,"href":"https:\/\/promis.ro\/ro\/wp-json\/wp\/v2\/product_tag?post=165633"}],"curies":[{"name":"wp","href":"https:\/\/api.w.org\/{rel}","templated":true}]}}