{"id":165637,"date":"2025-11-12T04:17:26","date_gmt":"2025-11-12T04:17:26","guid":{"rendered":"https:\/\/promis.ro\/product\/urban-vitamin-sunnyvale-100w-15-000mah-magnetic-powerbank\/"},"modified":"2025-11-12T05:26:25","modified_gmt":"2025-11-12T05:26:25","slug":"urban-vitamin-sunnyvale-100w-15-000mah-magnetic-powerbank","status":"publish","type":"product","link":"https:\/\/promis.ro\/ro\/produs\/urban-vitamin-sunnyvale-100w-15-000mah-magnetic-powerbank\/","title":{"rendered":"Urban Vitamin Sunnyvale 100W 15.000mAh magnetic powerbank"},"content":{"rendered":"<p>Powerbank-ul Urban Vitamin Sunnyvale este o solu\u021bie de \u00eenc\u0103rcare de ultim\u0103 genera\u021bie, conceput\u0103 pentru a satisface cerin\u021bele vie\u021bii moderne. Cu o capacitate robust\u0103 de 15.000 mAh \u0219i suport pentru \u00eenc\u0103rcare ultra-rapid\u0103 de 100W, acest powerbank asigur\u0103 c\u0103 toate dispozitivele tale, inclusiv laptopurile \u0219i MacBook-urile, r\u0103m\u00e2n alimentate cu vitez\u0103 fulger. Dispune de un display color TFT de \u00eenalt\u0103 calitate care ofer\u0103 actualiz\u0103ri \u00een timp real despre viteza de \u00eenc\u0103rcare \u0219i alte detalii esen\u021biale pentru o convenien\u021b\u0103 maxim\u0103. Ceea ce face ca Sunnyvale s\u0103 se deosebeasc\u0103 este suportul s\u0103u magnetic wireless integrat de 15W pentru telefon, permi\u021b\u00e2ndu-\u021bi s\u0103 \u00ee\u021bi \u00eencarci telefonul f\u0103r\u0103 fir \u00een timp ce \u00eel men\u021bii perfect pozi\u021bionat pentru utilizare hands-free. Cu trei porturi de ie\u0219ire\u2014dou\u0103 USB-C \u0219i unul USB-A\u2014\u0219i op\u021biunea de \u00eenc\u0103rcare wireless, Sunnyvale poate \u00eenc\u0103rca p\u00e2n\u0103 la patru dispozitive simultan, f\u0103c\u00e2ndu-l un companion versatil pentru orice situa\u021bie. Fabricat din aluminiu durabil, Sunnyvale combin\u0103 un aspect \u0219i o senza\u021bie premium cu un design compact \u0219i portabil. F\u0103r\u0103 PVC.<\/p>","protected":false},"excerpt":{"rendered":"<p>Powerbank-ul Urban Vitamin Sunnyvale este o solu\u021bie de \u00eenc\u0103rcare de ultim\u0103 genera\u021bie, conceput\u0103 pentru a satisface cerin\u021bele vie\u021bii moderne. Cu<\/p>","protected":false},"featured_media":165634,"comment_status":"open","ping_status":"closed","template":"","meta":[],"product_brand":[],"product_cat":[170],"product_tag":[],"class_list":{"0":"post-165637","1":"product","2":"type-product","3":"status-publish","4":"has-post-thumbnail","6":"product_cat-tehnologie-si-accesorii","8":"first","9":"instock","10":"shipping-taxable","11":"purchasable","12":"product-type-simple"},"_links":{"self":[{"href":"https:\/\/promis.ro\/ro\/wp-json\/wp\/v2\/product\/165637","targetHints":{"allow":["GET"]}}],"collection":[{"href":"https:\/\/promis.ro\/ro\/wp-json\/wp\/v2\/product"}],"about":[{"href":"https:\/\/promis.ro\/ro\/wp-json\/wp\/v2\/types\/product"}],"replies":[{"embeddable":true,"href":"https:\/\/promis.ro\/ro\/wp-json\/wp\/v2\/comments?post=165637"}],"version-history":[{"count":1,"href":"https:\/\/promis.ro\/ro\/wp-json\/wp\/v2\/product\/165637\/revisions"}],"predecessor-version":[{"id":173395,"href":"https:\/\/promis.ro\/ro\/wp-json\/wp\/v2\/product\/165637\/revisions\/173395"}],"wp:featuredmedia":[{"embeddable":true,"href":"https:\/\/promis.ro\/ro\/wp-json\/wp\/v2\/media\/165634"}],"wp:attachment":[{"href":"https:\/\/promis.ro\/ro\/wp-json\/wp\/v2\/media?parent=165637"}],"wp:term":[{"taxonomy":"product_brand","embeddable":true,"href":"https:\/\/promis.ro\/ro\/wp-json\/wp\/v2\/product_brand?post=165637"},{"taxonomy":"product_cat","embeddable":true,"href":"https:\/\/promis.ro\/ro\/wp-json\/wp\/v2\/product_cat?post=165637"},{"taxonomy":"product_tag","embeddable":true,"href":"https:\/\/promis.ro\/ro\/wp-json\/wp\/v2\/product_tag?post=165637"}],"curies":[{"name":"wp","href":"https:\/\/api.w.org\/{rel}","templated":true}]}}