{"id":165641,"date":"2025-11-12T04:17:30","date_gmt":"2025-11-12T04:17:30","guid":{"rendered":"https:\/\/promis.ro\/product\/urban-vitamin-stanford-165w-20-000mah-powerbank\/"},"modified":"2025-11-12T05:26:26","modified_gmt":"2025-11-12T05:26:26","slug":"urban-vitamin-stanford-165w-20-000mah-powerbank","status":"publish","type":"product","link":"https:\/\/promis.ro\/ro\/produs\/urban-vitamin-stanford-165w-20-000mah-powerbank\/","title":{"rendered":"Urban Vitamin Stanford 165W 20.000mAh powerbank"},"content":{"rendered":"<p>Powerbank-ul Urban Vitamin Stanford este v\u00e2rful tehnologiei avansate de \u00eenc\u0103rcare, oferind o performan\u021b\u0103 f\u0103r\u0103 egal pentru cei care cer ce este mai bun. Cu o capacitate robust\u0103 de 20,000 mAh, Stanford suport\u0103 o \u00eenc\u0103rcare mega-rapid\u0103 incredibil\u0103 de 165W, asigur\u00e2ndu-se c\u0103 dispozitivele tale, inclusiv mai multe laptopuri \u0219i MacBook-uri, sunt alimentate simultan \u0219i cu o vitez\u0103 fulger\u0103toare. Echipat cu trei op\u021biuni de ie\u0219ire: \u2014dou\u0103 USB-C \u0219i un USB-A\u2014, Stanford este proiectat pentru o versatilitate maxim\u0103. De asemenea, dispune de un cablu rapid USB-C integrat retractabil de 70 cm, reduc\u00e2nd necesitatea de a transporta accesorii suplimentare. Ecranul color TFT de \u00eenalt\u0103 calitate ofer\u0103 actualiz\u0103ri \u00een timp real despre viteza de \u00eenc\u0103rcare \u0219i starea dispozitivului, men\u021bin\u00e2ndu-te complet informat \u00een timpul fiec\u0103rei \u00eenc\u0103rc\u0103ri. Construit cu un carcas\u0103 durabil\u0103 din aluminiu, Stanford ofer\u0103 un aspect \u0219i o senza\u021bie premium, men\u021bin\u00e2nd \u00een acela\u0219i timp un design u\u0219or \u0219i portabil. Produsele Urban Vitamin sunt fabricate f\u0103r\u0103 PVC \u0219i sunt ambalate \u00een ambalaje cu con\u021binut redus de plastic.<\/p>","protected":false},"excerpt":{"rendered":"<p>Powerbank-ul Urban Vitamin Stanford este v\u00e2rful tehnologiei avansate de \u00eenc\u0103rcare, oferind o performan\u021b\u0103 f\u0103r\u0103 egal pentru cei care cer ce<\/p>","protected":false},"featured_media":165638,"comment_status":"open","ping_status":"closed","template":"","meta":[],"product_brand":[],"product_cat":[170],"product_tag":[],"class_list":{"0":"post-165641","1":"product","2":"type-product","3":"status-publish","4":"has-post-thumbnail","6":"product_cat-tehnologie-si-accesorii","8":"first","9":"instock","10":"shipping-taxable","11":"purchasable","12":"product-type-simple"},"_links":{"self":[{"href":"https:\/\/promis.ro\/ro\/wp-json\/wp\/v2\/product\/165641","targetHints":{"allow":["GET"]}}],"collection":[{"href":"https:\/\/promis.ro\/ro\/wp-json\/wp\/v2\/product"}],"about":[{"href":"https:\/\/promis.ro\/ro\/wp-json\/wp\/v2\/types\/product"}],"replies":[{"embeddable":true,"href":"https:\/\/promis.ro\/ro\/wp-json\/wp\/v2\/comments?post=165641"}],"version-history":[{"count":1,"href":"https:\/\/promis.ro\/ro\/wp-json\/wp\/v2\/product\/165641\/revisions"}],"predecessor-version":[{"id":173398,"href":"https:\/\/promis.ro\/ro\/wp-json\/wp\/v2\/product\/165641\/revisions\/173398"}],"wp:featuredmedia":[{"embeddable":true,"href":"https:\/\/promis.ro\/ro\/wp-json\/wp\/v2\/media\/165638"}],"wp:attachment":[{"href":"https:\/\/promis.ro\/ro\/wp-json\/wp\/v2\/media?parent=165641"}],"wp:term":[{"taxonomy":"product_brand","embeddable":true,"href":"https:\/\/promis.ro\/ro\/wp-json\/wp\/v2\/product_brand?post=165641"},{"taxonomy":"product_cat","embeddable":true,"href":"https:\/\/promis.ro\/ro\/wp-json\/wp\/v2\/product_cat?post=165641"},{"taxonomy":"product_tag","embeddable":true,"href":"https:\/\/promis.ro\/ro\/wp-json\/wp\/v2\/product_tag?post=165641"}],"curies":[{"name":"wp","href":"https:\/\/api.w.org\/{rel}","templated":true}]}}