{"id":165645,"date":"2025-11-12T04:17:33","date_gmt":"2025-11-12T04:17:33","guid":{"rendered":"https:\/\/promis.ro\/product\/gridley-rcs-rplastic-20000-65w-laptop-powerbank\/"},"modified":"2025-11-12T05:26:23","modified_gmt":"2025-11-12T05:26:23","slug":"gridley-rcs-rplastic-20000-65w-laptop-powerbank","status":"publish","type":"product","link":"https:\/\/promis.ro\/ro\/produs\/gridley-rcs-rplastic-20000-65w-laptop-powerbank\/","title":{"rendered":"Gridley RCS rplastic 20000 65W laptop powerbank"},"content":{"rendered":"<p>S\u0103tul de c\u0103ut\u0103rile constante dup\u0103 prize? \u00cent\u00e2lne\u0219te Powerbank-ul 65W Supercharge! 20.000 mAh 20W PD powerbank, unde carcasa este realizat\u0103 din plastic ABS reciclat certificat RCS. RCS (Recycled Claim Standard) este un standard pentru a verifica con\u021binutul reciclat al unui produs pe \u00eentreaga lan\u021b de aprovizionare. Con\u021binut total reciclat: 13 % bazat pe greutatea total\u0103 a articolului. \u00cencarc\u0103 toate dispozitivele tale cu u\u0219urin\u021b\u0103 datorit\u0103 puterii sale de ie\u0219ire de 65W \u0219i cablurilor integrate Type C \u0219i iOS. Spune adio cablurilor \u00eencurcate \u0219i a\u0219tept\u0103rii pentru re\u00eenc\u0103rc\u0103ri\u2014acest powerbank suport\u0103 re\u00eenc\u0103rcarea rapid\u0103 de 45W prin Type C \u0219i \u00eenc\u0103rcarea super rapid\u0103 cu Type C (p\u00e2n\u0103 la 65W) \u0219i USB A (p\u00e2n\u0103 la 22.5W). Indiferent dac\u0103 e\u0219ti un profesionist ocupat, un student \u00een mi\u0219care sau un aventurier, acest powerbank este tovar\u0103\u0219ul t\u0103u de n\u0103dejde. Nu rata ocazia de a revolu\u021biona experien\u021ba ta de \u00eenc\u0103rcare. Spune adio anxiet\u0103\u021bii legate de bateria desc\u0103rcat\u0103 \u0219i bun venit \u00eenc\u0103rc\u0103rii fiabile \u0219i ultra-rapide cu Powerbank-ul 65W Supercharge. Cu ecran LED.<\/p>","protected":false},"excerpt":{"rendered":"<p>S\u0103tul de c\u0103ut\u0103rile constante dup\u0103 prize? \u00cent\u00e2lne\u0219te Powerbank-ul 65W Supercharge! 20.000 mAh 20W PD powerbank, unde carcasa este realizat\u0103 din<\/p>","protected":false},"featured_media":165642,"comment_status":"open","ping_status":"closed","template":"","meta":[],"product_brand":[],"product_cat":[170],"product_tag":[],"class_list":{"0":"post-165645","1":"product","2":"type-product","3":"status-publish","4":"has-post-thumbnail","6":"product_cat-tehnologie-si-accesorii","8":"first","9":"instock","10":"shipping-taxable","11":"purchasable","12":"product-type-simple"},"_links":{"self":[{"href":"https:\/\/promis.ro\/ro\/wp-json\/wp\/v2\/product\/165645","targetHints":{"allow":["GET"]}}],"collection":[{"href":"https:\/\/promis.ro\/ro\/wp-json\/wp\/v2\/product"}],"about":[{"href":"https:\/\/promis.ro\/ro\/wp-json\/wp\/v2\/types\/product"}],"replies":[{"embeddable":true,"href":"https:\/\/promis.ro\/ro\/wp-json\/wp\/v2\/comments?post=165645"}],"version-history":[{"count":1,"href":"https:\/\/promis.ro\/ro\/wp-json\/wp\/v2\/product\/165645\/revisions"}],"predecessor-version":[{"id":173392,"href":"https:\/\/promis.ro\/ro\/wp-json\/wp\/v2\/product\/165645\/revisions\/173392"}],"wp:featuredmedia":[{"embeddable":true,"href":"https:\/\/promis.ro\/ro\/wp-json\/wp\/v2\/media\/165642"}],"wp:attachment":[{"href":"https:\/\/promis.ro\/ro\/wp-json\/wp\/v2\/media?parent=165645"}],"wp:term":[{"taxonomy":"product_brand","embeddable":true,"href":"https:\/\/promis.ro\/ro\/wp-json\/wp\/v2\/product_brand?post=165645"},{"taxonomy":"product_cat","embeddable":true,"href":"https:\/\/promis.ro\/ro\/wp-json\/wp\/v2\/product_cat?post=165645"},{"taxonomy":"product_tag","embeddable":true,"href":"https:\/\/promis.ro\/ro\/wp-json\/wp\/v2\/product_tag?post=165645"}],"curies":[{"name":"wp","href":"https:\/\/api.w.org\/{rel}","templated":true}]}}