{"id":165657,"date":"2025-11-12T04:17:42","date_gmt":"2025-11-12T04:17:42","guid":{"rendered":"https:\/\/promis.ro\/product\/urban-vitamin-malibu-rcs-plastic-alu-5000-mah-powerbank\/"},"modified":"2025-11-12T05:26:36","modified_gmt":"2025-11-12T05:26:36","slug":"urban-vitamin-malibu-rcs-plastic-alu-5000-mah-powerbank","status":"publish","type":"product","link":"https:\/\/promis.ro\/ro\/produs\/urban-vitamin-malibu-rcs-plastic-alu-5000-mah-powerbank\/","title":{"rendered":"Urban Vitamin Malibu RCS plastic\/alu 5000 mah powerbank"},"content":{"rendered":"<p>Tehnologia magnetic\u0103 Malibu se ata\u0219eaz\u0103 f\u0103r\u0103 efort la iPhone 12 \u0219i modele mai noi, precum \u0219i la telefoanele Android de nou\u0103 genera\u021bie, asigur\u00e2nd o conexiune perfect\u0103 pentru \u00eenc\u0103rcare rapid\u0103 de 15W. Ai nevoie de un impuls rapid pentru a-\u021bi duce ziua la bun sf\u00e2r\u0219it? Malibu suport\u0103 \u00eenc\u0103rcarea rapid\u0103 de 20W prin portul s\u0103u Type-C, at\u00e2t pentru re\u00eenc\u0103rcarea powerbank-ului \u00een sine, c\u00e2t \u0219i pentru super\u00eenc\u0103rcarea dispozitivului t\u0103u. Nu mai a\u0219tepta \u2013 \u00eentoarce-te la ceea ce conteaz\u0103 cel mai mult \u00een cel mai scurt timp! Nu ar putea fi mai simplu \u2013 pur \u0219i simplu ata\u0219eaz\u0103 Malibu la telefonul t\u0103u \u0219i prive\u0219te cum se \u00eent\u00e2mpl\u0103 magia! Designul nostru inteligent ini\u021biaz\u0103 automat \u00eenc\u0103rcarea \u00een momentul \u00een care este ata\u0219at, asigur\u00e2ndu-se c\u0103 dispozitivele tale sunt \u00eentotdeauna \u00eenc\u0103rcate atunci c\u00e2nd ai nevoie de ele. Cu \u00eenc\u0103rc\u0103tor de ceas integrat pentru dispozitivele iOS. Credem \u00een calitate care dureaz\u0103, motiv pentru care Malibu este echipat cu o baterie de \u00eenalt\u0103 calitate de 5.000 mAh 100% cobalt care va dura p\u00e2n\u0103 la 1200 de cicluri. Fabricat din aluminiu reciclat certificat RCS (Recycled Claim Standard) \u0219i ABS.<\/p>","protected":false},"excerpt":{"rendered":"<p>Tehnologia magnetic\u0103 Malibu se ata\u0219eaz\u0103 f\u0103r\u0103 efort la iPhone 12 \u0219i modele mai noi, precum \u0219i la telefoanele Android de<\/p>","protected":false},"featured_media":165654,"comment_status":"open","ping_status":"closed","template":"","meta":[],"product_brand":[],"product_cat":[170],"product_tag":[],"class_list":{"0":"post-165657","1":"product","2":"type-product","3":"status-publish","4":"has-post-thumbnail","6":"product_cat-tehnologie-si-accesorii","8":"first","9":"instock","10":"shipping-taxable","11":"purchasable","12":"product-type-simple"},"_links":{"self":[{"href":"https:\/\/promis.ro\/ro\/wp-json\/wp\/v2\/product\/165657","targetHints":{"allow":["GET"]}}],"collection":[{"href":"https:\/\/promis.ro\/ro\/wp-json\/wp\/v2\/product"}],"about":[{"href":"https:\/\/promis.ro\/ro\/wp-json\/wp\/v2\/types\/product"}],"replies":[{"embeddable":true,"href":"https:\/\/promis.ro\/ro\/wp-json\/wp\/v2\/comments?post=165657"}],"version-history":[{"count":1,"href":"https:\/\/promis.ro\/ro\/wp-json\/wp\/v2\/product\/165657\/revisions"}],"predecessor-version":[{"id":173416,"href":"https:\/\/promis.ro\/ro\/wp-json\/wp\/v2\/product\/165657\/revisions\/173416"}],"wp:featuredmedia":[{"embeddable":true,"href":"https:\/\/promis.ro\/ro\/wp-json\/wp\/v2\/media\/165654"}],"wp:attachment":[{"href":"https:\/\/promis.ro\/ro\/wp-json\/wp\/v2\/media?parent=165657"}],"wp:term":[{"taxonomy":"product_brand","embeddable":true,"href":"https:\/\/promis.ro\/ro\/wp-json\/wp\/v2\/product_brand?post=165657"},{"taxonomy":"product_cat","embeddable":true,"href":"https:\/\/promis.ro\/ro\/wp-json\/wp\/v2\/product_cat?post=165657"},{"taxonomy":"product_tag","embeddable":true,"href":"https:\/\/promis.ro\/ro\/wp-json\/wp\/v2\/product_tag?post=165657"}],"curies":[{"name":"wp","href":"https:\/\/api.w.org\/{rel}","templated":true}]}}