{"id":165661,"date":"2025-11-12T04:17:45","date_gmt":"2025-11-12T04:17:45","guid":{"rendered":"https:\/\/promis.ro\/product\/urban-vitamin-compton-rcs-plastic-alu-10-000-mah-powerbank\/"},"modified":"2025-11-12T05:26:44","modified_gmt":"2025-11-12T05:26:44","slug":"urban-vitamin-compton-rcs-plastic-alu-10-000-mah-powerbank","status":"publish","type":"product","link":"https:\/\/promis.ro\/ro\/produs\/urban-vitamin-compton-rcs-plastic-alu-10-000-mah-powerbank\/","title":{"rendered":"Urban Vitamin Compton RCS plastic\/alu 10.000 mah powerbank"},"content":{"rendered":"<p>Tehnologia magnetic\u0103 Compton se fixeaz\u0103 f\u0103r\u0103 efort pe iPhone 12 \u0219i modele ulterioare, precum \u0219i pe telefoanele Android de nou\u0103 genera\u021bie, asigur\u00e2nd o conexiune perfect\u0103 pentru \u00eenc\u0103rcare rapid\u0103 de 15W. Ai nevoie de un impuls rapid pentru a te ajuta pe parcursul zilei? Compton suport\u0103 \u00eenc\u0103rcarea rapid\u0103 de 20W prin portul s\u0103u Type-C, at\u00e2t pentru re\u00eenc\u0103rcarea powerbank-ului, c\u00e2t \u0219i pentru super\u00eenc\u0103rcarea dispozitivului t\u0103u. Nu ar putea fi mai simplu \u2013 pur \u0219i simplu fixeaz\u0103 Compton pe telefonul t\u0103u \u0219i urm\u0103re\u0219te magia cum se \u00eent\u00e2mpl\u0103! Designul nostru inteligent ini\u021biaz\u0103 automat \u00eenc\u0103rcarea \u00een momentul \u00een care este ata\u0219at, asigur\u00e2ndu-se c\u0103 dispozitivele tale sunt \u00eentotdeauna \u00eenc\u0103rcate atunci c\u00e2nd ai nevoie de ele. Credem \u00een calitate care dureaz\u0103, motiv pentru care Compton este echipat cu o baterie de \u00eenalt\u0103 calitate de 10.000 mah 100% cobalt care va dura p\u00e2n\u0103 la 1200 de cicluri. Aceast\u0103 putere dureaz\u0103 mai mult \u0219i performeaz\u0103 mai bine dec\u00e2t bateriile litiu obi\u0219nuite, oferindu-\u021bi putere fiabil\u0103 \u0219i de lung\u0103 durat\u0103. Fabricat din aluminiu reciclat certificat RCS (Recycled Claim Standard) \u0219i ABS.<\/p>","protected":false},"excerpt":{"rendered":"<p>Tehnologia magnetic\u0103 Compton se fixeaz\u0103 f\u0103r\u0103 efort pe iPhone 12 \u0219i modele ulterioare, precum \u0219i pe telefoanele Android de nou\u0103<\/p>","protected":false},"featured_media":165658,"comment_status":"open","ping_status":"closed","template":"","meta":[],"product_brand":[],"product_cat":[170],"product_tag":[],"class_list":{"0":"post-165661","1":"product","2":"type-product","3":"status-publish","4":"has-post-thumbnail","6":"product_cat-tehnologie-si-accesorii","8":"first","9":"instock","10":"shipping-taxable","11":"purchasable","12":"product-type-variable"},"_links":{"self":[{"href":"https:\/\/promis.ro\/ro\/wp-json\/wp\/v2\/product\/165661","targetHints":{"allow":["GET"]}}],"collection":[{"href":"https:\/\/promis.ro\/ro\/wp-json\/wp\/v2\/product"}],"about":[{"href":"https:\/\/promis.ro\/ro\/wp-json\/wp\/v2\/types\/product"}],"replies":[{"embeddable":true,"href":"https:\/\/promis.ro\/ro\/wp-json\/wp\/v2\/comments?post=165661"}],"version-history":[{"count":1,"href":"https:\/\/promis.ro\/ro\/wp-json\/wp\/v2\/product\/165661\/revisions"}],"predecessor-version":[{"id":173432,"href":"https:\/\/promis.ro\/ro\/wp-json\/wp\/v2\/product\/165661\/revisions\/173432"}],"wp:featuredmedia":[{"embeddable":true,"href":"https:\/\/promis.ro\/ro\/wp-json\/wp\/v2\/media\/165658"}],"wp:attachment":[{"href":"https:\/\/promis.ro\/ro\/wp-json\/wp\/v2\/media?parent=165661"}],"wp:term":[{"taxonomy":"product_brand","embeddable":true,"href":"https:\/\/promis.ro\/ro\/wp-json\/wp\/v2\/product_brand?post=165661"},{"taxonomy":"product_cat","embeddable":true,"href":"https:\/\/promis.ro\/ro\/wp-json\/wp\/v2\/product_cat?post=165661"},{"taxonomy":"product_tag","embeddable":true,"href":"https:\/\/promis.ro\/ro\/wp-json\/wp\/v2\/product_tag?post=165661"}],"curies":[{"name":"wp","href":"https:\/\/api.w.org\/{rel}","templated":true}]}}