{"id":165669,"date":"2025-11-12T04:17:51","date_gmt":"2025-11-12T04:17:51","guid":{"rendered":"https:\/\/promis.ro\/product\/urban-vitamin-san-diego-rcs-rplastic-20w-pd-powerbank\/"},"modified":"2025-11-12T05:26:41","modified_gmt":"2025-11-12T05:26:41","slug":"urban-vitamin-san-diego-rcs-rplastic-20w-pd-powerbank","status":"publish","type":"product","link":"https:\/\/promis.ro\/ro\/produs\/urban-vitamin-san-diego-rcs-rplastic-20w-pd-powerbank\/","title":{"rendered":"Urban Vitamin San Diego RCS rplastic 20W PD powerbank"},"content":{"rendered":"<p>Transporta\u021bi 20W de energie portabil\u0103 \u00een buzunarul dumneavoastr\u0103 \u0219i fi\u021bi preg\u0103tit s\u0103 \u00eenc\u0103rca\u021bi rapid \u00een mi\u0219care, oriunde v-a\u021bi afla! Urban Vitamin San Diego este o baterie extern\u0103 u\u0219oar\u0103, dar puternic\u0103, de 5000mAh. Cu op\u021biuni de \u00eenc\u0103rcare rapid\u0103 dual\u0103 pentru a re\u00eenc\u0103rca prin conectorul iOS integrat (pentru iPhone 14 \u0219i modele mai vechi) \u0219i ie\u0219irea de tip C de ultim\u0103 genera\u021bie, pute\u021bi \u00eenc\u0103rca telefonul f\u0103r\u0103 a aduce cabluri! Pute\u021bi chiar s\u0103 \u00eenc\u0103rca\u021bi dou\u0103 dispozitive simultan. Toate ie\u0219irile ofer\u0103 \u00eenc\u0103rcare ultra-rapid\u0103 de 20W pentru a re\u00eenc\u0103rca p\u00e2n\u0103 la 50% \u00een mai pu\u021bin de 30 de minute. Pe l\u00e2ng\u0103 cele dou\u0103 conectori integra\u021bi, produsul dispune \u0219i de un port de intrare USB C pentru a re\u00eenc\u0103rca rapid bateria extern\u0103. Vine cu un \u00eenc\u0103rc\u0103tor integrat pentru ceasuri, pentru a \u00eenc\u0103rca toate modelele recente de Apple Watch. De asemenea, dispune de un suport integrat pentru a \u00eenc\u0103rca telefonul \u00een timp ce viziona\u021bi filme sau asculta\u021bi muzic\u0103. Fabricat din ABS reciclat RCS \u0219i PC reciclat, con\u021binutul total reciclat este de 24% din greutatea total\u0103 a produsului. F\u0103r\u0103 PVC \u0219i ambalat \u00een cutie din plastic redus.<\/p>","protected":false},"excerpt":{"rendered":"<p>Transporta\u021bi 20W de energie portabil\u0103 \u00een buzunarul dumneavoastr\u0103 \u0219i fi\u021bi preg\u0103tit s\u0103 \u00eenc\u0103rca\u021bi rapid \u00een mi\u0219care, oriunde v-a\u021bi afla! Urban<\/p>","protected":false},"featured_media":165666,"comment_status":"open","ping_status":"closed","template":"","meta":[],"product_brand":[],"product_cat":[170],"product_tag":[],"class_list":{"0":"post-165669","1":"product","2":"type-product","3":"status-publish","4":"has-post-thumbnail","6":"product_cat-tehnologie-si-accesorii","8":"first","9":"instock","10":"shipping-taxable","11":"purchasable","12":"product-type-variable"},"_links":{"self":[{"href":"https:\/\/promis.ro\/ro\/wp-json\/wp\/v2\/product\/165669","targetHints":{"allow":["GET"]}}],"collection":[{"href":"https:\/\/promis.ro\/ro\/wp-json\/wp\/v2\/product"}],"about":[{"href":"https:\/\/promis.ro\/ro\/wp-json\/wp\/v2\/types\/product"}],"replies":[{"embeddable":true,"href":"https:\/\/promis.ro\/ro\/wp-json\/wp\/v2\/comments?post=165669"}],"version-history":[{"count":1,"href":"https:\/\/promis.ro\/ro\/wp-json\/wp\/v2\/product\/165669\/revisions"}],"predecessor-version":[{"id":173425,"href":"https:\/\/promis.ro\/ro\/wp-json\/wp\/v2\/product\/165669\/revisions\/173425"}],"wp:featuredmedia":[{"embeddable":true,"href":"https:\/\/promis.ro\/ro\/wp-json\/wp\/v2\/media\/165666"}],"wp:attachment":[{"href":"https:\/\/promis.ro\/ro\/wp-json\/wp\/v2\/media?parent=165669"}],"wp:term":[{"taxonomy":"product_brand","embeddable":true,"href":"https:\/\/promis.ro\/ro\/wp-json\/wp\/v2\/product_brand?post=165669"},{"taxonomy":"product_cat","embeddable":true,"href":"https:\/\/promis.ro\/ro\/wp-json\/wp\/v2\/product_cat?post=165669"},{"taxonomy":"product_tag","embeddable":true,"href":"https:\/\/promis.ro\/ro\/wp-json\/wp\/v2\/product_tag?post=165669"}],"curies":[{"name":"wp","href":"https:\/\/api.w.org\/{rel}","templated":true}]}}