{"id":165673,"date":"2025-11-12T04:17:58","date_gmt":"2025-11-12T04:17:58","guid":{"rendered":"https:\/\/promis.ro\/product\/urban-vitamin-menlo-park-rcs-rplastic-20000-20wpd-powerbank\/"},"modified":"2025-11-12T05:26:34","modified_gmt":"2025-11-12T05:26:34","slug":"urban-vitamin-menlo-park-rcs-rplastic-20000-20wpd-powerbank","status":"publish","type":"product","link":"https:\/\/promis.ro\/ro\/produs\/urban-vitamin-menlo-park-rcs-rplastic-20000-20wpd-powerbank\/","title":{"rendered":"Urban Vitamin Menlo Park RCS rplastic 20,000 20WPD powerbank"},"content":{"rendered":"<p>\u00cent\u00e2lni\u021bi noul standard de \u00eenc\u0103rcare portabil\u0103. Menlo Park este un powerbank de 20.000 mAh care v\u0103 permite s\u0103 \u00eenc\u0103rca\u021bi toate dispozitivele mobile la vitez\u0103 maxim\u0103. Nu doar c\u0103 Menlo Park se \u00eencarc\u0103 la vitez\u0103 maxim\u0103, dar ofer\u0103 \u0219i cea mai rapid\u0103 modalitate de a re\u00eenc\u0103rca powerbank-ul. Menlo Park vine cu ie\u0219ire dual\u0103 USB, astfel \u00eenc\u00e2t s\u0103 pute\u021bi \u00eenc\u0103rca dou\u0103 dispozitive \u00een acela\u0219i timp. Unul prin portul de tip C \u0219i unul cu cablu de tip C. Ambele ofer\u0103 \u00eenc\u0103rcare PD super-rapid\u0103 de p\u00e2n\u0103 la 20W. Menlo Park este fabricat din ABS \u0219i PC reciclat, certificate RCS (Recycled Claim Standard). Con\u021binut total reciclat: 20% din greutatea total\u0103 a articolului. Produsele Urban Vitamin sunt fabricate f\u0103r\u0103 PVC \u0219i ambalate \u00een ambalaje cu plastic redus.<\/p>","protected":false},"excerpt":{"rendered":"<p>\u00cent\u00e2lni\u021bi noul standard de \u00eenc\u0103rcare portabil\u0103. Menlo Park este un powerbank de 20.000 mAh care v\u0103 permite s\u0103 \u00eenc\u0103rca\u021bi toate<\/p>","protected":false},"featured_media":165670,"comment_status":"open","ping_status":"closed","template":"","meta":[],"product_brand":[],"product_cat":[170],"product_tag":[],"class_list":{"0":"post-165673","1":"product","2":"type-product","3":"status-publish","4":"has-post-thumbnail","6":"product_cat-tehnologie-si-accesorii","8":"first","9":"instock","10":"shipping-taxable","11":"purchasable","12":"product-type-simple"},"_links":{"self":[{"href":"https:\/\/promis.ro\/ro\/wp-json\/wp\/v2\/product\/165673","targetHints":{"allow":["GET"]}}],"collection":[{"href":"https:\/\/promis.ro\/ro\/wp-json\/wp\/v2\/product"}],"about":[{"href":"https:\/\/promis.ro\/ro\/wp-json\/wp\/v2\/types\/product"}],"replies":[{"embeddable":true,"href":"https:\/\/promis.ro\/ro\/wp-json\/wp\/v2\/comments?post=165673"}],"version-history":[{"count":1,"href":"https:\/\/promis.ro\/ro\/wp-json\/wp\/v2\/product\/165673\/revisions"}],"predecessor-version":[{"id":173413,"href":"https:\/\/promis.ro\/ro\/wp-json\/wp\/v2\/product\/165673\/revisions\/173413"}],"wp:featuredmedia":[{"embeddable":true,"href":"https:\/\/promis.ro\/ro\/wp-json\/wp\/v2\/media\/165670"}],"wp:attachment":[{"href":"https:\/\/promis.ro\/ro\/wp-json\/wp\/v2\/media?parent=165673"}],"wp:term":[{"taxonomy":"product_brand","embeddable":true,"href":"https:\/\/promis.ro\/ro\/wp-json\/wp\/v2\/product_brand?post=165673"},{"taxonomy":"product_cat","embeddable":true,"href":"https:\/\/promis.ro\/ro\/wp-json\/wp\/v2\/product_cat?post=165673"},{"taxonomy":"product_tag","embeddable":true,"href":"https:\/\/promis.ro\/ro\/wp-json\/wp\/v2\/product_tag?post=165673"}],"curies":[{"name":"wp","href":"https:\/\/api.w.org\/{rel}","templated":true}]}}