{"id":166343,"date":"2025-11-12T04:26:07","date_gmt":"2025-11-12T04:26:07","guid":{"rendered":"https:\/\/promis.ro\/product\/coffee-to-go-tumbler\/"},"modified":"2025-11-12T05:27:46","modified_gmt":"2025-11-12T05:27:46","slug":"coffee-to-go-tumbler","status":"publish","type":"product","link":"https:\/\/promis.ro\/ro\/produs\/coffee-to-go-tumbler\/","title":{"rendered":"Coffee to go tumbler"},"content":{"rendered":"<p>Mai pu\u021bin \u00eenseamn\u0103 mai mult. Av\u00e2nd o \u00een\u0103l\u021bime de 8cm, acesta este cana perfect\u0103 cu perete dublu pentru aparatul t\u0103u de cafea. Interior din PP. Capac cu filet, rezistent la v\u0103rsare. Ideal pentru cafea Ristretto, Espresso \u0219i Lungo. Se spal\u0103 manual. Capacitate 160ml. Design \u00eenregistrat\u00ae<\/p>","protected":false},"excerpt":{"rendered":"<p>Mai pu\u021bin \u00eenseamn\u0103 mai mult. Av\u00e2nd o \u00een\u0103l\u021bime de 8cm, acesta este cana perfect\u0103 cu perete dublu pentru aparatul t\u0103u<\/p>","protected":false},"featured_media":166340,"comment_status":"open","ping_status":"closed","template":"","meta":[],"product_brand":[],"product_cat":[172],"product_tag":[],"class_list":{"0":"post-166343","1":"product","2":"type-product","3":"status-publish","4":"has-post-thumbnail","6":"product_cat-cani-borcane-si-thermosuri","8":"first","9":"instock","10":"shipping-taxable","11":"purchasable","12":"product-type-variable"},"_links":{"self":[{"href":"https:\/\/promis.ro\/ro\/wp-json\/wp\/v2\/product\/166343","targetHints":{"allow":["GET"]}}],"collection":[{"href":"https:\/\/promis.ro\/ro\/wp-json\/wp\/v2\/product"}],"about":[{"href":"https:\/\/promis.ro\/ro\/wp-json\/wp\/v2\/types\/product"}],"replies":[{"embeddable":true,"href":"https:\/\/promis.ro\/ro\/wp-json\/wp\/v2\/comments?post=166343"}],"version-history":[{"count":1,"href":"https:\/\/promis.ro\/ro\/wp-json\/wp\/v2\/product\/166343\/revisions"}],"predecessor-version":[{"id":173548,"href":"https:\/\/promis.ro\/ro\/wp-json\/wp\/v2\/product\/166343\/revisions\/173548"}],"wp:featuredmedia":[{"embeddable":true,"href":"https:\/\/promis.ro\/ro\/wp-json\/wp\/v2\/media\/166340"}],"wp:attachment":[{"href":"https:\/\/promis.ro\/ro\/wp-json\/wp\/v2\/media?parent=166343"}],"wp:term":[{"taxonomy":"product_brand","embeddable":true,"href":"https:\/\/promis.ro\/ro\/wp-json\/wp\/v2\/product_brand?post=166343"},{"taxonomy":"product_cat","embeddable":true,"href":"https:\/\/promis.ro\/ro\/wp-json\/wp\/v2\/product_cat?post=166343"},{"taxonomy":"product_tag","embeddable":true,"href":"https:\/\/promis.ro\/ro\/wp-json\/wp\/v2\/product_tag?post=166343"}],"curies":[{"name":"wp","href":"https:\/\/api.w.org\/{rel}","templated":true}]}}