{"id":166351,"date":"2025-11-12T04:26:14","date_gmt":"2025-11-12T04:26:14","guid":{"rendered":"https:\/\/promis.ro\/product\/rcs-recycled-stainless-steel-vacuum-bottle-600ml\/"},"modified":"2025-11-12T05:27:57","modified_gmt":"2025-11-12T05:27:57","slug":"rcs-recycled-stainless-steel-vacuum-bottle-600ml","status":"publish","type":"product","link":"https:\/\/promis.ro\/ro\/produs\/rcs-recycled-stainless-steel-vacuum-bottle-600ml\/","title":{"rendered":"RCS Recycled stainless steel vacuum bottle 600ML"},"content":{"rendered":"<p>Aceast\u0103 sticl\u0103 de vacuum din o\u021bel inoxidabil reciclat RCS vine cu un capac cu filet sigur, care dispune de o deschidere larg\u0103 pentru cur\u0103\u021bare \u0219i umplere u\u0219oar\u0103. Insertul suplimentar din PP asigur\u0103 c\u0103 sticla este etan\u0219\u0103. Aceast\u0103 sticl\u0103 este fabricat\u0103 din o\u021bel inoxidabil reciclat \u0219i are o construc\u021bie cu dou\u0103 pere\u021bi pentru a men\u021bine b\u0103uturile tale preferate calde timp de p\u00e2n\u0103 la 5 ore sau reci timp de p\u00e2n\u0103 la 15 ore. Fabricat\u0103 din materiale reciclate certificate RCS (Recycled Claim Standard). Certificarea RCS asigur\u0103 o lan\u021b de aprovizionare complet certificat al materialelor reciclate. Con\u021binut total reciclat: 77% pe baza greut\u0103\u021bii totale a articolului. F\u0103r\u0103 BPA. Capacitate 600ml. Inclusiv cutie de cadou din kraft certificat FSC\u00ae.<\/p>","protected":false},"excerpt":{"rendered":"<p>Aceast\u0103 sticl\u0103 de vacuum din o\u021bel inoxidabil reciclat RCS vine cu un capac cu filet sigur, care dispune de o<\/p>","protected":false},"featured_media":166348,"comment_status":"open","ping_status":"closed","template":"","meta":[],"product_brand":[],"product_cat":[172],"product_tag":[],"class_list":{"0":"post-166351","1":"product","2":"type-product","3":"status-publish","4":"has-post-thumbnail","6":"product_cat-cani-borcane-si-thermosuri","8":"first","9":"instock","10":"shipping-taxable","11":"purchasable","12":"product-type-variable"},"_links":{"self":[{"href":"https:\/\/promis.ro\/ro\/wp-json\/wp\/v2\/product\/166351","targetHints":{"allow":["GET"]}}],"collection":[{"href":"https:\/\/promis.ro\/ro\/wp-json\/wp\/v2\/product"}],"about":[{"href":"https:\/\/promis.ro\/ro\/wp-json\/wp\/v2\/types\/product"}],"replies":[{"embeddable":true,"href":"https:\/\/promis.ro\/ro\/wp-json\/wp\/v2\/comments?post=166351"}],"version-history":[{"count":1,"href":"https:\/\/promis.ro\/ro\/wp-json\/wp\/v2\/product\/166351\/revisions"}],"predecessor-version":[{"id":173569,"href":"https:\/\/promis.ro\/ro\/wp-json\/wp\/v2\/product\/166351\/revisions\/173569"}],"wp:featuredmedia":[{"embeddable":true,"href":"https:\/\/promis.ro\/ro\/wp-json\/wp\/v2\/media\/166348"}],"wp:attachment":[{"href":"https:\/\/promis.ro\/ro\/wp-json\/wp\/v2\/media?parent=166351"}],"wp:term":[{"taxonomy":"product_brand","embeddable":true,"href":"https:\/\/promis.ro\/ro\/wp-json\/wp\/v2\/product_brand?post=166351"},{"taxonomy":"product_cat","embeddable":true,"href":"https:\/\/promis.ro\/ro\/wp-json\/wp\/v2\/product_cat?post=166351"},{"taxonomy":"product_tag","embeddable":true,"href":"https:\/\/promis.ro\/ro\/wp-json\/wp\/v2\/product_tag?post=166351"}],"curies":[{"name":"wp","href":"https:\/\/api.w.org\/{rel}","templated":true}]}}