{"id":166355,"date":"2025-11-12T04:26:16","date_gmt":"2025-11-12T04:26:16","guid":{"rendered":"https:\/\/promis.ro\/product\/rcs-recycled-stainless-steel-vacuum-bottle-500ml\/"},"modified":"2025-11-12T05:27:57","modified_gmt":"2025-11-12T05:27:57","slug":"rcs-recycled-stainless-steel-vacuum-bottle-500ml","status":"publish","type":"product","link":"https:\/\/promis.ro\/ro\/produs\/rcs-recycled-stainless-steel-vacuum-bottle-500ml\/","title":{"rendered":"RCS Recycled stainless steel vacuum bottle 500ML"},"content":{"rendered":"<p>Aceast\u0103 sticl\u0103 de vacuum din o\u021bel inoxidabil reciclat RCS este conceput\u0103 pentru a oferi o pl\u0103cere de lung\u0103 durat\u0103 a b\u0103uturilor tale! Construc\u021bia din o\u021bel inoxidabil reciclat cu perete dublu men\u021bine b\u0103uturile r\u0103coroase timp de p\u00e2n\u0103 la 15 ore sau calde timp de p\u00e2n\u0103 la 5 ore. Aceast\u0103 sticl\u0103 se potrive\u0219te \u00een majoritatea suporturilor standard pentru pahare din ma\u0219in\u0103, astfel \u00eenc\u00e2t s\u0103 o po\u021bi lua cu tine oriunde. Fabricat\u0103 din materiale reciclate certificate RCS (Recycled Claim Standard). Certificarea RCS asigur\u0103 o lan\u021b de aprovizionare complet certificat al materialelor reciclate. Con\u021binut total reciclat: 90% bazat pe greutatea total\u0103 a articolului. F\u0103r\u0103 BPA. Capacitate 500ml. Inclusiv ambalaj din kraft certificat FSC\u00ae.<\/p>","protected":false},"excerpt":{"rendered":"<p>Aceast\u0103 sticl\u0103 de vacuum din o\u021bel inoxidabil reciclat RCS este conceput\u0103 pentru a oferi o pl\u0103cere de lung\u0103 durat\u0103 a<\/p>","protected":false},"featured_media":166352,"comment_status":"open","ping_status":"closed","template":"","meta":[],"product_brand":[],"product_cat":[172],"product_tag":[],"class_list":{"0":"post-166355","1":"product","2":"type-product","3":"status-publish","4":"has-post-thumbnail","6":"product_cat-cani-borcane-si-thermosuri","8":"first","9":"instock","10":"shipping-taxable","11":"purchasable","12":"product-type-variable"},"_links":{"self":[{"href":"https:\/\/promis.ro\/ro\/wp-json\/wp\/v2\/product\/166355","targetHints":{"allow":["GET"]}}],"collection":[{"href":"https:\/\/promis.ro\/ro\/wp-json\/wp\/v2\/product"}],"about":[{"href":"https:\/\/promis.ro\/ro\/wp-json\/wp\/v2\/types\/product"}],"replies":[{"embeddable":true,"href":"https:\/\/promis.ro\/ro\/wp-json\/wp\/v2\/comments?post=166355"}],"version-history":[{"count":1,"href":"https:\/\/promis.ro\/ro\/wp-json\/wp\/v2\/product\/166355\/revisions"}],"predecessor-version":[{"id":173568,"href":"https:\/\/promis.ro\/ro\/wp-json\/wp\/v2\/product\/166355\/revisions\/173568"}],"wp:featuredmedia":[{"embeddable":true,"href":"https:\/\/promis.ro\/ro\/wp-json\/wp\/v2\/media\/166352"}],"wp:attachment":[{"href":"https:\/\/promis.ro\/ro\/wp-json\/wp\/v2\/media?parent=166355"}],"wp:term":[{"taxonomy":"product_brand","embeddable":true,"href":"https:\/\/promis.ro\/ro\/wp-json\/wp\/v2\/product_brand?post=166355"},{"taxonomy":"product_cat","embeddable":true,"href":"https:\/\/promis.ro\/ro\/wp-json\/wp\/v2\/product_cat?post=166355"},{"taxonomy":"product_tag","embeddable":true,"href":"https:\/\/promis.ro\/ro\/wp-json\/wp\/v2\/product_tag?post=166355"}],"curies":[{"name":"wp","href":"https:\/\/api.w.org\/{rel}","templated":true}]}}