{"id":168067,"date":"2025-11-12T04:39:01","date_gmt":"2025-11-12T04:39:01","guid":{"rendered":"https:\/\/promis.ro\/product\/impact-aware-rpet-picnic-blanket\/"},"modified":"2025-11-12T05:29:23","modified_gmt":"2025-11-12T05:29:23","slug":"impact-aware-rpet-picnic-blanket","status":"publish","type":"product","link":"https:\/\/promis.ro\/ro\/produs\/impact-aware-rpet-picnic-blanket\/","title":{"rendered":"Impact AWARE\u2122 RPET picnic blanket"},"content":{"rendered":"<p>Aceast\u0103 p\u0103tur\u0103 de picnic Impact AWARE\u2122 RPET este perfect\u0103 pentru a sta confortabil pe p\u0103m\u00e2nt \u00een timpul unui picnic, unei pauze de mers sau la camping. Datorit\u0103 stratului rezistent la ap\u0103, e\u0219ti bine protejat \u00eempotriva solului rece \u0219i umed. Exist\u0103 o curea practic\u0103 pentru a o rula \u0219i a o transporta. P\u0103tura este fabricat\u0103 din poliester reciclat. Cu un sistem de urm\u0103rire AWARE\u2122 care valideaz\u0103 utilizarea autentic\u0103 a materialelor reciclate. Fiecare p\u0103tur\u0103 a reutilizat 27 de sticle PET de 0,5L. 2% din veniturile fiec\u0103rui produs Impact v\u00e2ndut vor fi donate c\u0103tre Water.org. Dimensiune 150x130cm.<\/p>","protected":false},"excerpt":{"rendered":"<p>Aceast\u0103 p\u0103tur\u0103 de picnic Impact AWARE\u2122 RPET este perfect\u0103 pentru a sta confortabil pe p\u0103m\u00e2nt \u00een timpul unui picnic, unei<\/p>","protected":false},"featured_media":168064,"comment_status":"open","ping_status":"closed","template":"","meta":[],"product_brand":[],"product_cat":[177],"product_tag":[],"class_list":{"0":"post-168067","1":"product","2":"type-product","3":"status-publish","4":"has-post-thumbnail","6":"product_cat-timp-liber-si-divertisment","8":"first","9":"instock","10":"shipping-taxable","11":"purchasable","12":"product-type-variable"},"_links":{"self":[{"href":"https:\/\/promis.ro\/ro\/wp-json\/wp\/v2\/product\/168067","targetHints":{"allow":["GET"]}}],"collection":[{"href":"https:\/\/promis.ro\/ro\/wp-json\/wp\/v2\/product"}],"about":[{"href":"https:\/\/promis.ro\/ro\/wp-json\/wp\/v2\/types\/product"}],"replies":[{"embeddable":true,"href":"https:\/\/promis.ro\/ro\/wp-json\/wp\/v2\/comments?post=168067"}],"version-history":[{"count":1,"href":"https:\/\/promis.ro\/ro\/wp-json\/wp\/v2\/product\/168067\/revisions"}],"predecessor-version":[{"id":173729,"href":"https:\/\/promis.ro\/ro\/wp-json\/wp\/v2\/product\/168067\/revisions\/173729"}],"wp:featuredmedia":[{"embeddable":true,"href":"https:\/\/promis.ro\/ro\/wp-json\/wp\/v2\/media\/168064"}],"wp:attachment":[{"href":"https:\/\/promis.ro\/ro\/wp-json\/wp\/v2\/media?parent=168067"}],"wp:term":[{"taxonomy":"product_brand","embeddable":true,"href":"https:\/\/promis.ro\/ro\/wp-json\/wp\/v2\/product_brand?post=168067"},{"taxonomy":"product_cat","embeddable":true,"href":"https:\/\/promis.ro\/ro\/wp-json\/wp\/v2\/product_cat?post=168067"},{"taxonomy":"product_tag","embeddable":true,"href":"https:\/\/promis.ro\/ro\/wp-json\/wp\/v2\/product_tag?post=168067"}],"curies":[{"name":"wp","href":"https:\/\/api.w.org\/{rel}","templated":true}]}}