{"id":168175,"date":"2025-11-12T04:40:32","date_gmt":"2025-11-12T04:40:32","guid":{"rendered":"https:\/\/promis.ro\/product\/cob-torch\/"},"modified":"2025-11-12T05:29:34","modified_gmt":"2025-11-12T05:29:34","slug":"cob-torch","status":"publish","type":"product","link":"https:\/\/promis.ro\/ro\/produs\/cob-torch\/","title":{"rendered":"COB torch"},"content":{"rendered":"<p>Lanterna COB de dimensiuni mici, super luminoas\u0103. Aceast\u0103 lantern\u0103 COB este mult mai luminoas\u0103 dec\u00e2t lanternele LED obi\u0219nuite \u0219i consum\u0103 mai pu\u021bin\u0103 energie, astfel \u00eenc\u00e2t poate fi utilizat\u0103 cu p\u00e2n\u0103 la 30% mai mult timp pe aceea\u0219i baterie. Cu un corp din aluminiu rezistent \u0219i curea de transport. Include 3 baterii AAA pentru utilizare direct\u0103.<\/p>","protected":false},"excerpt":{"rendered":"<p>Lanterna COB de dimensiuni mici, super luminoas\u0103. Aceast\u0103 lantern\u0103 COB este mult mai luminoas\u0103 dec\u00e2t lanternele LED obi\u0219nuite \u0219i consum\u0103<\/p>","protected":false},"featured_media":168172,"comment_status":"open","ping_status":"closed","template":"","meta":[],"product_brand":[],"product_cat":[184],"product_tag":[],"class_list":{"0":"post-168175","1":"product","2":"type-product","3":"status-publish","4":"has-post-thumbnail","6":"product_cat-unelte-pentru-bricolaj-si-masini","8":"first","9":"instock","10":"shipping-taxable","11":"purchasable","12":"product-type-variable"},"_links":{"self":[{"href":"https:\/\/promis.ro\/ro\/wp-json\/wp\/v2\/product\/168175","targetHints":{"allow":["GET"]}}],"collection":[{"href":"https:\/\/promis.ro\/ro\/wp-json\/wp\/v2\/product"}],"about":[{"href":"https:\/\/promis.ro\/ro\/wp-json\/wp\/v2\/types\/product"}],"replies":[{"embeddable":true,"href":"https:\/\/promis.ro\/ro\/wp-json\/wp\/v2\/comments?post=168175"}],"version-history":[{"count":1,"href":"https:\/\/promis.ro\/ro\/wp-json\/wp\/v2\/product\/168175\/revisions"}],"predecessor-version":[{"id":173749,"href":"https:\/\/promis.ro\/ro\/wp-json\/wp\/v2\/product\/168175\/revisions\/173749"}],"wp:featuredmedia":[{"embeddable":true,"href":"https:\/\/promis.ro\/ro\/wp-json\/wp\/v2\/media\/168172"}],"wp:attachment":[{"href":"https:\/\/promis.ro\/ro\/wp-json\/wp\/v2\/media?parent=168175"}],"wp:term":[{"taxonomy":"product_brand","embeddable":true,"href":"https:\/\/promis.ro\/ro\/wp-json\/wp\/v2\/product_brand?post=168175"},{"taxonomy":"product_cat","embeddable":true,"href":"https:\/\/promis.ro\/ro\/wp-json\/wp\/v2\/product_cat?post=168175"},{"taxonomy":"product_tag","embeddable":true,"href":"https:\/\/promis.ro\/ro\/wp-json\/wp\/v2\/product_tag?post=168175"}],"curies":[{"name":"wp","href":"https:\/\/api.w.org\/{rel}","templated":true}]}}