{"id":168179,"date":"2025-11-12T04:40:36","date_gmt":"2025-11-12T04:40:36","guid":{"rendered":"https:\/\/promis.ro\/product\/lumino-rcs-recycled-plastic-usb-re-chargeable-bike-light-set\/"},"modified":"2025-11-12T05:29:47","modified_gmt":"2025-11-12T05:29:47","slug":"lumino-rcs-recycled-plastic-usb-re-chargeable-bike-light-set","status":"publish","type":"product","link":"https:\/\/promis.ro\/ro\/produs\/lumino-rcs-recycled-plastic-usb-re-chargeable-bike-light-set\/","title":{"rendered":"Lumino RCS recycled plastic USB re-chargeable bike light set"},"content":{"rendered":"<p>Set de lumini pentru biciclet\u0103 frontale \u0219i spate, re\u00eenc\u0103rcabile prin USB, realizate din ABS reciclat RCS. Lumina de 1W suport\u0103 p\u00e2n\u0103 la 2,5 ore de utilizare cu o singur\u0103 \u00eenc\u0103rcare. C\u00e2nd se epuizeaz\u0103, poate fi re\u00eenc\u0103rcat\u0103 cu u\u0219urin\u021b\u0103 prin intrarea de tip C \u00een termen de 1 or\u0103. Cu baterie de 400 mAh. Lumina pentru biciclet\u0103 are 5 moduri de iluminare (Puternic, mediu, clipire lent\u0103, clipire rapid\u0103 \u0219i pulsare) cu 60 de lumeni pentru o vizibilitate optim\u0103. Ambalat\u0103 \u00eentr-o cutie din FSC mix f\u0103r\u0103 plastic. Con\u021binut total reciclat: 43% din greutatea total\u0103 a produsului. Certificarea RCS asigur\u0103 o lan\u021b de aprovizionare complet certificat pentru materialele reciclate. F\u0103r\u0103 PVC. Inclus cablu de \u00eenc\u0103rcare de tip C din TPE reciclat. Rezistent la ap\u0103 IPX 4.<\/p>","protected":false},"excerpt":{"rendered":"<p>Set de lumini pentru biciclet\u0103 frontale \u0219i spate, re\u00eenc\u0103rcabile prin USB, realizate din ABS reciclat RCS. Lumina de 1W suport\u0103<\/p>","protected":false},"featured_media":168176,"comment_status":"open","ping_status":"closed","template":"","meta":[],"product_brand":[],"product_cat":[184],"product_tag":[],"class_list":{"0":"post-168179","1":"product","2":"type-product","3":"status-publish","4":"has-post-thumbnail","6":"product_cat-unelte-pentru-bricolaj-si-masini","8":"first","9":"instock","10":"shipping-taxable","11":"purchasable","12":"product-type-simple"},"_links":{"self":[{"href":"https:\/\/promis.ro\/ro\/wp-json\/wp\/v2\/product\/168179","targetHints":{"allow":["GET"]}}],"collection":[{"href":"https:\/\/promis.ro\/ro\/wp-json\/wp\/v2\/product"}],"about":[{"href":"https:\/\/promis.ro\/ro\/wp-json\/wp\/v2\/types\/product"}],"replies":[{"embeddable":true,"href":"https:\/\/promis.ro\/ro\/wp-json\/wp\/v2\/comments?post=168179"}],"version-history":[{"count":1,"href":"https:\/\/promis.ro\/ro\/wp-json\/wp\/v2\/product\/168179\/revisions"}],"predecessor-version":[{"id":173774,"href":"https:\/\/promis.ro\/ro\/wp-json\/wp\/v2\/product\/168179\/revisions\/173774"}],"wp:featuredmedia":[{"embeddable":true,"href":"https:\/\/promis.ro\/ro\/wp-json\/wp\/v2\/media\/168176"}],"wp:attachment":[{"href":"https:\/\/promis.ro\/ro\/wp-json\/wp\/v2\/media?parent=168179"}],"wp:term":[{"taxonomy":"product_brand","embeddable":true,"href":"https:\/\/promis.ro\/ro\/wp-json\/wp\/v2\/product_brand?post=168179"},{"taxonomy":"product_cat","embeddable":true,"href":"https:\/\/promis.ro\/ro\/wp-json\/wp\/v2\/product_cat?post=168179"},{"taxonomy":"product_tag","embeddable":true,"href":"https:\/\/promis.ro\/ro\/wp-json\/wp\/v2\/product_tag?post=168179"}],"curies":[{"name":"wp","href":"https:\/\/api.w.org\/{rel}","templated":true}]}}