{"id":168183,"date":"2025-11-12T04:40:39","date_gmt":"2025-11-12T04:40:39","guid":{"rendered":"https:\/\/promis.ro\/product\/gear-x-usb-re-chargeable-torch\/"},"modified":"2025-11-12T05:29:44","modified_gmt":"2025-11-12T05:29:44","slug":"gear-x-usb-re-chargeable-torch","status":"publish","type":"product","link":"https:\/\/promis.ro\/ro\/produs\/gear-x-usb-re-chargeable-torch\/","title":{"rendered":"Gear X USB re-chargeable torch"},"content":{"rendered":"<p>Func\u021bionalitate, performan\u021b\u0103 \u0219i designul se reunesc \u00een aceast\u0103 lantern\u0103 re\u00eenc\u0103rcabil\u0103. Corpul din aliaj de aluminiu de \u00eenalt\u0103 calitate se potrive\u0219te perfect \u00een m\u00e2na ta. Lumina premium de focalizare \u00ee\u021bi permite s\u0103 extinzi lumina de p\u00e2n\u0103 la 2000 de ori. Datorit\u0103 clasific\u0103rii sale IP4, este rezistent\u0103 la intemperii, astfel c\u0103 poate fi u\u0219or utilizat\u0103 \u00een exterior. Becul puternic produce p\u00e2n\u0103 la 1000 de lumeni \u0219i un fascicul care ajunge p\u00e2n\u0103 la 500 de metri. Lanterna folose\u0219te o baterie re\u00eenc\u0103rcabil\u0103, a\u0219a c\u0103 nu este nevoie s\u0103 \u00eenlocuie\u0219ti bateriile. Pur \u0219i simplu re\u00eencarc\u0103 prin priza ta USB. Becul de \u00eenalt\u0103 calitate vine cu 5 moduri, inclusiv func\u021bia SOS. Bateria de 2000 mah permite o utilizare de p\u00e2n\u0103 la 4 ore cu o singur\u0103 \u00eenc\u0103rcare.<\/p>","protected":false},"excerpt":{"rendered":"<p>Func\u021bionalitate, performan\u021b\u0103 \u0219i designul se reunesc \u00een aceast\u0103 lantern\u0103 re\u00eenc\u0103rcabil\u0103. Corpul din aliaj de aluminiu de \u00eenalt\u0103 calitate se potrive\u0219te<\/p>","protected":false},"featured_media":168180,"comment_status":"open","ping_status":"closed","template":"","meta":[],"product_brand":[],"product_cat":[184],"product_tag":[],"class_list":{"0":"post-168183","1":"product","2":"type-product","3":"status-publish","4":"has-post-thumbnail","6":"product_cat-unelte-pentru-bricolaj-si-masini","8":"first","9":"instock","10":"shipping-taxable","11":"purchasable","12":"product-type-simple"},"_links":{"self":[{"href":"https:\/\/promis.ro\/ro\/wp-json\/wp\/v2\/product\/168183","targetHints":{"allow":["GET"]}}],"collection":[{"href":"https:\/\/promis.ro\/ro\/wp-json\/wp\/v2\/product"}],"about":[{"href":"https:\/\/promis.ro\/ro\/wp-json\/wp\/v2\/types\/product"}],"replies":[{"embeddable":true,"href":"https:\/\/promis.ro\/ro\/wp-json\/wp\/v2\/comments?post=168183"}],"version-history":[{"count":1,"href":"https:\/\/promis.ro\/ro\/wp-json\/wp\/v2\/product\/168183\/revisions"}],"predecessor-version":[{"id":173769,"href":"https:\/\/promis.ro\/ro\/wp-json\/wp\/v2\/product\/168183\/revisions\/173769"}],"wp:featuredmedia":[{"embeddable":true,"href":"https:\/\/promis.ro\/ro\/wp-json\/wp\/v2\/media\/168180"}],"wp:attachment":[{"href":"https:\/\/promis.ro\/ro\/wp-json\/wp\/v2\/media?parent=168183"}],"wp:term":[{"taxonomy":"product_brand","embeddable":true,"href":"https:\/\/promis.ro\/ro\/wp-json\/wp\/v2\/product_brand?post=168183"},{"taxonomy":"product_cat","embeddable":true,"href":"https:\/\/promis.ro\/ro\/wp-json\/wp\/v2\/product_cat?post=168183"},{"taxonomy":"product_tag","embeddable":true,"href":"https:\/\/promis.ro\/ro\/wp-json\/wp\/v2\/product_tag?post=168183"}],"curies":[{"name":"wp","href":"https:\/\/api.w.org\/{rel}","templated":true}]}}