{"id":168187,"date":"2025-11-12T04:40:42","date_gmt":"2025-11-12T04:40:42","guid":{"rendered":"https:\/\/promis.ro\/product\/large-telescopic-light-with-cob\/"},"modified":"2025-11-12T05:29:43","modified_gmt":"2025-11-12T05:29:43","slug":"large-telescopic-light-with-cob","status":"publish","type":"product","link":"https:\/\/promis.ro\/ro\/produs\/large-telescopic-light-with-cob\/","title":{"rendered":"Large telescopic light with COB"},"content":{"rendered":"<p>Lampa de lucru perfect\u0103 pentru orice nevoie, aceast\u0103 lamp\u0103 de lucru LED magnetic\u0103 dubl\u0103 este excelent\u0103 pentru a fi ata\u0219at\u0103 de orice suprafa\u021b\u0103 metalic\u0103 pentru o iluminare optim\u0103. Aceast\u0103 lantern\u0103 din aluminiu v\u0103 permite s\u0103 se extind\u0103 de la dimensiunea sa normal\u0103 de 26 cm la 64 cm, permi\u021b\u00e2ndu-v\u0103 s\u0103 ridica\u021bi obiecte care sunt blocate \u00een locuri greu de v\u0103zut \u0219i accesat cu magnetul din fa\u021b\u0103. Aceast\u0103 lantern\u0103 este echipat\u0103 cu trei LED-uri de 10 l pentru o expunere extra str\u0103lucitoare \u00een spa\u021bii \u00eentunecate \u0219i lumin\u0103 COB de 80 de lumeni. C\u00e2nd capul tor\u021bei este extins, capul devine flexibil \u0219i poate fi ajustat \u00een orice direc\u021bie. Include baterii pentru utilizare direct\u0103.<\/p>","protected":false},"excerpt":{"rendered":"<p>Lampa de lucru perfect\u0103 pentru orice nevoie, aceast\u0103 lamp\u0103 de lucru LED magnetic\u0103 dubl\u0103 este excelent\u0103 pentru a fi ata\u0219at\u0103<\/p>","protected":false},"featured_media":168184,"comment_status":"open","ping_status":"closed","template":"","meta":[],"product_brand":[],"product_cat":[184],"product_tag":[],"class_list":{"0":"post-168187","1":"product","2":"type-product","3":"status-publish","4":"has-post-thumbnail","6":"product_cat-unelte-pentru-bricolaj-si-masini","8":"first","9":"instock","10":"shipping-taxable","11":"purchasable","12":"product-type-simple"},"_links":{"self":[{"href":"https:\/\/promis.ro\/ro\/wp-json\/wp\/v2\/product\/168187","targetHints":{"allow":["GET"]}}],"collection":[{"href":"https:\/\/promis.ro\/ro\/wp-json\/wp\/v2\/product"}],"about":[{"href":"https:\/\/promis.ro\/ro\/wp-json\/wp\/v2\/types\/product"}],"replies":[{"embeddable":true,"href":"https:\/\/promis.ro\/ro\/wp-json\/wp\/v2\/comments?post=168187"}],"version-history":[{"count":1,"href":"https:\/\/promis.ro\/ro\/wp-json\/wp\/v2\/product\/168187\/revisions"}],"predecessor-version":[{"id":173767,"href":"https:\/\/promis.ro\/ro\/wp-json\/wp\/v2\/product\/168187\/revisions\/173767"}],"wp:featuredmedia":[{"embeddable":true,"href":"https:\/\/promis.ro\/ro\/wp-json\/wp\/v2\/media\/168184"}],"wp:attachment":[{"href":"https:\/\/promis.ro\/ro\/wp-json\/wp\/v2\/media?parent=168187"}],"wp:term":[{"taxonomy":"product_brand","embeddable":true,"href":"https:\/\/promis.ro\/ro\/wp-json\/wp\/v2\/product_brand?post=168187"},{"taxonomy":"product_cat","embeddable":true,"href":"https:\/\/promis.ro\/ro\/wp-json\/wp\/v2\/product_cat?post=168187"},{"taxonomy":"product_tag","embeddable":true,"href":"https:\/\/promis.ro\/ro\/wp-json\/wp\/v2\/product_tag?post=168187"}],"curies":[{"name":"wp","href":"https:\/\/api.w.org\/{rel}","templated":true}]}}