{"id":168191,"date":"2025-11-12T04:40:46","date_gmt":"2025-11-12T04:40:46","guid":{"rendered":"https:\/\/promis.ro\/product\/gear-x-rcs-recycled-aluminium-usb-rechargeable-torch\/"},"modified":"2025-11-12T05:29:46","modified_gmt":"2025-11-12T05:29:46","slug":"gear-x-rcs-recycled-aluminium-usb-rechargeable-torch","status":"publish","type":"product","link":"https:\/\/promis.ro\/ro\/produs\/gear-x-rcs-recycled-aluminium-usb-rechargeable-torch\/","title":{"rendered":"Gear X RCS recycled aluminium USB-rechargeable torch"},"content":{"rendered":"<p>Func\u021bionalitate, performan\u021b\u0103 \u0219i design se reunesc \u00een aceast\u0103 lantern\u0103 re\u00eenc\u0103rcabil\u0103 de 3W, fabricat\u0103 din aluminiu reciclat certificat RCS. Con\u021binut total reciclat: 20% din greutatea total\u0103 a produsului. Certificarea RCS asigur\u0103 o lan\u021b de aprovizionare complet certificat al materialelor reciclate. Datorit\u0103 ratingului s\u0103u IP4, este rezistent la intemperii, astfel c\u0103 poate fi u\u0219or utilizat\u0103 \u00een exterior. Becul puternic produce p\u00e2n\u0103 la 100 de lumeni \u0219i un fascicul care ajunge p\u00e2n\u0103 la 100 de metri. Lanterna folose\u0219te o baterie re\u00eenc\u0103rcabil\u0103 de clas\u0103 A, astfel c\u0103 nu este nevoie s\u0103 \u00eenlocui\u021bi bateriile. Pur \u0219i simplu re\u00eenc\u0103rca\u021bi prin intermediul prizei USB \u0219i a cablului de tip C reciclat certificat RCS inclus. Becul de \u00eenalt\u0103 calitate vine cu 5 moduri, inclusiv func\u021bia SOS. Bateria de 500 mah permite o utilizare de p\u00e2n\u0103 la 4 ore cu o singur\u0103 \u00eenc\u0103rcare. Aluminiul nu \u00ee\u0219i pierde caracteristicile \u00een procesul de reciclare \u0219i poate fi reciclat la nesf\u00e2r\u0219it. Produsul \u0219i accesoriile sunt 100% f\u0103r\u0103 PVC. Ambalat \u00een ambalaje FSC mix.<\/p>","protected":false},"excerpt":{"rendered":"<p>Func\u021bionalitate, performan\u021b\u0103 \u0219i design se reunesc \u00een aceast\u0103 lantern\u0103 re\u00eenc\u0103rcabil\u0103 de 3W, fabricat\u0103 din aluminiu reciclat certificat RCS. Con\u021binut total<\/p>","protected":false},"featured_media":168188,"comment_status":"open","ping_status":"closed","template":"","meta":[],"product_brand":[],"product_cat":[184],"product_tag":[],"class_list":{"0":"post-168191","1":"product","2":"type-product","3":"status-publish","4":"has-post-thumbnail","6":"product_cat-unelte-pentru-bricolaj-si-masini","8":"first","9":"instock","10":"shipping-taxable","11":"purchasable","12":"product-type-simple"},"_links":{"self":[{"href":"https:\/\/promis.ro\/ro\/wp-json\/wp\/v2\/product\/168191","targetHints":{"allow":["GET"]}}],"collection":[{"href":"https:\/\/promis.ro\/ro\/wp-json\/wp\/v2\/product"}],"about":[{"href":"https:\/\/promis.ro\/ro\/wp-json\/wp\/v2\/types\/product"}],"replies":[{"embeddable":true,"href":"https:\/\/promis.ro\/ro\/wp-json\/wp\/v2\/comments?post=168191"}],"version-history":[{"count":1,"href":"https:\/\/promis.ro\/ro\/wp-json\/wp\/v2\/product\/168191\/revisions"}],"predecessor-version":[{"id":173772,"href":"https:\/\/promis.ro\/ro\/wp-json\/wp\/v2\/product\/168191\/revisions\/173772"}],"wp:featuredmedia":[{"embeddable":true,"href":"https:\/\/promis.ro\/ro\/wp-json\/wp\/v2\/media\/168188"}],"wp:attachment":[{"href":"https:\/\/promis.ro\/ro\/wp-json\/wp\/v2\/media?parent=168191"}],"wp:term":[{"taxonomy":"product_brand","embeddable":true,"href":"https:\/\/promis.ro\/ro\/wp-json\/wp\/v2\/product_brand?post=168191"},{"taxonomy":"product_cat","embeddable":true,"href":"https:\/\/promis.ro\/ro\/wp-json\/wp\/v2\/product_cat?post=168191"},{"taxonomy":"product_tag","embeddable":true,"href":"https:\/\/promis.ro\/ro\/wp-json\/wp\/v2\/product_tag?post=168191"}],"curies":[{"name":"wp","href":"https:\/\/api.w.org\/{rel}","templated":true}]}}