{"id":168785,"date":"2025-11-12T04:45:23","date_gmt":"2025-11-12T04:45:23","guid":{"rendered":"https:\/\/promis.ro\/product\/florida-sports-bag-pvc-free\/"},"modified":"2025-11-12T05:30:12","modified_gmt":"2025-11-12T05:30:12","slug":"florida-sports-bag-pvc-free","status":"publish","type":"product","link":"https:\/\/promis.ro\/ro\/produs\/florida-sports-bag-pvc-free\/","title":{"rendered":"Florida sports bag PVC free"},"content":{"rendered":"<p>600D ripstop, buzunar frontal cu fermoar cu organizatoare \u00een interior, buzunar lateral, buzunar pentru \u00eenc\u0103l\u021b\u0103minte, m\u00e2nere din band\u0103 \u0219i curea de um\u0103r, 4 picioare de sprijin pe baz\u0103, f\u0103r\u0103 PVC.<\/p>","protected":false},"excerpt":{"rendered":"<p>600D ripstop, buzunar frontal cu fermoar cu organizatoare \u00een interior, buzunar lateral, buzunar pentru \u00eenc\u0103l\u021b\u0103minte, m\u00e2nere din band\u0103 \u0219i curea<\/p>","protected":false},"featured_media":168782,"comment_status":"open","ping_status":"closed","template":"","meta":[],"product_brand":[],"product_cat":[178],"product_tag":[],"class_list":{"0":"post-168785","1":"product","2":"type-product","3":"status-publish","4":"has-post-thumbnail","6":"product_cat-calatorit","8":"first","9":"instock","10":"shipping-taxable","11":"purchasable","12":"product-type-simple"},"_links":{"self":[{"href":"https:\/\/promis.ro\/ro\/wp-json\/wp\/v2\/product\/168785","targetHints":{"allow":["GET"]}}],"collection":[{"href":"https:\/\/promis.ro\/ro\/wp-json\/wp\/v2\/product"}],"about":[{"href":"https:\/\/promis.ro\/ro\/wp-json\/wp\/v2\/types\/product"}],"replies":[{"embeddable":true,"href":"https:\/\/promis.ro\/ro\/wp-json\/wp\/v2\/comments?post=168785"}],"version-history":[{"count":1,"href":"https:\/\/promis.ro\/ro\/wp-json\/wp\/v2\/product\/168785\/revisions"}],"predecessor-version":[{"id":173821,"href":"https:\/\/promis.ro\/ro\/wp-json\/wp\/v2\/product\/168785\/revisions\/173821"}],"wp:featuredmedia":[{"embeddable":true,"href":"https:\/\/promis.ro\/ro\/wp-json\/wp\/v2\/media\/168782"}],"wp:attachment":[{"href":"https:\/\/promis.ro\/ro\/wp-json\/wp\/v2\/media?parent=168785"}],"wp:term":[{"taxonomy":"product_brand","embeddable":true,"href":"https:\/\/promis.ro\/ro\/wp-json\/wp\/v2\/product_brand?post=168785"},{"taxonomy":"product_cat","embeddable":true,"href":"https:\/\/promis.ro\/ro\/wp-json\/wp\/v2\/product_cat?post=168785"},{"taxonomy":"product_tag","embeddable":true,"href":"https:\/\/promis.ro\/ro\/wp-json\/wp\/v2\/product_tag?post=168785"}],"curies":[{"name":"wp","href":"https:\/\/api.w.org\/{rel}","templated":true}]}}