{"id":169604,"date":"2025-11-12T04:50:53","date_gmt":"2025-11-12T04:50:53","guid":{"rendered":"https:\/\/promis.ro\/product\/cooler-bag\/"},"modified":"2025-11-12T05:30:50","modified_gmt":"2025-11-12T05:30:50","slug":"cooler-bag","status":"publish","type":"product","link":"https:\/\/promis.ro\/ro\/produs\/cooler-bag\/","title":{"rendered":"Cooler bag"},"content":{"rendered":"<p>Indiferent dac\u0103 \u00eel iei la meci, la picnic sau la camping, exist\u0103 suficiente locuri pentru a stoca ceea ce ai nevoie pentru a se men\u021bine rece \u00een aceast\u0103 geant\u0103 frigorific\u0103 din poliester 210D. Spa\u021biu suficient pentru cele \u0219ase sticle \u0219i pr\u00e2nzul t\u0103u. F\u0103r\u0103 PVC.<\/p>","protected":false},"excerpt":{"rendered":"<p>Indiferent dac\u0103 \u00eel iei la meci, la picnic sau la camping, exist\u0103 suficiente locuri pentru a stoca ceea ce ai<\/p>","protected":false},"featured_media":169601,"comment_status":"open","ping_status":"closed","template":"","meta":[],"product_brand":[],"product_cat":[178],"product_tag":[],"class_list":{"0":"post-169604","1":"product","2":"type-product","3":"status-publish","4":"has-post-thumbnail","6":"product_cat-calatorit","8":"first","9":"instock","10":"shipping-taxable","11":"purchasable","12":"product-type-variable"},"_links":{"self":[{"href":"https:\/\/promis.ro\/ro\/wp-json\/wp\/v2\/product\/169604","targetHints":{"allow":["GET"]}}],"collection":[{"href":"https:\/\/promis.ro\/ro\/wp-json\/wp\/v2\/product"}],"about":[{"href":"https:\/\/promis.ro\/ro\/wp-json\/wp\/v2\/types\/product"}],"replies":[{"embeddable":true,"href":"https:\/\/promis.ro\/ro\/wp-json\/wp\/v2\/comments?post=169604"}],"version-history":[{"count":1,"href":"https:\/\/promis.ro\/ro\/wp-json\/wp\/v2\/product\/169604\/revisions"}],"predecessor-version":[{"id":173892,"href":"https:\/\/promis.ro\/ro\/wp-json\/wp\/v2\/product\/169604\/revisions\/173892"}],"wp:featuredmedia":[{"embeddable":true,"href":"https:\/\/promis.ro\/ro\/wp-json\/wp\/v2\/media\/169601"}],"wp:attachment":[{"href":"https:\/\/promis.ro\/ro\/wp-json\/wp\/v2\/media?parent=169604"}],"wp:term":[{"taxonomy":"product_brand","embeddable":true,"href":"https:\/\/promis.ro\/ro\/wp-json\/wp\/v2\/product_brand?post=169604"},{"taxonomy":"product_cat","embeddable":true,"href":"https:\/\/promis.ro\/ro\/wp-json\/wp\/v2\/product_cat?post=169604"},{"taxonomy":"product_tag","embeddable":true,"href":"https:\/\/promis.ro\/ro\/wp-json\/wp\/v2\/product_tag?post=169604"}],"curies":[{"name":"wp","href":"https:\/\/api.w.org\/{rel}","templated":true}]}}